{"id":8513,"date":"2025-09-12T08:05:10","date_gmt":"2025-09-12T08:05:10","guid":{"rendered":"https:\/\/www.retrobuddys.com\/?post_type=product&#038;p=8513"},"modified":"2026-02-08T16:01:30","modified_gmt":"2026-02-08T16:01:30","slug":"rtc72423-a-sop-24-nos-kopie","status":"publish","type":"product","link":"https:\/\/www.retrobuddys.com\/fr\/shop\/composants-socles-et-elements-de-construction\/rtc72423-a-sop-24-nos-kopie\/","title":{"rendered":"RTC62423-A SOP-24 NOS"},"content":{"rendered":"<p>RTC62423-A<\/p>\n<ul>\n<li>SOP-24 (SMD) \/ 24-SOIC<\/li>\n<li>NOS (\u00ab\u00a0New old stock\u00a0\u00bb) - Neuf et dans son emballage d&rsquo;origine sur Reel<\/li>\n<li>variante \u00ab\u00a0A\u00a0\u00bb de haute qualit\u00e9<\/li>\n<li>est utilis\u00e9 dans nos extensions de m\u00e9moire avec RTC<\/li>\n<\/ul>\n","protected":false},"excerpt":{"rendered":"<p>RTC62423-A SOP-24 (SMD) \/ 24-SOIC NOS (\u00ab\u00a0New old stock\u00a0\u00bb) - Neuf et dans son emballage d&rsquo;origine sur Reel variante \u00ab\u00a0A\u00a0\u00bb de haute qualit\u00e9 est utilis\u00e9 dans nos extensions de m\u00e9moire avec RTC<\/p>\n","protected":false},"featured_media":8257,"template":"","meta":[],"product_brand":[],"product_cat":[420],"product_tag":[598,754],"class_list":{"0":"post-8513","1":"product","2":"type-product","3":"status-publish","4":"has-post-thumbnail","6":"product_cat-composants-socles-et-elements-de-construction","7":"product_tag-rtc-fr","8":"product_tag-rtc62423-fr","9":"product_shipping_class-maxi-lettre","11":"first","12":"instock","13":"taxable","14":"shipping-taxable","15":"purchasable","16":"product-type-simple"},"origins":[],"jetpack_sharing_enabled":true,"_links":{"self":[{"href":"https:\/\/www.retrobuddys.com\/fr\/wp-json\/wp\/v2\/product\/8513","targetHints":{"allow":["GET"]}}],"collection":[{"href":"https:\/\/www.retrobuddys.com\/fr\/wp-json\/wp\/v2\/product"}],"about":[{"href":"https:\/\/www.retrobuddys.com\/fr\/wp-json\/wp\/v2\/types\/product"}],"wp:featuredmedia":[{"embeddable":true,"href":"https:\/\/www.retrobuddys.com\/fr\/wp-json\/wp\/v2\/media\/8257"}],"wp:attachment":[{"href":"https:\/\/www.retrobuddys.com\/fr\/wp-json\/wp\/v2\/media?parent=8513"}],"wp:term":[{"taxonomy":"product_brand","embeddable":true,"href":"https:\/\/www.retrobuddys.com\/fr\/wp-json\/wp\/v2\/product_brand?post=8513"},{"taxonomy":"product_cat","embeddable":true,"href":"https:\/\/www.retrobuddys.com\/fr\/wp-json\/wp\/v2\/product_cat?post=8513"},{"taxonomy":"product_tag","embeddable":true,"href":"https:\/\/www.retrobuddys.com\/fr\/wp-json\/wp\/v2\/product_tag?post=8513"}],"curies":[{"name":"wp","href":"https:\/\/api.w.org\/{rel}","templated":true}]}}