{"id":8503,"date":"2025-09-12T07:53:20","date_gmt":"2025-09-12T07:53:20","guid":{"rendered":"https:\/\/www.retrobuddys.com\/shop\/non class\u00e9\/v53c16258hk35-soj-40-256k-x-16-nos\/"},"modified":"2025-09-12T07:53:20","modified_gmt":"2025-09-12T07:53:20","slug":"v53c16258hk35-soj-40-256k-x-16-nos","status":"publish","type":"product","link":"https:\/\/www.retrobuddys.com\/fr\/shop\/composants-socles-et-elements-de-construction\/v53c16258hk35-soj-40-256k-x-16-nos\/","title":{"rendered":"V53C16258HK35 SOJ-40 256k x 16 NOS"},"content":{"rendered":"<p>V53C16258HK35 SOJ-40<\/p>\n<ul>\n<li>RAM dynamique haute performance 256k x 16 EDO Page Mode CMOS<\/li>\n<li>Moselle Vitelic<\/li>\n<li>SOJ-40<\/li>\n<li>NOS (\u00ab\u00a0New Old Stock\u00a0\u00bb) sur la section Reel<\/li>\n<li>256K x 16-bit organization<\/li>\n<li>Mode Page EDO pour un d\u00e9bit de donn\u00e9es soutenu de 100 MHz<\/li>\n<li>Temps d&rsquo;acc\u00e8s RAS : 35ns<\/li>\n<li>Alimentation \u00e9lectrique simple +5V \u00b110<\/li>\n<\/ul>\n","protected":false},"excerpt":{"rendered":"<p>V53C16258HK35 SOJ-40 RAM dynamique haute performance 256k x 16 EDO Page Mode CMOS Moselle Vitelic SOJ-40 NOS (\u00ab\u00a0New Old Stock\u00a0\u00bb) sur la section Reel 256K x 16-bit organization Mode Page EDO pour un d\u00e9bit de donn\u00e9es soutenu de 100 MHz Temps d&rsquo;acc\u00e8s RAS : 35ns Alimentation \u00e9lectrique simple +5V \u00b110<\/p>\n","protected":false},"featured_media":8498,"template":"","meta":[],"product_brand":[],"product_cat":[420,281],"product_tag":[283,729],"class_list":{"0":"post-8503","1":"product","2":"type-product","3":"status-publish","4":"has-post-thumbnail","6":"product_cat-composants-socles-et-elements-de-construction","7":"product_cat-memoire-cles-memoire","8":"product_tag-ram-fr","9":"product_tag-soj40-fr","10":"product_shipping_class-maxi-lettre","12":"first","13":"instock","14":"taxable","15":"shipping-taxable","16":"purchasable","17":"product-type-simple"},"origins":[],"jetpack_sharing_enabled":true,"_links":{"self":[{"href":"https:\/\/www.retrobuddys.com\/fr\/wp-json\/wp\/v2\/product\/8503","targetHints":{"allow":["GET"]}}],"collection":[{"href":"https:\/\/www.retrobuddys.com\/fr\/wp-json\/wp\/v2\/product"}],"about":[{"href":"https:\/\/www.retrobuddys.com\/fr\/wp-json\/wp\/v2\/types\/product"}],"wp:featuredmedia":[{"embeddable":true,"href":"https:\/\/www.retrobuddys.com\/fr\/wp-json\/wp\/v2\/media\/8498"}],"wp:attachment":[{"href":"https:\/\/www.retrobuddys.com\/fr\/wp-json\/wp\/v2\/media?parent=8503"}],"wp:term":[{"taxonomy":"product_brand","embeddable":true,"href":"https:\/\/www.retrobuddys.com\/fr\/wp-json\/wp\/v2\/product_brand?post=8503"},{"taxonomy":"product_cat","embeddable":true,"href":"https:\/\/www.retrobuddys.com\/fr\/wp-json\/wp\/v2\/product_cat?post=8503"},{"taxonomy":"product_tag","embeddable":true,"href":"https:\/\/www.retrobuddys.com\/fr\/wp-json\/wp\/v2\/product_tag?post=8503"}],"curies":[{"name":"wp","href":"https:\/\/api.w.org\/{rel}","templated":true}]}}