{"id":8181,"date":"2025-09-11T19:25:08","date_gmt":"2025-09-11T19:25:08","guid":{"rendered":"https:\/\/www.retrobuddys.com\/?post_type=product&#038;p=8181"},"modified":"2026-02-08T16:01:26","modified_gmt":"2026-02-08T16:01:26","slug":"gottagofast-2000-8mb-fastram-pour-amiga-2000-zorro-slot-branches-nouvelles-kopie","status":"publish","type":"product","link":"https:\/\/www.retrobuddys.com\/fr\/shop\/mods-hw-amiga\/amiga-2000-fr\/gottagofast-2000-8mb-fastram-pour-amiga-2000-zorro-slot-branches-nouvelles-kopie\/","title":{"rendered":"Contr\u00f4leur Ripple-IDE Zorro II Amiga2000\/3000\/4000"},"content":{"rendered":"<h3><strong>Contr\u00f4leur Ripple-IDE pour slot Zorro II Amiga 2000\/3000\/4000<\/strong><\/h3>\n<p>C&rsquo;est l&rsquo;un des contr\u00f4leurs Zorro II Slot IDE les plus avanc\u00e9s pour Amiga 2000\/3000\/4000.<\/p>\n<p>Avec le m\u00eame disque dur\/la m\u00eame carte CF, le transfert de donn\u00e9es est 80% plus rapide par rapport \u00e0 une carte TerribleFire.<\/p>\n<p>Caract\u00e9ristiques :<\/p>\n<ul>\n<li>2 ports IDE<\/li>\n<li>Connecteur LED pour HDD LED dans le bo\u00eetier<\/li>\n<li>2 cavaliers pour l&rsquo;alimentation de +5V sur la broche 20 pour les modules CompactFlash\/IDE DOM<\/li>\n<li>Autobot<\/li>\n<li>Fonctionne \u00e0 partir de Kickstart 1.3<\/li>\n<li>Supporte des disques jusqu&rsquo;\u00e0 2TB (avec un syst\u00e8me de fichiers appropri\u00e9 !)<\/li>\n<li>Supporte les lecteurs ATAPI comme les CD\/DVD-Roms, les disques Zip, etc. y compris le d\u00e9marrage<\/li>\n<li>Peut d\u00e9marrer \u00e0 partir d&rsquo;un CD (CDFileSystem ou BootCDFileSystem doit \u00eatre install\u00e9)<\/li>\n<li>Mise \u00e0 jour simple de la ROM via l&rsquo;outil Shell<\/li>\n<li>lide.device Pilote directement depuis votre propre ROM<\/li>\n<li>Support SCSI Direct, NSD et TD64<\/li>\n<\/ul>\n<p>Contenu de la livraison :<\/p>\n<ul>\n<li>Contr\u00f4leur Ripple IDE<\/li>\n<li>courtes instructions d&rsquo;installation<\/li>\n<\/ul>\n<p>En option :<\/p>\n<ul>\n<li>Disque dur Wester Digital Caviar 160GB ATA, 7200 tr\/min, 2MB Cache, 3.5&Prime; (neuf), c\u00e2ble IDE 30cm<\/li>\n<li>Disque dur SATA Seagate Barracuda 160GB avec adaptateur, 7200 tr\/min, 8MB de cache, 3.5&Prime; (neuf), c\u00e2ble IDE 30cm<\/li>\n<li>Carte CF 4 Go, adaptateur de slot pour le changement externe du disque dur, c\u00e2ble IDE 30 cm<\/li>\n<li>Plug &amp; Play avec disque dur\/carte CF partitionn\u00e9 et format\u00e9 et installation d&rsquo;AmigaOS 3.2.3 (3 partitions, WB323 avec 1-4GB, jeux (50%), travail (50%)) - si d&rsquo;autres partitions sont souhait\u00e9es, merci de le pr\u00e9ciser<\/li>\n<li>Licence AmigaOS 3.2 + Kickstart Rom pour Amiga 2000<\/li>\n<\/ul>\n<p>La carte fonctionne \u00e0 partir de Kickstart 1.3 et se compl\u00e8te avec une carte TerribleFire et PiStorm.<\/p>\n<p>La carte est recouverte d&rsquo;une couche d&rsquo;or \u00ab\u00a01U\u00a0\u00bb pour une plus grande long\u00e9vit\u00e9.<\/p>\n<p>Pour les partitions et les disques de &gt; 4 Go, un syst\u00e8me de fichiers supportant TD64, NSD ou SCSI Direct est n\u00e9cessaire. Dans AmigaOS 3.2, le FFS est impl\u00e9ment\u00e9 et fonctionne tr\u00e8s bien. Celui d&rsquo;AmigaOS3.1 ne fonctionne pas ! Sinon, vous pouvez utiliser PFS3, SFS ou FFSTD64 comme syst\u00e8me de fichiers.   <\/p>\n<p>Les disques durs que nous proposons dans le kit sont neufs et dans leur emballage d&rsquo;origine - bien que produits entre 2007 et 2011.<\/p>\n<p>L&rsquo;extension m\u00e9moire est un \u00ab\u00a0mat\u00e9riel open source\u00a0\u00bb et a \u00e9t\u00e9 d\u00e9velopp\u00e9e par Matt Harlum \/ LIV2.<br \/>\nLes d\u00e9tails du projet sont disponibles sur <a href=\"https:\/\/github.com\/LIV2\/RIPPLE-IDE\" target=\"_blank\" rel=\"noopener\">https:\/\/github.com\/LIV2\/RIPPLE-IDE<\/a> et <a href=\"https:\/\/github.com\/LIV2\/lide.device\/\" target=\"_blank\" rel=\"noopener\">https:\/\/github.com\/LIV2\/lide.device\/<\/a>.<\/p>\n<p>&nbsp;<\/p>\n","protected":false},"excerpt":{"rendered":"<h3><strong>Contr\u00f4leur Ripple-IDE pour slot Zorro II Amiga 2000\/3000\/4000<\/strong><\/h3>\n<p>C&rsquo;est l&rsquo;un des contr\u00f4leurs Zorro II Slot IDE les plus avanc\u00e9s pour Amiga 2000\/3000\/4000.<\/p>\n","protected":false},"featured_media":8357,"template":"","meta":[],"product_brand":[],"product_cat":[220,734,398,217],"product_tag":[743,787,788],"class_list":{"0":"post-8181","1":"product","2":"type-product","3":"status-publish","4":"has-post-thumbnail","6":"product_cat-amiga-2000-fr","7":"product_cat-disquette-ide-et-disque-dur","8":"product_cat-extension-de-la-memoire","9":"product_cat-mods-hw-amiga","10":"product_tag-ide-fr","11":"product_tag-ripple-fr","12":"product_tag-zorro-fr","13":"product_shipping_class-dhl-fr","15":"first","16":"instock","17":"taxable","18":"shipping-taxable","19":"purchasable","20":"product-type-variable","21":"has-default-attributes"},"origins":[],"jetpack_sharing_enabled":true,"_links":{"self":[{"href":"https:\/\/www.retrobuddys.com\/fr\/wp-json\/wp\/v2\/product\/8181","targetHints":{"allow":["GET"]}}],"collection":[{"href":"https:\/\/www.retrobuddys.com\/fr\/wp-json\/wp\/v2\/product"}],"about":[{"href":"https:\/\/www.retrobuddys.com\/fr\/wp-json\/wp\/v2\/types\/product"}],"wp:featuredmedia":[{"embeddable":true,"href":"https:\/\/www.retrobuddys.com\/fr\/wp-json\/wp\/v2\/media\/8357"}],"wp:attachment":[{"href":"https:\/\/www.retrobuddys.com\/fr\/wp-json\/wp\/v2\/media?parent=8181"}],"wp:term":[{"taxonomy":"product_brand","embeddable":true,"href":"https:\/\/www.retrobuddys.com\/fr\/wp-json\/wp\/v2\/product_brand?post=8181"},{"taxonomy":"product_cat","embeddable":true,"href":"https:\/\/www.retrobuddys.com\/fr\/wp-json\/wp\/v2\/product_cat?post=8181"},{"taxonomy":"product_tag","embeddable":true,"href":"https:\/\/www.retrobuddys.com\/fr\/wp-json\/wp\/v2\/product_tag?post=8181"}],"curies":[{"name":"wp","href":"https:\/\/api.w.org\/{rel}","templated":true}]}}