{"id":8111,"date":"2025-08-28T18:26:50","date_gmt":"2025-08-28T18:26:50","guid":{"rendered":"https:\/\/www.retrobuddys.com\/shop\/non%20class\u00e9\/gottagofast-2000-8mb-fastram-pour-amiga-2000-zorro-slot-branches-nouvelles\/"},"modified":"2026-02-08T16:01:15","modified_gmt":"2026-02-08T16:01:15","slug":"gottagofast-2000-8mb-fastram-pour-amiga-2000-zorro-slot-branches-nouvelles","status":"publish","type":"product","link":"https:\/\/www.retrobuddys.com\/fr\/shop\/mods-hw-amiga\/amiga-2000-fr\/gottagofast-2000-8mb-fastram-pour-amiga-2000-zorro-slot-branches-nouvelles\/","title":{"rendered":"GottaGoFast 2000 8MB FastRam pour Amiga 2000 Zorro Slot *BRANCHES NOUVELLES*."},"content":{"rendered":"<h3><strong>GottaGoFast 2000 Extension de m\u00e9moire 8MB FastRam pour Amiga 2000<\/strong><\/h3>\n<p>L&rsquo;Amiga doit \u00eatre viss\u00e9 pour l&rsquo;installation et la carte m\u00e9moire doit \u00eatre ins\u00e9r\u00e9e dans un slot II Zorro. Elle ne n\u00e9cessite aucun pilote et est une carte d&rsquo;autoconfiguration. <\/p>\n<p>Il est possible de d\u00e9sactiver 4MB si des cartes plus anciennes ne sont pas compatibles ou utilisent les m\u00eames zones. La carte s&rsquo;auto-configure \u00e0 l&rsquo;allumage de 8MB =&gt; 4MB =&gt; 2MB =&gt; 1MB.<br \/>\nSi n\u00e9cessaire, un autre firmware utilisant seulement 6MB peut \u00eatre install\u00e9 (comme les cartes de pont).<br \/>\nPour installer le firmware, un c\u00e2ble de plate-forme Xilnx (ou un Raspi avec le logiciel appropri\u00e9 et une carte de sortie) est n\u00e9cessaire. <\/p>\n<p>Si vous souhaitez que le firmware de 6MB soit install\u00e9 d&rsquo;origine, veuillez l&rsquo;indiquer lors de votre commande !<\/p>\n<p>La carte fonctionne \u00e0 partir de Kickstart 1.3 et se compl\u00e8te avec une carte TerribleFire.<\/p>\n<p>La carte est recouverte d&rsquo;une couche d&rsquo;or \u00ab\u00a01U\u00a0\u00bb pour une plus grande long\u00e9vit\u00e9.<\/p>\n<p>L&rsquo;extension de m\u00e9moire est un \u00ab\u00a0mat\u00e9riel open source\u00a0\u00bb d\u00e9velopp\u00e9 par Matt Harlum \/ LIV2. Matt a renonc\u00e9 \u00e0 ses droits de licence en faveur d&rsquo;un don \u00e0 M\u00e9decins sans fronti\u00e8res.<br \/>\nLes d\u00e9tails du projet sont disponibles sur <a href=\"https:\/\/github.com\/LIV2\/GottaGoFastRAM2000\" target=\"_blank\" rel=\"noopener\">https:\/\/github.com\/LIV2\/GottaGoFastRAM2000<\/a>. <\/p>\n<p>&nbsp;<\/p>\n","protected":false},"excerpt":{"rendered":"<h3><strong>GottaGoFast 2000 Extension de m\u00e9moire 8MB FastRam pour Amiga 2000<\/strong><\/h3>\n","protected":false},"featured_media":8100,"template":"","meta":[],"product_brand":[],"product_cat":[220,398,217],"product_tag":[],"class_list":{"0":"post-8111","1":"product","2":"type-product","3":"status-publish","4":"has-post-thumbnail","6":"product_cat-amiga-2000-fr","7":"product_cat-extension-de-la-memoire","8":"product_cat-mods-hw-amiga","9":"product_shipping_class-dhl-fr","11":"first","12":"instock","13":"taxable","14":"shipping-taxable","15":"purchasable","16":"product-type-simple"},"jetpack_sharing_enabled":true,"_links":{"self":[{"href":"https:\/\/www.retrobuddys.com\/fr\/wp-json\/wp\/v2\/product\/8111","targetHints":{"allow":["GET"]}}],"collection":[{"href":"https:\/\/www.retrobuddys.com\/fr\/wp-json\/wp\/v2\/product"}],"about":[{"href":"https:\/\/www.retrobuddys.com\/fr\/wp-json\/wp\/v2\/types\/product"}],"wp:featuredmedia":[{"embeddable":true,"href":"https:\/\/www.retrobuddys.com\/fr\/wp-json\/wp\/v2\/media\/8100"}],"wp:attachment":[{"href":"https:\/\/www.retrobuddys.com\/fr\/wp-json\/wp\/v2\/media?parent=8111"}],"wp:term":[{"taxonomy":"product_brand","embeddable":true,"href":"https:\/\/www.retrobuddys.com\/fr\/wp-json\/wp\/v2\/product_brand?post=8111"},{"taxonomy":"product_cat","embeddable":true,"href":"https:\/\/www.retrobuddys.com\/fr\/wp-json\/wp\/v2\/product_cat?post=8111"},{"taxonomy":"product_tag","embeddable":true,"href":"https:\/\/www.retrobuddys.com\/fr\/wp-json\/wp\/v2\/product_tag?post=8111"}],"curies":[{"name":"wp","href":"https:\/\/api.w.org\/{rel}","templated":true}]}}