{"id":8027,"date":"2025-06-14T09:26:24","date_gmt":"2025-06-14T09:26:24","guid":{"rendered":"https:\/\/www.retrobuddys.com\/shop\/non class\u00e9\/amiga-2000-5-25-kit-de-conversion-fichier-dimpression-pour-imprimante-3d-stl\/"},"modified":"2025-06-14T09:26:24","modified_gmt":"2025-06-14T09:26:24","slug":"amiga-2000-5-25-kit-de-conversion-fichier-dimpression-pour-imprimante-3d-stl","status":"publish","type":"product","link":"https:\/\/www.retrobuddys.com\/fr\/shop\/mods-hw-amiga\/amiga-2000-fr\/amiga-2000-5-25-kit-de-conversion-fichier-dimpression-pour-imprimante-3d-stl\/","title":{"rendered":"Amiga 2000 5.25&Prime; kit de conversion Fichier d&rsquo;impression pour imprimante 3D (.STL)"},"content":{"rendered":"<div class=\"creation-page__tab-section\">\n<h2 class=\"t1\">Description du mod\u00e8le 3D<\/h2>\n<div class=\"rich link-container--strong\">\n<p>Amiga 2000 5.25\u2033 Kit de conversion 3D Print Frame pour installation interne<\/p>\n<p>Il s&rsquo;agit d&rsquo;un kit de conversion pour un lecteur Gotek original flambant neuf avec encodeur rotatif et \u00e9cran OLED.<br \/>\nAucune vis suppl\u00e9mentaire n&rsquo;est n\u00e9cessaire.<\/p>\n<\/div>\n<\/div>\n<div class=\"creation-page__tab-section\">\n<h2 class=\"t1\">Param\u00e8tres d&rsquo;impression 3D<\/h2>\n<div class=\"rich link-container--strong\">\n<p>Dans le slicer Prusa :<br \/>\nS\u00e9lectionner le profil standard \u00ab\u00a00,20mm Speed\u00a0\u00bb avec 15% d&rsquo;intercalaire, supports sur le lit d&rsquo;impression. Attention : les supports sont tr\u00e8s volumineux et doivent \u00eatre retir\u00e9s avec pr\u00e9caution apr\u00e8s l&rsquo;impression.<br \/>\nPLA <\/p>\n<\/div>\n<h2>Filament<\/h2>\n<p>Dusty Brown de FilamentPM convient tr\u00e8s bien \u00e0 de nombreux Amiga2000 =&gt; <a href=\"https:\/\/shop.filament-pm.com\/pla-army-edition-dusty-brown-1-75-mm-1-kg\/p274\" target=\"_blank\" rel=\"noopener\">https:\/\/shop.filament-pm.com\/pla-army-edition-dusty-brown-1-75-mm-1-kg\/p274<\/a><\/p>\n<p>Il s&rsquo;agit d&rsquo;un fichier STL qui ne peut pas \u00eatre retourn\u00e9 apr\u00e8s avoir \u00e9t\u00e9 achet\u00e9 et t\u00e9l\u00e9charg\u00e9.<\/p>\n<\/div>\n","protected":false},"excerpt":{"rendered":"<p>Description du mod\u00e8le 3D Amiga 2000 5.25\u2033 Kit de conversion 3D Print Frame pour installation interne Il s&rsquo;agit d&rsquo;un kit de conversion pour un lecteur Gotek original flambant neuf avec encodeur rotatif et \u00e9cran OLED. Aucune vis suppl\u00e9mentaire n&rsquo;est n\u00e9cessaire. Param\u00e8tres d&rsquo;impression 3D Dans le slicer Prusa : S\u00e9lectionner le profil standard \u00ab\u00a00,20mm Speed\u00a0\u00bb avec [&#8230;]\n","protected":false},"featured_media":7735,"template":"","meta":[],"product_brand":[],"product_cat":[220,219,714,217],"product_tag":[352,716,715],"class_list":{"0":"post-8027","1":"product","2":"type-product","3":"status-publish","4":"has-post-thumbnail","6":"product_cat-amiga-2000-fr","7":"product_cat-gotek-fr","8":"product_cat-impression-3d","9":"product_cat-mods-hw-amiga","10":"product_tag-amiga-2000-fr","11":"product_tag-impression-3d","12":"product_tag-stl-fr","14":"first","15":"instock","16":"downloadable","17":"virtual","18":"taxable","19":"purchasable","20":"product-type-simple"},"jetpack_sharing_enabled":true,"_links":{"self":[{"href":"https:\/\/www.retrobuddys.com\/fr\/wp-json\/wp\/v2\/product\/8027","targetHints":{"allow":["GET"]}}],"collection":[{"href":"https:\/\/www.retrobuddys.com\/fr\/wp-json\/wp\/v2\/product"}],"about":[{"href":"https:\/\/www.retrobuddys.com\/fr\/wp-json\/wp\/v2\/types\/product"}],"wp:featuredmedia":[{"embeddable":true,"href":"https:\/\/www.retrobuddys.com\/fr\/wp-json\/wp\/v2\/media\/7735"}],"wp:attachment":[{"href":"https:\/\/www.retrobuddys.com\/fr\/wp-json\/wp\/v2\/media?parent=8027"}],"wp:term":[{"taxonomy":"product_brand","embeddable":true,"href":"https:\/\/www.retrobuddys.com\/fr\/wp-json\/wp\/v2\/product_brand?post=8027"},{"taxonomy":"product_cat","embeddable":true,"href":"https:\/\/www.retrobuddys.com\/fr\/wp-json\/wp\/v2\/product_cat?post=8027"},{"taxonomy":"product_tag","embeddable":true,"href":"https:\/\/www.retrobuddys.com\/fr\/wp-json\/wp\/v2\/product_tag?post=8027"}],"curies":[{"name":"wp","href":"https:\/\/api.w.org\/{rel}","templated":true}]}}