{"id":7899,"date":"2025-07-17T08:11:05","date_gmt":"2025-07-17T08:11:05","guid":{"rendered":"https:\/\/www.retrobuddys.com\/?post_type=product&#038;p=7899"},"modified":"2025-07-17T08:33:38","modified_gmt":"2025-07-17T08:33:38","slug":"68000-socle-cpu-mill-max-kopie-2","status":"publish","type":"product","link":"https:\/\/www.retrobuddys.com\/fr\/shop\/composants-socles-et-elements-de-construction\/68000-socle-cpu-mill-max-kopie-2\/","title":{"rendered":"Machine Pin Socket 40-48Pin AdamTech"},"content":{"rendered":"<p>Socle Machine Pin, broches tourn\u00e9es de haute qualit\u00e9<\/p>\n<p>AdamTech, 2&#215;24, 2.54mm pitch, DIP 0,6&Prime; (15,24mm) - Gary + Denise + Paula Chip<br \/>\nAdamTech, 2&#215;21, 2.54mm pitch, DIP 0,6&Prime; (15,24mm) - Kickstart A1200<br \/>\nAdamTech, 2&#215;20, 2.54mm pitch, DIP 0,6&Prime; (15,24mm) - Kickstart, CIA<\/p>\n<p>En remplacement du culot original, RoHS compliant.<\/p>\n<p>Toujours disponible dans les quantit\u00e9s habituelles pour les m\u00e9nages. Pour 10+, les d\u00e9lais de livraison peuvent \u00eatre courts. <\/p>\n<p><a href=\"https:\/\/app.adam-tech.com\/products\/download\/data_sheet\/203378\/icm-6xx-1-gt-ht-data-sheet.pdf\" target=\"_blank\" rel=\"noopener\">https:\/\/app.adam-tech.com\/products\/download\/data_sheet\/203378\/icm-6xx-1-gt-ht-data-sheet.pdf<\/a><\/p>\n","protected":false},"excerpt":{"rendered":"<p>Socle Machine Pin, broches tourn\u00e9es de haute qualit\u00e9 AdamTech, 2&#215;24, 2.54mm pitch, DIP 0,6&Prime; (15,24mm) - Gary + Denise + Paula Chip AdamTech, 2&#215;21, 2.54mm pitch, DIP 0,6&Prime; (15,24mm) - Kickstart A1200 AdamTech, 2&#215;20, 2.54mm pitch, DIP 0,6&Prime; (15,24mm) - Kickstart, CIA En remplacement du culot original, RoHS compliant. Toujours disponible dans les quantit\u00e9s habituelles [&#8230;]\n","protected":false},"featured_media":7904,"template":"","meta":[],"product_brand":[],"product_cat":[420],"product_tag":[421,422],"class_list":{"0":"post-7899","1":"product","2":"type-product","3":"status-publish","4":"has-post-thumbnail","6":"product_cat-composants-socles-et-elements-de-construction","7":"product_tag-68000-fr","8":"product_tag-socle-du-processeur","9":"product_shipping_class-maxi-lettre","11":"first","12":"instock","13":"taxable","14":"shipping-taxable","15":"purchasable","16":"product-type-variable"},"jetpack_sharing_enabled":true,"_links":{"self":[{"href":"https:\/\/www.retrobuddys.com\/fr\/wp-json\/wp\/v2\/product\/7899","targetHints":{"allow":["GET"]}}],"collection":[{"href":"https:\/\/www.retrobuddys.com\/fr\/wp-json\/wp\/v2\/product"}],"about":[{"href":"https:\/\/www.retrobuddys.com\/fr\/wp-json\/wp\/v2\/types\/product"}],"wp:featuredmedia":[{"embeddable":true,"href":"https:\/\/www.retrobuddys.com\/fr\/wp-json\/wp\/v2\/media\/7904"}],"wp:attachment":[{"href":"https:\/\/www.retrobuddys.com\/fr\/wp-json\/wp\/v2\/media?parent=7899"}],"wp:term":[{"taxonomy":"product_brand","embeddable":true,"href":"https:\/\/www.retrobuddys.com\/fr\/wp-json\/wp\/v2\/product_brand?post=7899"},{"taxonomy":"product_cat","embeddable":true,"href":"https:\/\/www.retrobuddys.com\/fr\/wp-json\/wp\/v2\/product_cat?post=7899"},{"taxonomy":"product_tag","embeddable":true,"href":"https:\/\/www.retrobuddys.com\/fr\/wp-json\/wp\/v2\/product_tag?post=7899"}],"curies":[{"name":"wp","href":"https:\/\/api.w.org\/{rel}","templated":true}]}}