{"id":7773,"date":"2025-06-13T09:04:12","date_gmt":"2025-06-13T09:04:12","guid":{"rendered":"https:\/\/www.retrobuddys.com\/?post_type=product&#038;p=7773"},"modified":"2026-02-08T16:01:10","modified_gmt":"2026-02-08T16:01:10","slug":"amiga-2000-interne-gotek-35-3d-frame-kopie","status":"publish","type":"product","link":"https:\/\/www.retrobuddys.com\/fr\/shop\/mods-hw-amiga\/amiga-2000-fr\/amiga-2000-interne-gotek-35-3d-frame-kopie\/","title":{"rendered":"Amiga 2000 interne Gotek 3,5&Prime; 3D kit de conversion"},"content":{"rendered":"<p><strong>Amiga 2000 lecteur interne Gotek 3,5&Prime; 3D Frame kit de conversion<\/strong><\/p>\n<p>6 couleurs diff\u00e9rentes 3,5<\/p>\n<p><strong>Contenu de la livraison :<\/strong><\/p>\n<ul>\n<li>Amiga 2000 3.5&Prime; 3D Print Frame Kit de conversion pour installation interne<\/li>\n<li>Kit de conversion =&gt; Le lecteur original Gotek peut \u00eatre install\u00e9 ici avec un encodeur rotatif et un \u00e9cran OLED. Aucune vis suppl\u00e9mentaire n&rsquo;est n\u00e9cessaire. <\/li>\n<li>Le lecteur Gotek n&rsquo;est *pas* inclus !<\/li>\n<\/ul>\n<p>&nbsp;<\/p>\n","protected":false},"excerpt":{"rendered":"<p>Amiga Gotek lecteur de disquette \u00e9mulateur USB noir Amiga 500\/500+\/600\/1<wbr><\/wbr>200\/2000<\/p>\n","protected":false},"featured_media":7705,"template":"","meta":[],"product_brand":[],"product_cat":[220,219,714,217],"product_tag":[225,226],"class_list":{"0":"post-7773","1":"product","2":"type-product","3":"status-publish","4":"has-post-thumbnail","6":"product_cat-amiga-2000-fr","7":"product_cat-gotek-fr","8":"product_cat-impression-3d","9":"product_cat-mods-hw-amiga","10":"product_tag-amiga-fr","11":"product_tag-gotek-fr","12":"product_shipping_class-maxi-lettre","14":"first","15":"instock","16":"taxable","17":"shipping-taxable","18":"purchasable","19":"product-type-variable","20":"has-default-attributes"},"origins":[],"jetpack_sharing_enabled":true,"_links":{"self":[{"href":"https:\/\/www.retrobuddys.com\/fr\/wp-json\/wp\/v2\/product\/7773","targetHints":{"allow":["GET"]}}],"collection":[{"href":"https:\/\/www.retrobuddys.com\/fr\/wp-json\/wp\/v2\/product"}],"about":[{"href":"https:\/\/www.retrobuddys.com\/fr\/wp-json\/wp\/v2\/types\/product"}],"wp:featuredmedia":[{"embeddable":true,"href":"https:\/\/www.retrobuddys.com\/fr\/wp-json\/wp\/v2\/media\/7705"}],"wp:attachment":[{"href":"https:\/\/www.retrobuddys.com\/fr\/wp-json\/wp\/v2\/media?parent=7773"}],"wp:term":[{"taxonomy":"product_brand","embeddable":true,"href":"https:\/\/www.retrobuddys.com\/fr\/wp-json\/wp\/v2\/product_brand?post=7773"},{"taxonomy":"product_cat","embeddable":true,"href":"https:\/\/www.retrobuddys.com\/fr\/wp-json\/wp\/v2\/product_cat?post=7773"},{"taxonomy":"product_tag","embeddable":true,"href":"https:\/\/www.retrobuddys.com\/fr\/wp-json\/wp\/v2\/product_tag?post=7773"}],"curies":[{"name":"wp","href":"https:\/\/api.w.org\/{rel}","templated":true}]}}