{"id":7641,"date":"2025-06-01T10:43:32","date_gmt":"2025-06-01T10:43:32","guid":{"rendered":"https:\/\/www.retrobuddys.com\/?post_type=product&#038;p=7641"},"modified":"2025-06-02T20:11:49","modified_gmt":"2025-06-02T20:11:49","slug":"kickstart-3-2-2-roms-hilow-amiga-1200-kopie-kopie","status":"publish","type":"product","link":"https:\/\/www.retrobuddys.com\/fr\/shop\/mods-hw-amiga\/amiga-1200-fr\/kickstart-3-2-2-roms-hilow-amiga-1200-kopie-kopie\/","title":{"rendered":"Kickstart 3.2.2 Roms (Hi+Low) Amiga 1200 (Kopie) (Kopie)"},"content":{"rendered":"<p>Kickstart 3.2.2 47.111 Roms pour Amiga 1200.<br \/>\nNous n&rsquo;utilisons que des EEproms de haute qualit\u00e9 (AMD et similaires) de la s\u00e9rie 27C400.<\/p>\n<p>Vous devez poss\u00e9der un Amiga OS 3.2 original ! Nous avons donc besoin d&rsquo;une preuve de licence apr\u00e8s l&rsquo;achat.<\/p>\n","protected":false},"excerpt":{"rendered":"<p>Kickstart 3.2.2 47.111 Roms pour Amiga 1200. Nous n&rsquo;utilisons que des EEproms de haute qualit\u00e9 (AMD et similaires) de la s\u00e9rie 27C400. Vous devez poss\u00e9der un Amiga OS 3.2 original ! Nous avons donc besoin d&rsquo;une preuve de licence apr\u00e8s l&rsquo;achat.<\/p>\n","protected":false},"featured_media":7665,"template":"","meta":[],"product_brand":[],"product_cat":[513,274,376,353,217],"product_tag":[],"class_list":{"0":"post-7641","1":"product","2":"type-product","3":"status-publish","4":"has-post-thumbnail","6":"product_cat-amiga-1200-fr","7":"product_cat-cables-et-petites-pieces","8":"product_cat-kickstart-fr","9":"product_cat-logiciel-amiga","10":"product_cat-mods-hw-amiga","11":"product_shipping_class-maxi-lettre","13":"first","14":"instock","15":"taxable","16":"shipping-taxable","17":"purchasable","18":"product-type-simple"},"origins":[],"jetpack_sharing_enabled":true,"_links":{"self":[{"href":"https:\/\/www.retrobuddys.com\/fr\/wp-json\/wp\/v2\/product\/7641","targetHints":{"allow":["GET"]}}],"collection":[{"href":"https:\/\/www.retrobuddys.com\/fr\/wp-json\/wp\/v2\/product"}],"about":[{"href":"https:\/\/www.retrobuddys.com\/fr\/wp-json\/wp\/v2\/types\/product"}],"wp:featuredmedia":[{"embeddable":true,"href":"https:\/\/www.retrobuddys.com\/fr\/wp-json\/wp\/v2\/media\/7665"}],"wp:attachment":[{"href":"https:\/\/www.retrobuddys.com\/fr\/wp-json\/wp\/v2\/media?parent=7641"}],"wp:term":[{"taxonomy":"product_brand","embeddable":true,"href":"https:\/\/www.retrobuddys.com\/fr\/wp-json\/wp\/v2\/product_brand?post=7641"},{"taxonomy":"product_cat","embeddable":true,"href":"https:\/\/www.retrobuddys.com\/fr\/wp-json\/wp\/v2\/product_cat?post=7641"},{"taxonomy":"product_tag","embeddable":true,"href":"https:\/\/www.retrobuddys.com\/fr\/wp-json\/wp\/v2\/product_tag?post=7641"}],"curies":[{"name":"wp","href":"https:\/\/api.w.org\/{rel}","templated":true}]}}