{"id":7636,"date":"2025-06-01T10:36:58","date_gmt":"2025-06-01T10:36:58","guid":{"rendered":"https:\/\/www.retrobuddys.com\/?post_type=product&#038;p=7636"},"modified":"2025-06-02T20:13:14","modified_gmt":"2025-06-02T20:13:14","slug":"rom-kickstart-3-2-2-pour-amiga-500-600-2000-kopie-kopie","status":"publish","type":"product","link":"https:\/\/www.retrobuddys.com\/fr\/shop\/mods-hw-amiga\/amiga-2000-fr\/rom-kickstart-3-2-2-pour-amiga-500-600-2000-kopie-kopie\/","title":{"rendered":"Rom Kickstart 3.2.2 pour Amiga 500 600 2000 (Kopie) (Kopie)"},"content":{"rendered":"<p>Kickstart 3.2.2 47.111 Rom pour Amiga 500, 500+, 600 et 2000<br \/>\nNous n&rsquo;utilisons que des EEproms de haute qualit\u00e9 (AMD et autres) de la s\u00e9rie 27C400 et nous les sockons sur un socket 40pin de haute qualit\u00e9 avec des broches torsad\u00e9es.<br \/>\nVous devez poss\u00e9der un Amiga OS 3.2 original ! Nous avons donc besoin d&rsquo;une preuve de licence apr\u00e8s l&rsquo;achat.<\/p>\n<p>Veuillez noter : Pour Amiga 500 Rev.5 Carte m\u00e8re (+ancienne) et Rev.4 carte m\u00e8re Amiga 2000, un adaptateur suppl\u00e9mentaire est n\u00e9cessaire ou des travaux de soudure doivent \u00eatre effectu\u00e9s.<\/p>\n","protected":false},"excerpt":{"rendered":"<p>Kickstart 3.2.2 47.111 Rom pour Amiga 500, 500+, 600 et 2000 Nous n&rsquo;utilisons que des EEproms de haute qualit\u00e9 (AMD et autres) de la s\u00e9rie 27C400 et nous les sockons sur un socket 40pin de haute qualit\u00e9 avec des broches torsad\u00e9es. Vous devez poss\u00e9der un Amiga OS 3.2 original ! Nous avons donc besoin d&rsquo;une [&#8230;]\n","protected":false},"featured_media":7675,"template":"","meta":[],"product_brand":[],"product_cat":[220,233,258,274,376,353,217],"product_tag":[],"class_list":{"0":"post-7636","1":"product","2":"type-product","3":"status-publish","4":"has-post-thumbnail","6":"product_cat-amiga-2000-fr","7":"product_cat-amiga-500-fr","8":"product_cat-amiga-600-fr","9":"product_cat-cables-et-petites-pieces","10":"product_cat-kickstart-fr","11":"product_cat-logiciel-amiga","12":"product_cat-mods-hw-amiga","13":"product_shipping_class-maxi-lettre","15":"first","16":"instock","17":"taxable","18":"shipping-taxable","19":"purchasable","20":"product-type-simple"},"origins":[],"jetpack_sharing_enabled":true,"_links":{"self":[{"href":"https:\/\/www.retrobuddys.com\/fr\/wp-json\/wp\/v2\/product\/7636","targetHints":{"allow":["GET"]}}],"collection":[{"href":"https:\/\/www.retrobuddys.com\/fr\/wp-json\/wp\/v2\/product"}],"about":[{"href":"https:\/\/www.retrobuddys.com\/fr\/wp-json\/wp\/v2\/types\/product"}],"wp:featuredmedia":[{"embeddable":true,"href":"https:\/\/www.retrobuddys.com\/fr\/wp-json\/wp\/v2\/media\/7675"}],"wp:attachment":[{"href":"https:\/\/www.retrobuddys.com\/fr\/wp-json\/wp\/v2\/media?parent=7636"}],"wp:term":[{"taxonomy":"product_brand","embeddable":true,"href":"https:\/\/www.retrobuddys.com\/fr\/wp-json\/wp\/v2\/product_brand?post=7636"},{"taxonomy":"product_cat","embeddable":true,"href":"https:\/\/www.retrobuddys.com\/fr\/wp-json\/wp\/v2\/product_cat?post=7636"},{"taxonomy":"product_tag","embeddable":true,"href":"https:\/\/www.retrobuddys.com\/fr\/wp-json\/wp\/v2\/product_tag?post=7636"}],"curies":[{"name":"wp","href":"https:\/\/api.w.org\/{rel}","templated":true}]}}