{"id":7536,"date":"2025-04-07T05:21:41","date_gmt":"2025-04-07T05:21:41","guid":{"rendered":"https:\/\/www.retrobuddys.com\/?post_type=product&#038;p=7536"},"modified":"2025-09-18T08:03:53","modified_gmt":"2025-09-18T08:03:53","slug":"diagrom-v1-3-0-rom-de-diagnostic-pour-amiga-500-600-2000-kopie","status":"publish","type":"product","link":"https:\/\/www.retrobuddys.com\/fr\/shop\/mods-hw-amiga\/amiga-2000-fr\/diagrom-v1-3-0-rom-de-diagnostic-pour-amiga-500-600-2000-kopie\/","title":{"rendered":"DiagROM V2.0.beta Rom de diagnostic pour Amiga 500 600 2000"},"content":{"rendered":"<p><span style=\"font-family: Tahoma;\">DiagROM V2.0 Beta pour Amiga 500, 500+,600 et 2000<br \/>\n<\/span><\/p>\n<p>Il s&rsquo;agit de la derni\u00e8re version *BETA* de DiagRom 2.0 qui, selon John Hertell, est au moins au m\u00eame niveau que la version pr\u00e9c\u00e9dente 1.3.0.<\/p>\n<p><span style=\"font-family: Tahoma;\">Diagnostic-Amiga-ROM par John Hertell. Pour plus d&rsquo;informations, voir : www.diagrom.com.<br \/>\n<\/span><span style=\"font-family: Tahoma;\">Nous n&rsquo;utilisons que des EEproms de haute qualit\u00e9 (AMD et similaires) de la s\u00e9rie 27C400 et nous les sockons sur un socket 40pin de haute qualit\u00e9 avec des broches torsad\u00e9es.<\/span><\/p>\n<p><span style=\"font-family: Tahoma;\">Veuillez noter : Pour Amiga 500 Rev.5 Carte m\u00e8re (+ancienne) et Rev.4 carte m\u00e8re Amiga 2000, un adaptateur suppl\u00e9mentaire est n\u00e9cessaire ou des travaux de soudure doivent \u00eatre effectu\u00e9s.<\/span><\/p>\n","protected":false},"excerpt":{"rendered":"<p>DiagROM V2.0 Beta pour Amiga 500, 500+,600 et 2000 Il s&rsquo;agit de la derni\u00e8re version *BETA* de DiagRom 2.0 qui, selon John Hertell, est au moins au m\u00eame niveau que la version pr\u00e9c\u00e9dente 1.3.0. Diagnostic-Amiga-ROM par John Hertell. Pour plus d&rsquo;informations, voir : www.diagrom.com. Nous n&rsquo;utilisons que des EEproms de haute qualit\u00e9 (AMD et similaires) [&#8230;]\n","protected":false},"featured_media":7670,"template":"","meta":[],"product_brand":[],"product_cat":[220,233,258,274,353,217],"product_tag":[],"class_list":{"0":"post-7536","1":"product","2":"type-product","3":"status-publish","4":"has-post-thumbnail","6":"product_cat-amiga-2000-fr","7":"product_cat-amiga-500-fr","8":"product_cat-amiga-600-fr","9":"product_cat-cables-et-petites-pieces","10":"product_cat-logiciel-amiga","11":"product_cat-mods-hw-amiga","12":"product_shipping_class-maxi-lettre","14":"first","15":"instock","16":"taxable","17":"shipping-taxable","18":"purchasable","19":"product-type-simple"},"jetpack_sharing_enabled":true,"_links":{"self":[{"href":"https:\/\/www.retrobuddys.com\/fr\/wp-json\/wp\/v2\/product\/7536","targetHints":{"allow":["GET"]}}],"collection":[{"href":"https:\/\/www.retrobuddys.com\/fr\/wp-json\/wp\/v2\/product"}],"about":[{"href":"https:\/\/www.retrobuddys.com\/fr\/wp-json\/wp\/v2\/types\/product"}],"wp:featuredmedia":[{"embeddable":true,"href":"https:\/\/www.retrobuddys.com\/fr\/wp-json\/wp\/v2\/media\/7670"}],"wp:attachment":[{"href":"https:\/\/www.retrobuddys.com\/fr\/wp-json\/wp\/v2\/media?parent=7536"}],"wp:term":[{"taxonomy":"product_brand","embeddable":true,"href":"https:\/\/www.retrobuddys.com\/fr\/wp-json\/wp\/v2\/product_brand?post=7536"},{"taxonomy":"product_cat","embeddable":true,"href":"https:\/\/www.retrobuddys.com\/fr\/wp-json\/wp\/v2\/product_cat?post=7536"},{"taxonomy":"product_tag","embeddable":true,"href":"https:\/\/www.retrobuddys.com\/fr\/wp-json\/wp\/v2\/product_tag?post=7536"}],"curies":[{"name":"wp","href":"https:\/\/api.w.org\/{rel}","templated":true}]}}