{"id":7317,"date":"2025-02-01T11:04:22","date_gmt":"2025-02-01T11:04:22","guid":{"rendered":"https:\/\/www.retrobuddys.com\/shop\/non class\u00e9\/pistorm-500-pour-amiga-500-500-fundgrube\/"},"modified":"2025-02-11T10:48:46","modified_gmt":"2025-02-11T10:48:46","slug":"pistorm-500-pour-amiga-500-500-fundgrube","status":"publish","type":"product","link":"https:\/\/www.retrobuddys.com\/fr\/shop\/pistorm-fr-2\/pistorm-500-pour-amiga-500-500-fundgrube\/","title":{"rendered":"PiStorm 500 pour Amiga 500\/500+ *Fundgrube"},"content":{"rendered":"<p><strong>*Fundgrube* PCB couleur verte - retour test\u00e9 avec garantie compl\u00e8te<\/strong><\/p>\n<p>PiStorm 500 Rev B utilise un Raspberry Pi comme acc\u00e9l\u00e9rateur de processeur\/\u00a0\u00bbcarte turbo\u00a0\u00bb, carte graphique RTG et comme interface de disque dur sur l&rsquo;Amiga 500\/2000.<br \/>\nUn Raspberry Pi 3a+ est obligatoire pour le fonctionnement, mais n&rsquo;est pas inclus dans le package standard.<br \/>\nIl peut cependant \u00eatre command\u00e9 chez nous en option. Pistorm 500 est compatible avec le Raspberry Pi 3A+ et le Rapberry PI Zero2WH (performance moindre).<\/p>\n<p><strong>Caract\u00e9ristiques<\/strong><\/p>\n<ul>\n<li>Compatible Amiga 500, Amiga 500+ et Amiga 2000. Recommand\u00e9 : un Rev6A ou 8 Amiga 500 ou un Amiga 2000 Rev6<\/li>\n<li>68020 (23MIPS) dans une configuration standard<\/li>\n<li>Plusieurs options de configuration du processeur (68020\/68030\/68040)<\/li>\n<li>jusqu&rsquo;\u00e0 128 Mo de m\u00e9moire Z3<\/li>\n<li>Sortie de la carte graphique RTG avec modes haute r\u00e9solution via HDMI.<\/li>\n<li>Carte WLAN pour connecter l&rsquo;Amiga \u00e0 Internet ou \u00e0 un LAN<\/li>\n<\/ul>\n<p><strong>Conditions pr\u00e9alables<\/strong><\/p>\n<ul>\n<li>Ordinateurs Amiga 500, 500+ ou 2000<\/li>\n<li>RaspberryPi 3A<\/li>\n<li>Carte SD \u00e0 partir de 8 Go<\/li>\n<li>PiStorm Github<a href=\"https:\/\/github.com\/captain-amygdala\/pistorm\" target=\"_blank\" rel=\"noopener\">(https:\/\/github.com\/captain-amygdala\/pistorm)<\/a><\/li>\n<li>AmigaOS 3.1 ou sup\u00e9rieur<\/li>\n<li>WinUAE pour la configuration sur PC<\/li>\n<\/ul>\n<p><strong>En option<\/strong><\/p>\n<ul>\n<li>Adaptateur LazaruStorm pour la connexion externe de PiStorm \u00e0 l&rsquo;Amiga 500 Rev6a ou 8<\/li>\n<li>Amiga OS 3.2.2.1 pr\u00e9configur\u00e9 \u00e0 partir de la carte SD<\/li>\n<li>CaffeineOS pr\u00e9configur\u00e9 sur carte SD<\/li>\n<li>C\u00e2ble FPV pour prolonger les ports du Raspi<\/li>\n<li>Relocalisateur de CPU<\/li>\n<\/ul>\n<p>Le PiStorm a \u00e9t\u00e9 d\u00e9velopp\u00e9 par l&rsquo;\u00e9quipe de Claude Schwarz, Niklas Ekstr\u00f6m et d&rsquo;autres. Nous sommes heureux d&rsquo;offrir un peu de soutien \u00e0 ce projet exceptionnel.<\/p>\n<p>La FAQ de Retro Buddys PiStorm est disponible ici <a href=\"https:\/\/www.retrobuddys.com\/2025\/01\/02\/pistorm-faq\/\" target=\"_blank\" rel=\"noopener\">https:\/\/www.retrobuddys.com\/2025\/01\/02\/pistorm-faq\/<\/a><\/p>\n<p>Nous fabriquons les adaptateurs PiStorm en interne.<\/p>\n","protected":false},"excerpt":{"rendered":"<p><strong>*Fundgrube* PCB couleur verte - retour test\u00e9 avec garantie compl\u00e8te<\/strong><\/p>\n<p>PiStorm 500 Rev B utilise un Raspberry Pi comme acc\u00e9l\u00e9rateur de processeur\/\u00a0\u00bbcarte turbo\u00a0\u00bb, carte graphique RTG et comme interface de disque dur sur l&rsquo;Amiga 500\/2000.<br \/>\nUn Raspberry Pi 3a+ est obligatoire pour le fonctionnement, mais n&rsquo;est pas inclus dans le package standard.<br \/>\nIl peut cependant \u00eatre command\u00e9 chez nous en option. Pistorm 500 est compatible avec le Raspberry Pi 3A+ et le Rapberry PI Zero2WH (performance moindre).<\/p>\n","protected":false},"featured_media":2641,"template":"","meta":[],"product_brand":[],"product_cat":[523,667],"product_tag":[],"class_list":{"0":"post-7317","1":"product","2":"type-product","3":"status-publish","4":"has-post-thumbnail","6":"product_cat-pistorm-fr-2","7":"product_cat-trouvaille","8":"product_shipping_class-dhl-fr","10":"first","11":"outofstock","12":"taxable","13":"shipping-taxable","14":"purchasable","15":"product-type-simple"},"jetpack_sharing_enabled":true,"_links":{"self":[{"href":"https:\/\/www.retrobuddys.com\/fr\/wp-json\/wp\/v2\/product\/7317","targetHints":{"allow":["GET"]}}],"collection":[{"href":"https:\/\/www.retrobuddys.com\/fr\/wp-json\/wp\/v2\/product"}],"about":[{"href":"https:\/\/www.retrobuddys.com\/fr\/wp-json\/wp\/v2\/types\/product"}],"wp:featuredmedia":[{"embeddable":true,"href":"https:\/\/www.retrobuddys.com\/fr\/wp-json\/wp\/v2\/media\/2641"}],"wp:attachment":[{"href":"https:\/\/www.retrobuddys.com\/fr\/wp-json\/wp\/v2\/media?parent=7317"}],"wp:term":[{"taxonomy":"product_brand","embeddable":true,"href":"https:\/\/www.retrobuddys.com\/fr\/wp-json\/wp\/v2\/product_brand?post=7317"},{"taxonomy":"product_cat","embeddable":true,"href":"https:\/\/www.retrobuddys.com\/fr\/wp-json\/wp\/v2\/product_cat?post=7317"},{"taxonomy":"product_tag","embeddable":true,"href":"https:\/\/www.retrobuddys.com\/fr\/wp-json\/wp\/v2\/product_tag?post=7317"}],"curies":[{"name":"wp","href":"https:\/\/api.w.org\/{rel}","templated":true}]}}