{"id":7291,"date":"2025-01-27T17:01:34","date_gmt":"2025-01-27T17:01:34","guid":{"rendered":"https:\/\/www.retrobuddys.com\/shop\/non%20class\u00e9\/boitier-et-lazarustorm-pour-tf536-nouveaux\/"},"modified":"2026-02-08T16:00:44","modified_gmt":"2026-02-08T16:00:44","slug":"boitier-et-lazarustorm-pour-tf536-nouveaux","status":"publish","type":"product","link":"https:\/\/www.retrobuddys.com\/fr\/shop\/mods-hw-amiga\/amiga-500-fr\/boitier-et-lazarustorm-pour-tf536-nouveaux\/","title":{"rendered":"Bo\u00eetier et LazaruStorm pour TF536 *NOUVEAUX*."},"content":{"rendered":"<p>Bo\u00eetier et carte d&rsquo;adaptation LazaruStorm pour votre Amiga 500 et Terrible Fire TF 536<\/p>\n<p>Ce kit permet d&rsquo;ins\u00e9rer la carte Terrible Fire TF536 dans le port d&rsquo;extension (c\u00f4t\u00e9 gauche) d&rsquo;un Amiga 500.<br \/>\nM\u00eame si la carte a \u00e9t\u00e9 con\u00e7ue pour le PiStorm, elle fonctionne tr\u00e8s bien avec la carte Terrible Fire TF536. Cependant, le processeur 68000 doit toujours \u00eatre retir\u00e9 et le JP-6 sur la carte m\u00e8re Amiga 500 Rev 6 doit toujours \u00eatre plac\u00e9.<\/p>\n<p>Il suffit de brancher la carte Terrible Fire TF536 existante sur la carte LazaruStorm.<\/p>\n<p>Sur presque toutes les r\u00e9visions de l&rsquo;Amiga500, il est n\u00e9cessaire de fermer le cavalier JP6 au moyen d&rsquo;un pont de soudure, c&rsquo;est-\u00e0-dire que vous devez ouvrir votre Amiga et placer un point de soudure.<br \/>\nLe point de soudure VPAJP (2-3) est d\u00e9j\u00e0 plac\u00e9 (BRJP ne doit \u00eatre plac\u00e9 que dans des cas exceptionnels). C&rsquo;est avec ce Jumper Combi que nous avons fait les meilleures exp\u00e9riences. Chaque ensemble a \u00e9t\u00e9 test\u00e9 en direct chez nous sur un Amiga 500 Rev.6a avec une Terrible Fire TF536.<\/p>\n<p>Contenu de la livraison :<\/p>\n<ul>\n<li>Bo\u00eetier 3d Print (6 couleurs diff\u00e9rentes - standard = beige)<\/li>\n<li>Adaptateur LazaruStorm<\/li>\n<li>Mat\u00e9riel de fixation<\/li>\n<\/ul>\n<p>En option :<\/p>\n<ul>\n<li>Adaptateur CF et c\u00e2ble fix\u00e9s au bo\u00eetier et adaptateur LazaruStorm fix\u00e9.<\/li>\n<\/ul>\n<p>Remarque : l&rsquo;adaptateur LazaruStorm fonctionne rarement (oui vraiment parfois il fonctionne :)) avec les cartes m\u00e8res Amiga 500 Rev. 5.<\/p>\n<p>Remarque2 : Nous pouvons \u00e9galement fournir le bo\u00eetier dans toutes les couleurs de nos lecteurs Gotekl (argent, bois, blanc, &#8230;). Veuillez faire une demande pr\u00e9alable !<\/p>\n<p>Remarque3 : La carte Terrible Fire TF536 sur les photos n&rsquo;est *pas* incluse.<\/p>\n<p>Voir la photo : il s&rsquo;agit de JP6, qui se trouve juste derri\u00e8re le port d&rsquo;extension.<\/p>\n","protected":false},"excerpt":{"rendered":"<p>Bo\u00eetier et carte d&rsquo;adaptation LazaruStorm pour votre Amiga 500 et Terrible Fire TF 536<\/p>\n<p>Ce kit permet d&rsquo;ins\u00e9rer la carte Terrible Fire TF536 dans le port d&rsquo;extension (c\u00f4t\u00e9 gauche) d&rsquo;un Amiga 500.<br \/>\nM\u00eame si la carte a \u00e9t\u00e9 con\u00e7ue pour le PiStorm, elle fonctionne tr\u00e8s bien avec la carte Terrible Fire TF536. Cependant, le processeur 68000 doit toujours \u00eatre retir\u00e9 et le JP-6 sur la carte m\u00e8re Amiga 500 Rev 6 doit toujours \u00eatre plac\u00e9.<\/p>\n<p>Il suffit de brancher la carte Terrible Fire TF536 existante sur la carte LazaruStorm.<\/p>\n","protected":false},"featured_media":7263,"template":"","meta":[],"product_brand":[],"product_cat":[233,714,217,554],"product_tag":[],"class_list":{"0":"post-7291","1":"product","2":"type-product","3":"status-publish","4":"has-post-thumbnail","6":"product_cat-amiga-500-fr","7":"product_cat-impression-3d","8":"product_cat-mods-hw-amiga","9":"product_cat-terriblefire-fr","11":"first","12":"instock","13":"taxable","14":"shipping-taxable","15":"purchasable","16":"product-type-variable","17":"has-default-attributes"},"origins":[],"jetpack_sharing_enabled":true,"_links":{"self":[{"href":"https:\/\/www.retrobuddys.com\/fr\/wp-json\/wp\/v2\/product\/7291","targetHints":{"allow":["GET"]}}],"collection":[{"href":"https:\/\/www.retrobuddys.com\/fr\/wp-json\/wp\/v2\/product"}],"about":[{"href":"https:\/\/www.retrobuddys.com\/fr\/wp-json\/wp\/v2\/types\/product"}],"wp:featuredmedia":[{"embeddable":true,"href":"https:\/\/www.retrobuddys.com\/fr\/wp-json\/wp\/v2\/media\/7263"}],"wp:attachment":[{"href":"https:\/\/www.retrobuddys.com\/fr\/wp-json\/wp\/v2\/media?parent=7291"}],"wp:term":[{"taxonomy":"product_brand","embeddable":true,"href":"https:\/\/www.retrobuddys.com\/fr\/wp-json\/wp\/v2\/product_brand?post=7291"},{"taxonomy":"product_cat","embeddable":true,"href":"https:\/\/www.retrobuddys.com\/fr\/wp-json\/wp\/v2\/product_cat?post=7291"},{"taxonomy":"product_tag","embeddable":true,"href":"https:\/\/www.retrobuddys.com\/fr\/wp-json\/wp\/v2\/product_tag?post=7291"}],"curies":[{"name":"wp","href":"https:\/\/api.w.org\/{rel}","templated":true}]}}