{"id":7071,"date":"2025-01-15T15:22:41","date_gmt":"2025-01-15T15:22:41","guid":{"rendered":"https:\/\/www.retrobuddys.com\/?post_type=product&#038;p=7071"},"modified":"2026-02-08T16:00:37","modified_gmt":"2026-02-08T16:00:37","slug":"terriblefire-tf536-pour-amiga-500-500-2000-kopie","status":"publish","type":"product","link":"https:\/\/www.retrobuddys.com\/fr\/shop\/mods-hw-amiga\/amiga-1200-fr\/terriblefire-tf536-pour-amiga-500-500-2000-kopie\/","title":{"rendered":"TerribleFire TF1230 pour Amiga 1200"},"content":{"rendered":"<h3><strong>Carte acc\u00e9l\u00e9ratrice TerribleFire TF1230 *nouvelle<\/strong><\/h3>\n<p>La carte acc\u00e9l\u00e9ratrice Terrible Fire TF1230 a \u00e9t\u00e9 con\u00e7ue pour \u00eatre install\u00e9e dans un Amiga 1200. Elle offre un processeur Motorola 68030 complet (avec MMU) cadenc\u00e9 \u00e0 50 MHz, 128Mo de RAM et un connecteur IDE 2,5&Prime; 44 broches pour adaptateur CF. <\/p>\n<p><strong>Caract\u00e9ristiques<\/strong><\/p>\n<ul>\n<li>Pour Amiga 1200<\/li>\n<li>128MB Fast Ram sur la carte<\/li>\n<li>68030 CPU \u00e0 50MHz<\/li>\n<li>Contr\u00f4leur IDE 44 broches pour cartes CF - le pilote ehide.device dans la Rom Kickstart est n\u00e9cessaire pour le d\u00e9marrage.<\/li>\n<\/ul>\n<p><strong>Conditions pr\u00e9alables<\/strong><\/p>\n<ul>\n<li>Amiga 1200<\/li>\n<li>Kickstart 3.1.4, 3.2, 3.2.1 ou 3.2.2.<\/li>\n<li>AmigaOS 3.1 ou sup\u00e9rieur<\/li>\n<\/ul>\n<p><strong>En option<\/strong><\/p>\n<ul>\n<li>Amiga OS 3.2.2.1 pr\u00e9configur\u00e9 sur carte CF avec 3.2 Kickstart ROM 47.111 avec ehide.device pour Amiga 1200<\/li>\n<li>Kickstart ROMs (Hi+Lo) 47.111 avec ehide.device pour Amiga1200 (preuve de licence requise)<\/li>\n<\/ul>\n<p><strong>Contenu de la livraison<\/strong><\/p>\n<ul>\n<li>TF1230 Adaptateur pour Amiga 1200<\/li>\n<li>68030 RC50 CPU avec 50MHz<\/li>\n<li>C\u00e2ble IDE 2.5&Prime; 5cm et adaptateur IDE vers CF<\/li>\n<\/ul>\n<p><strong>Documentation<\/strong><\/p>\n<ul>\n<li>Instructions d&rsquo;installation incluses.<\/li>\n<\/ul>\n<p>Le TF1230 a \u00e9t\u00e9 d\u00e9velopp\u00e9 par Stephen Leary.<br \/>\nNous sommes heureux de fournir une assistance pour ce projet exceptionnel et de fabriquer les adaptateurs en interne.<\/p>\n<p>Veuillez \u00e9galement consulter notre FAQ Terrible Fire ici =&gt; <a href=\"https:\/\/www.retrobuddys.com\/fr\/2025\/01\/16\/tf1230-faq\/\" target=\"_blank\" rel=\"noopener\">TF1230 FAQ<\/a><\/p>\n","protected":false},"excerpt":{"rendered":"<h3><strong>Carte acc\u00e9l\u00e9ratrice TerribleFire TF1230 *nouvelle<\/strong><\/h3>\n<p>La carte acc\u00e9l\u00e9ratrice Terrible Fire TF1230 a \u00e9t\u00e9 con\u00e7ue pour \u00eatre install\u00e9e dans un Amiga 1200. Elle offre un processeur Motorola 68030 complet (avec MMU) cadenc\u00e9 \u00e0 50 MHz, 128Mo de RAM et un connecteur IDE 2,5&Prime; 44 broches pour adaptateur CF. <\/p>\n","protected":false},"featured_media":7125,"template":"","meta":[],"product_brand":[],"product_cat":[513,217,554],"product_tag":[225,556,555,389],"class_list":{"0":"post-7071","1":"product","2":"type-product","3":"status-publish","4":"has-post-thumbnail","6":"product_cat-amiga-1200-fr","7":"product_cat-mods-hw-amiga","8":"product_cat-terriblefire-fr","9":"product_tag-amiga-fr","10":"product_tag-terriblefire-fr","11":"product_tag-tf-fr","12":"product_tag-turbo-fr","13":"product_shipping_class-dhl-fr","15":"first","16":"outofstock","17":"taxable","18":"shipping-taxable","19":"purchasable","20":"product-type-variable","21":"has-default-attributes"},"jetpack_sharing_enabled":true,"_links":{"self":[{"href":"https:\/\/www.retrobuddys.com\/fr\/wp-json\/wp\/v2\/product\/7071","targetHints":{"allow":["GET"]}}],"collection":[{"href":"https:\/\/www.retrobuddys.com\/fr\/wp-json\/wp\/v2\/product"}],"about":[{"href":"https:\/\/www.retrobuddys.com\/fr\/wp-json\/wp\/v2\/types\/product"}],"wp:featuredmedia":[{"embeddable":true,"href":"https:\/\/www.retrobuddys.com\/fr\/wp-json\/wp\/v2\/media\/7125"}],"wp:attachment":[{"href":"https:\/\/www.retrobuddys.com\/fr\/wp-json\/wp\/v2\/media?parent=7071"}],"wp:term":[{"taxonomy":"product_brand","embeddable":true,"href":"https:\/\/www.retrobuddys.com\/fr\/wp-json\/wp\/v2\/product_brand?post=7071"},{"taxonomy":"product_cat","embeddable":true,"href":"https:\/\/www.retrobuddys.com\/fr\/wp-json\/wp\/v2\/product_cat?post=7071"},{"taxonomy":"product_tag","embeddable":true,"href":"https:\/\/www.retrobuddys.com\/fr\/wp-json\/wp\/v2\/product_tag?post=7071"}],"curies":[{"name":"wp","href":"https:\/\/api.w.org\/{rel}","templated":true}]}}