{"id":6927,"date":"2025-01-03T07:55:18","date_gmt":"2025-01-03T07:55:18","guid":{"rendered":"https:\/\/www.retrobuddys.com\/shop\/non%20class\u00e9\/waveshare-cm4-antenne-wifi-externe\/"},"modified":"2025-01-03T08:06:06","modified_gmt":"2025-01-03T08:06:06","slug":"waveshare-cm4-antenne-wifi-externe","status":"publish","type":"product","link":"https:\/\/www.retrobuddys.com\/fr\/shop\/cables-et-petites-pieces\/waveshare-cm4-antenne-wifi-externe\/","title":{"rendered":"Waveshare CM4 Antenne WiFi externe"},"content":{"rendered":"<p>Antenne Wifi externe de Waveshare pour le Raspberry PI Compute Module 4<\/p>\n<ul>\n<li>Support de la bande de fr\u00e9quence Wifi 2.4G et 5G<\/li>\n<li>Bande passante : 100-700 MHz<\/li>\n<li>VSWR : &lt;= 1,92<\/li>\n<li>Gain de cr\u00eate 2+\/- 0,5 dBi<\/li>\n<li>Polarisation : verticale<\/li>\n<li>Imp\u00e9dance de sortie : 50 ohms<\/li>\n<li>Puissance maximale : 10Watt<\/li>\n<li>Taille : 109x10mm<\/li>\n<\/ul>\n<p>L&rsquo;antenne peut \u00eatre d\u00e9vi\u00e9e \u00e0 l&rsquo;arri\u00e8re de la porte arri\u00e8re. Attention : l&rsquo;antenne n&rsquo;est qu&rsquo;un compl\u00e9ment utile pour la carte CM4 et I\/O. L&rsquo;antenne ne peut pas \u00eatre connect\u00e9e \u00e0 un Raspi 3 ou 4 !  <\/p>\n","protected":false},"excerpt":{"rendered":"<p>Antenne Wifi externe de Waveshare pour le Raspberry PI Compute Module 4 Support de la bande de fr\u00e9quence Wifi 2.4G et 5G Bande passante : 100-700 MHz VSWR : &lt;= 1,92 Gain de cr\u00eate 2+\/- 0,5 dBi Polarisation : verticale Imp\u00e9dance de sortie : 50 ohms Puissance maximale : 10Watt Taille : 109x10mm L&rsquo;antenne peut [&#8230;]\n","protected":false},"featured_media":6917,"template":"","meta":[],"product_brand":[],"product_cat":[274,420,523],"product_tag":[678,260],"class_list":{"0":"post-6927","1":"product","2":"type-product","3":"status-publish","4":"has-post-thumbnail","6":"product_cat-cables-et-petites-pieces","7":"product_cat-composants-socles-et-elements-de-construction","8":"product_cat-pistorm-fr-2","9":"product_tag-antenne-fr","10":"product_tag-pistorm-fr","11":"product_shipping_class-maxi-lettre","13":"first","14":"instock","15":"taxable","16":"shipping-taxable","17":"purchasable","18":"product-type-simple"},"jetpack_sharing_enabled":true,"_links":{"self":[{"href":"https:\/\/www.retrobuddys.com\/fr\/wp-json\/wp\/v2\/product\/6927","targetHints":{"allow":["GET"]}}],"collection":[{"href":"https:\/\/www.retrobuddys.com\/fr\/wp-json\/wp\/v2\/product"}],"about":[{"href":"https:\/\/www.retrobuddys.com\/fr\/wp-json\/wp\/v2\/types\/product"}],"wp:featuredmedia":[{"embeddable":true,"href":"https:\/\/www.retrobuddys.com\/fr\/wp-json\/wp\/v2\/media\/6917"}],"wp:attachment":[{"href":"https:\/\/www.retrobuddys.com\/fr\/wp-json\/wp\/v2\/media?parent=6927"}],"wp:term":[{"taxonomy":"product_brand","embeddable":true,"href":"https:\/\/www.retrobuddys.com\/fr\/wp-json\/wp\/v2\/product_brand?post=6927"},{"taxonomy":"product_cat","embeddable":true,"href":"https:\/\/www.retrobuddys.com\/fr\/wp-json\/wp\/v2\/product_cat?post=6927"},{"taxonomy":"product_tag","embeddable":true,"href":"https:\/\/www.retrobuddys.com\/fr\/wp-json\/wp\/v2\/product_tag?post=6927"}],"curies":[{"name":"wp","href":"https:\/\/api.w.org\/{rel}","templated":true}]}}