{"id":6735,"date":"2024-12-30T13:49:48","date_gmt":"2024-12-30T13:49:48","guid":{"rendered":"https:\/\/www.retrobuddys.com\/?post_type=product&#038;p=6735"},"modified":"2025-07-02T18:20:25","modified_gmt":"2025-07-02T18:20:25","slug":"pistorm2k-pour-amiga-2000-kopie","status":"publish","type":"product","link":"https:\/\/www.retrobuddys.com\/fr\/shop\/mods-hw-amiga\/pistorm2k-pour-amiga-2000-kopie\/","title":{"rendered":"PiStorm2K pour Amiga 2000 - Fundgrube"},"content":{"rendered":"<h3><strong>PiStorm2K pour Amiga 2000 avec EPM570 CPLD (Fundgrube)<\/strong><\/h3>\n<p>PiStorm2K pour Amiga 2000 utilise un Raspberry Pi comme acc\u00e9l\u00e9rateur de processeur\/\u00a0\u00bbcarte turbo\u00a0\u00bb, carte graphique RTG et interface de disque dur sur l&rsquo;Amiga 2000 et a \u00e9t\u00e9 sp\u00e9cialement con\u00e7u pour le socket coprocesseur de l&rsquo;Amiga 2000.<br \/>\nUn Raspberry Pi 3a+ est obligatoire pour le fonctionnement, mais il n&rsquo;est pas inclus dans le paquet standard.<br \/>\nCelui-ci peut toutefois \u00eatre command\u00e9 en option chez nous.<\/p>\n<p><strong>Caract\u00e9ristiques<\/strong><\/p>\n<ul>\n<li>Pour Amiga 2000<\/li>\n<li>68020 (~23MIPS) en configuration standard et jusqu&rsquo;\u00e0 68040 avec ~2000 MIPS<\/li>\n<li>Plusieurs options de configuration du processeur (68020\/68030\/68040)<\/li>\n<li>jusqu&rsquo;\u00e0 512 Mo de m\u00e9moire<\/li>\n<li>Sortie de la carte graphique RTG avec modes haute r\u00e9solution via HDMI.<\/li>\n<li>Carte WLAN pour connecter l&rsquo;Amiga \u00e0 Internet ou \u00e0 un r\u00e9seau local (Musashi - ne fonctionne pas encore avec EMU68)<\/li>\n<\/ul>\n<p><strong>Conditions pr\u00e9alables<\/strong><\/p>\n<ul>\n<li>Amiga 2000<\/li>\n<li>Kickstart 2.05, 3.0, 3.1, 3.1.4, 3.2, 3.2.1 ou 3.2.2.<\/li>\n<li>Carte SD \u00e0 partir de 8 Go<\/li>\n<li>PiStorm Github<a href=\"https:\/\/github.com\/captain-amygdala\/pistorm\" target=\"_blank\" rel=\"noopener\">(https:\/\/github.com\/captain-amygdala\/pistorm)<\/a><\/li>\n<li>AmigaOS 3.1 ou sup\u00e9rieur<\/li>\n<li>WinUAE pour la configuration sur PC<\/li>\n<li><strong>Attention : le CPU 68000 de l&rsquo;Amiga2000 doit imp\u00e9rativement \u00eatre retir\u00e9 pour un fonctionnement correct.<\/strong><\/li>\n<\/ul>\n<p><strong>En option<\/strong><\/p>\n<ul>\n<li>Amiga OS 3.2.2.1 pr\u00e9configur\u00e9 sur carte SD<\/li>\n<li>CaffeineOS pr\u00e9configur\u00e9 sur carte SD<\/li>\n<li>C\u00e2ble d&rsquo;extension USB + HDMI FPV<\/li>\n<\/ul>\n<p><strong>Contenu de la livraison<\/strong><\/p>\n<ul>\n<li>Adaptateur PiStorm2K pour Amiga 2000<\/li>\n<li>3 x vis M2.5 8mm<\/li>\n<li>3 x entretoises<\/li>\n<\/ul>\n<p><strong>Documentation<\/strong><\/p>\n<ul>\n<li>La documentation sur le projet est disponible ici <a href=\"https:\/\/github.com\/captain-amygdala\/pistorm\" target=\"_blank\" rel=\"noopener\">: https:\/\/github.com\/captain-amygdala\/pistorm<\/a><\/li>\n<li>Le logiciel Emu68 de Michal Schulz est disponible ici <a href=\"https:\/\/github.com\/michalsc\/Emu68\" target=\"_blank\" rel=\"noopener\">https:\/\/github.com\/michalsc\/Emu68<\/a><\/li>\n<\/ul>\n<p>Le PiStorm a \u00e9t\u00e9 d\u00e9velopp\u00e9 par l&rsquo;\u00e9quipe de Claude Schwarz, Michal Schulz et d&rsquo;autres. Nous sommes heureux d&rsquo;offrir notre soutien \u00e0 ce projet exceptionnel.<\/p>\n<p>Nous fabriquons les adaptateurs PiStorm en interne.<\/p>\n","protected":false},"excerpt":{"rendered":"<h3><strong>PiStorm2K pour Amiga 2000 EPM570 *Fundgrube<\/strong><\/h3>\n<p>PiStorm2K pour Amiga 2000 utilise un Raspberry Pi comme acc\u00e9l\u00e9rateur de processeur\/\u00a0\u00bbcarte turbo\u00a0\u00bb, carte graphique RTG et interface de disque dur sur l&rsquo;Amiga 2000 et a \u00e9t\u00e9 sp\u00e9cialement con\u00e7u pour le socket coprocesseur de l&rsquo;Amiga 2000.<br \/>\nUn Raspberry Pi 3a+ est obligatoire pour le fonctionnement, mais il n&rsquo;est pas inclus dans le paquet standard.<br \/>\nCelui-ci peut toutefois \u00eatre command\u00e9 en option chez nous.<\/p>\n","protected":false},"featured_media":4613,"template":"","meta":[],"product_brand":[],"product_cat":[217,667],"product_tag":[225,260,386,672,389],"class_list":{"0":"post-6735","1":"product","2":"type-product","3":"status-publish","4":"has-post-thumbnail","6":"product_cat-mods-hw-amiga","7":"product_cat-trouvaille","8":"product_tag-amiga-fr","9":"product_tag-pistorm-fr","10":"product_tag-raspberry-fr","11":"product_tag-trouvaille","12":"product_tag-turbo-fr","13":"product_shipping_class-dhl-fr","15":"first","16":"outofstock","17":"taxable","18":"shipping-taxable","19":"purchasable","20":"product-type-simple"},"jetpack_sharing_enabled":true,"_links":{"self":[{"href":"https:\/\/www.retrobuddys.com\/fr\/wp-json\/wp\/v2\/product\/6735","targetHints":{"allow":["GET"]}}],"collection":[{"href":"https:\/\/www.retrobuddys.com\/fr\/wp-json\/wp\/v2\/product"}],"about":[{"href":"https:\/\/www.retrobuddys.com\/fr\/wp-json\/wp\/v2\/types\/product"}],"wp:featuredmedia":[{"embeddable":true,"href":"https:\/\/www.retrobuddys.com\/fr\/wp-json\/wp\/v2\/media\/4613"}],"wp:attachment":[{"href":"https:\/\/www.retrobuddys.com\/fr\/wp-json\/wp\/v2\/media?parent=6735"}],"wp:term":[{"taxonomy":"product_brand","embeddable":true,"href":"https:\/\/www.retrobuddys.com\/fr\/wp-json\/wp\/v2\/product_brand?post=6735"},{"taxonomy":"product_cat","embeddable":true,"href":"https:\/\/www.retrobuddys.com\/fr\/wp-json\/wp\/v2\/product_cat?post=6735"},{"taxonomy":"product_tag","embeddable":true,"href":"https:\/\/www.retrobuddys.com\/fr\/wp-json\/wp\/v2\/product_tag?post=6735"}],"curies":[{"name":"wp","href":"https:\/\/api.w.org\/{rel}","templated":true}]}}