{"id":6674,"date":"2024-12-28T16:29:20","date_gmt":"2024-12-28T16:29:20","guid":{"rendered":"https:\/\/www.retrobuddys.com\/?post_type=product&#038;p=6674"},"modified":"2024-12-28T16:33:37","modified_gmt":"2024-12-28T16:33:37","slug":"module-raspberry-cm4-2gb-no-wlan-kopie","status":"publish","type":"product","link":"https:\/\/www.retrobuddys.com\/fr\/shop\/trouvaille\/module-raspberry-cm4-2gb-no-wlan-kopie\/","title":{"rendered":"Module Raspberry CM4 2 Go, 16 Go eMMC et WLAN"},"content":{"rendered":"<p><b>Module de calcul 4<\/b><\/p>\n<p>La puissance du Raspberry Pi 4 dans un facteur de forme compact pour les applications embarqu\u00e9es. Le Raspberry Pi Compute Module 4 comprend un processeur quadric\u0153ur ARM Cortex A72, une double sortie vid\u00e9o et un grand choix d&rsquo;autres interfaces. Disponible en 32 variantes, avec une gamme d&rsquo;options de RAM et de flash eMMC et avec ou sans connexion sans fil. La carte IO du Raspberry Pi Compute Module 4 est un outil de d\u00e9veloppement inestimable. La carte IO met \u00e0 disposition chaque interface du Compute Module 4 et fournit une plateforme de d\u00e9veloppement et une conception de carte de base de r\u00e9f\u00e9rence pour notre module de calcul le plus puissant \u00e0 ce jour. Elle est \u00e9galement con\u00e7ue pour \u00eatre int\u00e9gr\u00e9e dans les produits finaux. Le module CM4 propos\u00e9 ici dispose de 2 Go de Ram, 16 Go de Flash eMMC et d&rsquo;un module WLAN.  <\/p>\n","protected":false},"excerpt":{"rendered":"<p>Module Raspberry CM4 2 Go, 16 Go eMMC et WLAN<\/p>\n","protected":false},"featured_media":0,"template":"","meta":[],"product_brand":[],"product_cat":[667],"product_tag":[565,386,672],"class_list":{"0":"post-6674","1":"product","2":"type-product","3":"status-publish","5":"product_cat-trouvaille","6":"product_tag-cm4-fr","7":"product_tag-raspberry-fr","8":"product_tag-trouvaille","9":"product_shipping_class-dhl-fr","11":"first","12":"outofstock","13":"taxable","14":"shipping-taxable","15":"purchasable","16":"product-type-simple"},"jetpack_sharing_enabled":true,"_links":{"self":[{"href":"https:\/\/www.retrobuddys.com\/fr\/wp-json\/wp\/v2\/product\/6674","targetHints":{"allow":["GET"]}}],"collection":[{"href":"https:\/\/www.retrobuddys.com\/fr\/wp-json\/wp\/v2\/product"}],"about":[{"href":"https:\/\/www.retrobuddys.com\/fr\/wp-json\/wp\/v2\/types\/product"}],"wp:attachment":[{"href":"https:\/\/www.retrobuddys.com\/fr\/wp-json\/wp\/v2\/media?parent=6674"}],"wp:term":[{"taxonomy":"product_brand","embeddable":true,"href":"https:\/\/www.retrobuddys.com\/fr\/wp-json\/wp\/v2\/product_brand?post=6674"},{"taxonomy":"product_cat","embeddable":true,"href":"https:\/\/www.retrobuddys.com\/fr\/wp-json\/wp\/v2\/product_cat?post=6674"},{"taxonomy":"product_tag","embeddable":true,"href":"https:\/\/www.retrobuddys.com\/fr\/wp-json\/wp\/v2\/product_tag?post=6674"}],"curies":[{"name":"wp","href":"https:\/\/api.w.org\/{rel}","templated":true}]}}