{"id":6653,"date":"2024-12-28T16:17:58","date_gmt":"2024-12-28T16:17:58","guid":{"rendered":"https:\/\/www.retrobuddys.com\/?post_type=product&#038;p=6653"},"modified":"2024-12-28T16:25:32","modified_gmt":"2024-12-28T16:25:32","slug":"lecteur-gotek-avec-ecran-096-et-bouton-rotatif-kopie","status":"publish","type":"product","link":"https:\/\/www.retrobuddys.com\/fr\/shop\/gotek-fr\/lecteur-gotek-avec-ecran-096-et-bouton-rotatif-kopie\/","title":{"rendered":"Lecteur Gotek avec \u00e9cran 7 chiffres AT-415 - Fundgrube"},"content":{"rendered":"<p><span style=\"font-family: Arial; font-size: large;\"><b>Lecteur Amiga Gotek avec affichage 7 chiffres *AT-415*<br \/>\n\u00c9mulateur de disquette USB ADF Amiga <\/b><\/span><b>500\/500+\/600\/1200\/2000<\/b> \u00c9mulateur de disquette USB Gotek pour lire les fichiers ADF directement depuis une cl\u00e9 USB.<br \/>\nUn \u00e9cran \u00e0 7 chiffres est install\u00e9.<br \/>\nLa couleur du bo\u00eetier est noire).<br \/>\n\u00c9mulateur de disquette Gotek pour lire les fichiers ADF directement depuis une cl\u00e9 USB<\/p>\n<p>Le lecteur a d\u00e9j\u00e0 install\u00e9 le firmware FlashFloppy 3.38 actuel. Vous trouverez des d\u00e9tails sur le firmware FlashFloppy ici =&gt; https:\/\/github.com\/keirf\/flashfloppy<\/p>\n<p><b>Comment utiliser le lecteur Gotek ?<\/b><\/p>\n<p>C&rsquo;est tr\u00e8s simple : il suffit de remplacer le lecteur de disquettes d&rsquo;origine par ce lecteur de disquettes USB ou de le connecter via un adaptateur externe. Vous devez copier vos fichiers ADF pr\u00e9f\u00e9r\u00e9s sur une cl\u00e9 USB du PC. L&rsquo;\u00e9cran OLED fournit, outre le nom du fichier actuel, d&rsquo;autres informations sur le processus de chargement.<strong><br \/>\n<\/strong><\/p>\n<p><strong>Contenu de la livraison :<\/strong><\/p>\n<ul>\n<li>\u00c9mulateur de disquette USB GOTEK<\/li>\n<li>Processeur AT-415 (\u00ab\u00a0Corona Gotek\u00a0\u00bb)<\/li>\n<li>\u00c9cran \u00e0 7 chiffres<\/li>\n<\/ul>\n<p><strong>Attention !<\/strong><\/p>\n<p>Le lecteur est un peu plus grand qu&rsquo;un lecteur 3.5&Prime; standard (lecteur PC standard) avec cache. Il ne rentre donc pas dans une baie 3,5&Prime; (Amiga 2000, Amiga 1200, versions tour).<br \/>\nVous pouvez \u00e9galement vous procurer chez nous de longs c\u00e2bles pour disquettes, des s\u00e9lecteurs de d\u00e9marrage DF0 DF1, des cl\u00e9s USB, des c\u00e2bles d&rsquo;alimentation, des adaptateurs externes et bien d&rsquo;autres choses encore. N&rsquo;h\u00e9sitez pas \u00e0 nous contacter.<\/p>\n","protected":false},"excerpt":{"rendered":"<p>Amiga Gotek lecteur de disquette \u00e9mulateur USB noir Amiga 500\/500+\/600\/1<wbr><\/wbr>200\/2000 - \u00e9cran 7 chiffres, AT-415<\/p>\n","protected":false},"featured_media":1725,"template":"","meta":[],"product_brand":[],"product_cat":[219,667],"product_tag":[225,226,672],"class_list":{"0":"post-6653","1":"product","2":"type-product","3":"status-publish","4":"has-post-thumbnail","6":"product_cat-gotek-fr","7":"product_cat-trouvaille","8":"product_tag-amiga-fr","9":"product_tag-gotek-fr","10":"product_tag-trouvaille","11":"product_shipping_class-dhl-fr","13":"first","14":"outofstock","15":"taxable","16":"shipping-taxable","17":"purchasable","18":"product-type-simple"},"origins":[],"jetpack_sharing_enabled":true,"_links":{"self":[{"href":"https:\/\/www.retrobuddys.com\/fr\/wp-json\/wp\/v2\/product\/6653","targetHints":{"allow":["GET"]}}],"collection":[{"href":"https:\/\/www.retrobuddys.com\/fr\/wp-json\/wp\/v2\/product"}],"about":[{"href":"https:\/\/www.retrobuddys.com\/fr\/wp-json\/wp\/v2\/types\/product"}],"wp:featuredmedia":[{"embeddable":true,"href":"https:\/\/www.retrobuddys.com\/fr\/wp-json\/wp\/v2\/media\/1725"}],"wp:attachment":[{"href":"https:\/\/www.retrobuddys.com\/fr\/wp-json\/wp\/v2\/media?parent=6653"}],"wp:term":[{"taxonomy":"product_brand","embeddable":true,"href":"https:\/\/www.retrobuddys.com\/fr\/wp-json\/wp\/v2\/product_brand?post=6653"},{"taxonomy":"product_cat","embeddable":true,"href":"https:\/\/www.retrobuddys.com\/fr\/wp-json\/wp\/v2\/product_cat?post=6653"},{"taxonomy":"product_tag","embeddable":true,"href":"https:\/\/www.retrobuddys.com\/fr\/wp-json\/wp\/v2\/product_tag?post=6653"}],"curies":[{"name":"wp","href":"https:\/\/api.w.org\/{rel}","templated":true}]}}