{"id":6336,"date":"2024-09-20T10:51:14","date_gmt":"2024-09-20T10:51:14","guid":{"rendered":"https:\/\/www.retrobuddys.com\/?post_type=product&#038;p=6336"},"modified":"2026-02-08T16:00:25","modified_gmt":"2026-02-08T16:00:25","slug":"adaptateur-rgbtohdmi-amiga2000-kopie","status":"publish","type":"product","link":"https:\/\/www.retrobuddys.com\/fr\/shop\/mods-hw-amiga\/amiga-500-fr\/adaptateur-rgbtohdmi-amiga2000-kopie\/","title":{"rendered":"Adaptateur RGBtoHDMI Amiga500"},"content":{"rendered":"<h3><strong>Adaptateur RGMtoHDMI pour Amiga500<\/strong><\/h3>\n<p>Cet adaptateur permet de sortir les signaux RGB de l&rsquo;Amiga 500 sur HDMI via un Raspberry Pi. L&rsquo;adaptateur est install\u00e9 dans le socle Denise de l&rsquo;Amiga 500 et la puce Denise est branch\u00e9e sur l&rsquo;adaptateur. Nous proposons l&rsquo;adaptateur en 2 versions : Soit l&rsquo;adaptateur seul, soit un kit complet. Dans la variante adaptateur seul, le CPLD doit \u00eatre flash\u00e9 lui-m\u00eame, un Raspberry PI Zero doit \u00eatre branch\u00e9 et le logiciel configur\u00e9. Dans la variante Plug&amp;Play, tout est inclus et configur\u00e9 pour une utilisation imm\u00e9diate.    <\/p>\n<p><strong>En achetant l&rsquo;adaptateur chez nous, vous soutenez activement le projet, car une partie des recettes est directement revers\u00e9e \u00e0 l&rsquo;\u00e9quipe !<\/strong><\/p>\n<p><strong>Caract\u00e9ristiques<\/strong><\/p>\n<ul>\n<li>Pour Amiga 500<\/li>\n<li>Convertisseur RGB vers HDMI<\/li>\n<\/ul>\n<p><strong>Conditions pr\u00e9alables<\/strong><\/p>\n<ul>\n<li>Amiga 500<\/li>\n<li>Carte SD \u00e0 partir de 8 Go<\/li>\n<li>Raspberry Pi Zero1 ou Zero 2<\/li>\n<li>Le logiciel (voir ci-dessous) doit \u00eatre install\u00e9 sur la carte SD.<\/li>\n<\/ul>\n<p><strong>Contenu de la livraison<\/strong><\/p>\n<ul>\n<li>Adaptateur RGB vers HDMI pour Amiga 500<\/li>\n<li>4 vis et un \u00e9l\u00e9vateur pour le montage du Raspberry Pi Zero (inclus dans le kit)<\/li>\n<li>Raspberry Pi Zero 1 (mont\u00e9 en option uniquement dans le kit)<\/li>\n<li>Carte SD 8 Go avec logiciel install\u00e9 (en option dans le kit uniquement)<\/li>\n<li>C\u00e2ble FPV (bande plate) Mini HDMI m\u00e2le (Raspi) vers HDMI femelle (uniquement dans le kit)<\/li>\n<\/ul>\n<p><strong>Documentation<\/strong><\/p>\n<ul>\n<li>La documentation sur le projet est disponible ici <a href=\"https:\/\/github.com\/LinuxJedi\/AmigaRGBtoHDMI\/tree\/main\/Amiga500CPLD\" target=\"_blank\" rel=\"noopener\">: https:\/\/github.com\/LinuxJedi\/AmigaRGBtoHDMI\/tree\/main\/Amiga500CPLD<\/a><\/li>\n<li>Le logiciel est disponible ici <a href=\"https:\/\/github.com\/hoglet67\/RGBtoHDMI\/wiki\" target=\"_blank\" rel=\"noopener\">: https:\/\/github.com\/hoglet67\/RGBtoHDMI\/wiki<\/a><\/li>\n<li>L&rsquo;image de 8 Go de Retrobuddy se trouve ici <a href=\"https:\/\/www.retrobuddys.com\/download\/a500rgbhdmi.zip\" target=\"_blank\" rel=\"noopener\">: https:\/\/www.retrobuddys.com\/download\/a500rgbhdmi.zip<\/a><\/li>\n<\/ul>\n<p>L&rsquo;adaptateur RGB vers HDMI a \u00e9t\u00e9 d\u00e9velopp\u00e9 par @LinuxJedi Andrew Hutchings en se basant sur les designs de \u00ab\u00a0IanSB\u00a0\u00bb, \u00ab\u00a0c0pperdragon\u00a0\u00bb et \u00ab\u00a0hoglet67\u00a0\u00bb. Nous sommes heureux d&rsquo;offrir un peu de soutien \u00e0 ce projet exceptionnel.<\/p>\n<p>Nous fabriquons les adaptateurs RGB to HDMI en interne.<\/p>\n","protected":false},"excerpt":{"rendered":"<h3><strong>Adaptateur RGBtoHDMI Amiga500<\/strong><\/h3>\n<p>Cet adaptateur permet de sortir les signaux RGB de l&rsquo;Amiga 500 sur HDMI via un Raspberry Pi. L&rsquo;adaptateur est install\u00e9 dans le socle Denise de l&rsquo;Amiga 500 et la puce Denise est branch\u00e9e sur l&rsquo;adaptateur. Nous proposons l&rsquo;adaptateur en 2 versions : Soit l&rsquo;adaptateur seul, soit un kit complet. Dans la variante adaptateur seul, le CPLD doit \u00eatre flash\u00e9 lui-m\u00eame, un Raspberry PI Zero doit \u00eatre branch\u00e9 et le logiciel configur\u00e9. Dans la variante Plug&amp;Play, tout est inclus et configur\u00e9 pour une utilisation imm\u00e9diate.    <\/p>\n<p><strong>En achetant l&rsquo;adaptateur chez nous, vous soutenez activement le projet, car une partie des recettes est directement revers\u00e9e \u00e0 l&rsquo;\u00e9quipe !<\/strong><\/p>\n","protected":false},"featured_media":6283,"template":"","meta":[],"product_brand":[],"product_cat":[233,217,804],"product_tag":[225,276,386,645,644],"class_list":{"0":"post-6336","1":"product","2":"type-product","3":"status-publish","4":"has-post-thumbnail","6":"product_cat-amiga-500-fr","7":"product_cat-mods-hw-amiga","8":"product_cat-rgb2hdmi","9":"product_tag-amiga-fr","10":"product_tag-amiga-500-fr","11":"product_tag-raspberry-fr","12":"product_tag-rgb2hdmi-fr","13":"product_tag-rgbtohdmi-fr","14":"product_shipping_class-dhl-fr","16":"first","17":"instock","18":"taxable","19":"shipping-taxable","20":"purchasable","21":"product-type-variable","22":"has-default-attributes"},"origins":[],"jetpack_sharing_enabled":true,"_links":{"self":[{"href":"https:\/\/www.retrobuddys.com\/fr\/wp-json\/wp\/v2\/product\/6336","targetHints":{"allow":["GET"]}}],"collection":[{"href":"https:\/\/www.retrobuddys.com\/fr\/wp-json\/wp\/v2\/product"}],"about":[{"href":"https:\/\/www.retrobuddys.com\/fr\/wp-json\/wp\/v2\/types\/product"}],"wp:featuredmedia":[{"embeddable":true,"href":"https:\/\/www.retrobuddys.com\/fr\/wp-json\/wp\/v2\/media\/6283"}],"wp:attachment":[{"href":"https:\/\/www.retrobuddys.com\/fr\/wp-json\/wp\/v2\/media?parent=6336"}],"wp:term":[{"taxonomy":"product_brand","embeddable":true,"href":"https:\/\/www.retrobuddys.com\/fr\/wp-json\/wp\/v2\/product_brand?post=6336"},{"taxonomy":"product_cat","embeddable":true,"href":"https:\/\/www.retrobuddys.com\/fr\/wp-json\/wp\/v2\/product_cat?post=6336"},{"taxonomy":"product_tag","embeddable":true,"href":"https:\/\/www.retrobuddys.com\/fr\/wp-json\/wp\/v2\/product_tag?post=6336"}],"curies":[{"name":"wp","href":"https:\/\/api.w.org\/{rel}","templated":true}]}}