{"id":6249,"date":"2024-09-20T10:19:04","date_gmt":"2024-09-20T10:19:04","guid":{"rendered":"https:\/\/www.retrobuddys.com\/?post_type=product&#038;p=6249"},"modified":"2026-02-08T16:00:18","modified_gmt":"2026-02-08T16:00:18","slug":"rgbtohdmi-adapter-amiga2000-3","status":"publish","type":"product","link":"https:\/\/www.retrobuddys.com\/fr\/shop\/mods-hw-amiga\/amiga-2000-fr\/rgbtohdmi-adapter-amiga2000-3\/","title":{"rendered":"Adaptateur RGBtoHDMI Amiga2000"},"content":{"rendered":"<h3><strong>Adaptateur RGMtoHDMI Amiga2000<\/strong><\/h3>\n<p>Cet adaptateur permet de sortir les signaux RGB de l&rsquo;Amiga2000 sur HDMI via un Raspberry Pi. L&rsquo;adaptateur est install\u00e9 dans le slot de l&rsquo;adaptateur vid\u00e9o de l&rsquo;Amiga2000. Nous proposons l&rsquo;adaptateur en 2 variantes : Soit l&rsquo;adaptateur seul avec le cache d&rsquo;impression 3D, soit un kit complet.   Dans la version adaptateur seul, il faut flasher le CPLD lui-m\u00eame, brancher un Raspberry PI Zero et configurer le logiciel. Dans la version Plug&amp;Play, tout est inclus et configur\u00e9 pour une utilisation imm\u00e9diate.<\/p>\n<p><strong>En achetant l&rsquo;adaptateur chez nous, vous soutenez activement le projet, car une partie des recettes est directement revers\u00e9e \u00e0 l&rsquo;\u00e9quipe !<\/strong><\/p>\n<p><strong>Caract\u00e9ristiques<\/strong><\/p>\n<ul>\n<li>Pour Amiga 2000<\/li>\n<li>Convertisseur RGB vers HDMI<\/li>\n<\/ul>\n<p><strong>Conditions pr\u00e9alables<\/strong><\/p>\n<ul>\n<li>Amiga 2000<\/li>\n<li>Carte SD \u00e0 partir de 8 Go<\/li>\n<li>Raspberry Pi Zero1 ou Zero 2<\/li>\n<li>Le logiciel (voir ci-dessous) doit \u00eatre install\u00e9 sur la carte SD.<\/li>\n<li><span style=\"font-size: 14.4px;\">N\u00e9cessite un slot d&rsquo;adaptateur vid\u00e9o libre<\/span><\/li>\n<\/ul>\n<p><strong>Contenu de la livraison<\/strong><\/p>\n<ul>\n<li>Adaptateur RGB vers HDMI pour Amiga 2000<\/li>\n<li>Cache de slot avec vis - mont\u00e9 dans le kit<\/li>\n<li>8 vis et \u00e9l\u00e9vateurs pour le montage du Raspberry Pi Zero (inclus dans le kit)<\/li>\n<li>Raspberry Pi Zero 1 (mont\u00e9 en option uniquement dans le kit)<\/li>\n<li>Carte SD 8 Go avec logiciel install\u00e9 (en option dans le kit uniquement)<\/li>\n<\/ul>\n<p><strong>Documentation<\/strong><\/p>\n<ul>\n<li>La documentation sur le projet est disponible ici <a href=\"https:\/\/github.com\/LinuxJedi\/AmigaRGBtoHDMI\/tree\/main\/Amiga2000CPLDSlot\" target=\"_blank\" rel=\"noopener\">: https:\/\/github.com\/LinuxJedi\/AmigaRGBtoHDMI\/tree\/main\/Amiga2000CPLDSlot<\/a><\/li>\n<li>Le logiciel est disponible ici <a href=\"https:\/\/github.com\/hoglet67\/RGBtoHDMI\/wiki\" target=\"_blank\" rel=\"noopener\">: https:\/\/github.com\/hoglet67\/RGBtoHDMI\/wiki<\/a><\/li>\n<li>L&rsquo;image de 8 Go de Retrobuddy se trouve ici <a href=\"https:\/\/www.retrobuddys.com\/download\/a2krgbhdmi.zip\" target=\"_blank\" rel=\"noopener\">: https:\/\/www.retrobuddys.com\/download\/a2krgbhdmi.zip<\/a><\/li>\n<\/ul>\n<p>L&rsquo;adaptateur RGB vers HDMI a \u00e9t\u00e9 d\u00e9velopp\u00e9 par @LinuxJedi Andrew Hutchings en se basant sur les designs de \u00ab\u00a0IanSB\u00a0\u00bb, \u00ab\u00a0c0pperdragon\u00a0\u00bb et \u00ab\u00a0hoglet67\u00a0\u00bb. Nous sommes heureux d&rsquo;offrir un peu de soutien \u00e0 ce projet exceptionnel.<\/p>\n<p>Nous fabriquons les adaptateurs RGB to HDMI en interne.<\/p>\n","protected":false},"excerpt":{"rendered":"<h3><strong>Adaptateur RGMtoHDMI Amiga2000<\/strong><\/h3>\n<p>Cet adaptateur permet de sortir les signaux RGB de l&rsquo;Amiga2000 sur HDMI via un Raspberry Pi. L&rsquo;adaptateur est install\u00e9 dans le slot de l&rsquo;adaptateur vid\u00e9o de l&rsquo;Amiga2000. Nous proposons l&rsquo;adaptateur en 2 variantes : Soit l&rsquo;adaptateur seul avec le cache d&rsquo;impression 3D, soit un kit complet.   Dans la version adaptateur seul, il faut flasher le CPLD lui-m\u00eame, brancher un Raspberry PI Zero et configurer le logiciel. Dans la version Plug&amp;Play, tout est inclus et configur\u00e9 pour une utilisation imm\u00e9diate.<\/p>\n<p><strong>En achetant l&rsquo;adaptateur chez nous, vous soutenez activement le projet, car une partie des recettes est directement revers\u00e9e \u00e0 l&rsquo;\u00e9quipe !<\/strong><\/p>\n","protected":false},"featured_media":6308,"template":"","meta":[],"product_brand":[],"product_cat":[220,217,804],"product_tag":[647,225,646,386,645,644],"class_list":{"0":"post-6249","1":"product","2":"type-product","3":"status-publish","4":"has-post-thumbnail","6":"product_cat-amiga-2000-fr","7":"product_cat-mods-hw-amiga","8":"product_cat-rgb2hdmi","9":"product_tag-a2k-fr","10":"product_tag-amiga-fr","11":"product_tag-amiga2000-fr","12":"product_tag-raspberry-fr","13":"product_tag-rgb2hdmi-fr","14":"product_tag-rgbtohdmi-fr","15":"product_shipping_class-dhl-fr","17":"first","18":"instock","19":"taxable","20":"shipping-taxable","21":"purchasable","22":"product-type-variable","23":"has-default-attributes"},"jetpack_sharing_enabled":true,"_links":{"self":[{"href":"https:\/\/www.retrobuddys.com\/fr\/wp-json\/wp\/v2\/product\/6249","targetHints":{"allow":["GET"]}}],"collection":[{"href":"https:\/\/www.retrobuddys.com\/fr\/wp-json\/wp\/v2\/product"}],"about":[{"href":"https:\/\/www.retrobuddys.com\/fr\/wp-json\/wp\/v2\/types\/product"}],"wp:featuredmedia":[{"embeddable":true,"href":"https:\/\/www.retrobuddys.com\/fr\/wp-json\/wp\/v2\/media\/6308"}],"wp:attachment":[{"href":"https:\/\/www.retrobuddys.com\/fr\/wp-json\/wp\/v2\/media?parent=6249"}],"wp:term":[{"taxonomy":"product_brand","embeddable":true,"href":"https:\/\/www.retrobuddys.com\/fr\/wp-json\/wp\/v2\/product_brand?post=6249"},{"taxonomy":"product_cat","embeddable":true,"href":"https:\/\/www.retrobuddys.com\/fr\/wp-json\/wp\/v2\/product_cat?post=6249"},{"taxonomy":"product_tag","embeddable":true,"href":"https:\/\/www.retrobuddys.com\/fr\/wp-json\/wp\/v2\/product_tag?post=6249"}],"curies":[{"name":"wp","href":"https:\/\/api.w.org\/{rel}","templated":true}]}}