{"id":5830,"date":"2024-08-19T10:09:23","date_gmt":"2024-08-19T10:09:23","guid":{"rendered":"https:\/\/www.retrobuddys.com\/?post_type=product&#038;p=5830"},"modified":"2026-04-27T20:30:48","modified_gmt":"2026-04-27T20:30:48","slug":"pistorm32-lite-pour-amiga-1200-kopie-3","status":"publish","type":"product","link":"https:\/\/www.retrobuddys.com\/fr\/shop\/mods-hw-amiga\/amiga-1200-fr\/pistorm32-lite-pour-amiga-1200-kopie-3\/","title":{"rendered":"PiStorm32 Lite avec CM4 + carte d&rsquo;E\/S Set complet pour Amiga 1200"},"content":{"rendered":"<h3><strong>PiStorm32 Lite avec carte CM4 I\/O, CM4 2GB+WiFi+ventilateur actif + CaffeineOS SD pour Amiga 1200 *nouveau* *kit complet<\/strong><\/h3>\n<p>PiStorm32 Lite pour l&rsquo;Amiga 1200 utilise un Raspberry Pi comme acc\u00e9l\u00e9rateur de processeur\/\u00a0\u00bbcarte turbo\u00a0\u00bb, carte graphique RTG et comme interface de disque dur sur l&rsquo;Amiga 1200. C&rsquo;est un kit complet \u00ab\u00a0plug and play\u00a0\u00bb avec Raspberry PI CM4 et carte SD avec CaffeineOS et tout est pr\u00e9-assembl\u00e9.<\/p>\n<p><strong>En achetant l&rsquo;adaptateur chez nous, vous soutenez activement le projet, car une partie des recettes est directement revers\u00e9e \u00e0 l&rsquo;\u00e9quipe !<\/strong><\/p>\n<p><strong>Caract\u00e9ristiques<\/strong><\/p>\n<ul>\n<li>Pour Amiga 1200<\/li>\n<li>68020 (~23MIPS) en configuration standard et jusqu&rsquo;\u00e0 68040 avec ~2000 MIPS<\/li>\n<li>Plusieurs options de configuration du processeur (68020\/68030\/68040)<\/li>\n<li>jusqu&rsquo;\u00e0 2 Go de m\u00e9moire (Raspberry PI 4)<\/li>\n<li>Sortie de la carte graphique RTG avec modes haute r\u00e9solution via HDMI.<\/li>\n<li>Carte WLAN pour connecter l&rsquo;Amiga \u00e0 Internet<\/li>\n<\/ul>\n<p><strong>Conditions pr\u00e9alables<\/strong><\/p>\n<ul>\n<li>Amiga 1200<\/li>\n<li>Kickstart 2.05, 3.0, 3.1, 3.1.4, 3.2, 3.2.1, 3.2.2. ou 3.2.3. <\/li>\n<li>Carte SD \u00e0 partir de 8 Go<\/li>\n<li>PiStorm Github<a href=\"https:\/\/github.com\/captain-amygdala\/pistorm\" target=\"_blank\" rel=\"noopener\">(https:\/\/github.com\/captain-amygdala\/pistorm)<\/a><\/li>\n<li>AmigaOS 3.1 ou sup\u00e9rieur<\/li>\n<li>WinUAE pour la configuration sur PC<\/li>\n<\/ul>\n<p><strong>Contenu de la livraison<\/strong><\/p>\n<ul>\n<li>Adaptateur PiStorm32 Lite pour Amiga 1200<\/li>\n<li>Adaptateur PiStorm32 CM4 et carte d&rsquo;E\/S pour Amiga 1200<\/li>\n<li>Raspberry CM4 avec 2 Go de Ram et WiFi - mont\u00e9<\/li>\n<li>Ventilateur actif Waveshare - mont\u00e9<\/li>\n<li>Carte SD 64 Go avec la derni\u00e8re version de CommunityOS install\u00e9e (le r\u00e9veil par le caf\u00e9 et le coca de notre capitaine \ud83d\ude42 )<\/li>\n<li>1 x c\u00e2ble FPC (le c\u00f4t\u00e9 bleu doit \u00eatre en haut) - mont\u00e9<\/li>\n<li>3 x M2.5 10mm vis - mont\u00e9<\/li>\n<li>3 x entretoises (3D Print) - mont\u00e9es<\/li>\n<li>Couverture 3D Print pour Backdoor Amiga1200 (USB, Ethernet et HDMI)<\/li>\n<\/ul>\n<p><strong>Documentation<\/strong><\/p>\n<ul>\n<li>La documentation sur le projet est disponible ici <a href=\"https:\/\/github.com\/captain-amygdala\/pistorm\" target=\"_blank\" rel=\"noopener\">: https:\/\/github.com\/captain-amygdala\/pistorm<\/a><\/li>\n<li>Le logiciel Emu68 de Michal Schulz est disponible ici <a href=\"https:\/\/github.com\/michalsc\/Emu68\" target=\"_blank\" rel=\"noopener\">https:\/\/github.com\/michalsc\/Emu68<\/a><\/li>\n<li>La FAQ de Retro Buddy PiStorm se trouve ici <a href=\"https:\/\/www.retrobuddys.com\/fr\/2025\/01\/02\/faq-pistorm\/\" target=\"_blank\" rel=\"noopener\">https:\/\/www.retrobuddys.com\/2025\/01\/02\/pistorm-faq\/<\/a><\/li>\n<\/ul>\n<p>Le PiStorm a \u00e9t\u00e9 d\u00e9velopp\u00e9 par l&rsquo;\u00e9quipe de Claude Schwarz, Michal Schulz et d&rsquo;autres. Nous sommes heureux d&rsquo;offrir un peu de soutien \u00e0 ce projet exceptionnel.<\/p>\n<p>Nous fabriquons les adaptateurs PiStorm en interne.<\/p>\n","protected":false},"excerpt":{"rendered":"<h3><strong>PiStorm32 Lite avec carte CM4 I\/O, CM4 2Go+WiFi+ventilateur actif + carte SD 64Go pour Amiga 1200 *nouveau* *kit complet*.<\/strong><\/h3>\n<p>PiStorm32 Lite pour l&rsquo;Amiga 1200 utilise un Raspberry Pi comme acc\u00e9l\u00e9rateur de processeur\/\u00a0\u00bbcarte turbo\u00a0\u00bb, carte graphique RTG et comme interface de disque dur sur l&rsquo;Amiga 1200. C&rsquo;est un kit complet \u00ab\u00a0Plug&amp;Play\u00a0\u00bb avec Raspberry PI CM4 et carte SD avec<span style=\"color: #333333; font-size: 14.4px;\"> la derni\u00e8re version de CommunityOS (le r\u00e9veil du caf\u00e9 et du coca de notre capitaine \ud83d\ude42 )<\/span><\/p>\n<p>et tout est pr\u00e9-assembl\u00e9.<\/p>\n","protected":false},"featured_media":5237,"template":"","meta":[],"product_brand":[],"product_cat":[513,217,523],"product_tag":[225,260,386,389],"class_list":{"0":"post-5830","1":"product","2":"type-product","3":"status-publish","4":"has-post-thumbnail","6":"product_cat-amiga-1200-fr","7":"product_cat-mods-hw-amiga","8":"product_cat-pistorm-fr-2","9":"product_tag-amiga-fr","10":"product_tag-pistorm-fr","11":"product_tag-raspberry-fr","12":"product_tag-turbo-fr","13":"product_shipping_class-dhl-fr","15":"first","16":"instock","17":"taxable","18":"shipping-taxable","19":"purchasable","20":"product-type-variable","21":"has-default-attributes"},"origins":[],"jetpack_sharing_enabled":true,"_links":{"self":[{"href":"https:\/\/www.retrobuddys.com\/fr\/wp-json\/wp\/v2\/product\/5830","targetHints":{"allow":["GET"]}}],"collection":[{"href":"https:\/\/www.retrobuddys.com\/fr\/wp-json\/wp\/v2\/product"}],"about":[{"href":"https:\/\/www.retrobuddys.com\/fr\/wp-json\/wp\/v2\/types\/product"}],"wp:featuredmedia":[{"embeddable":true,"href":"https:\/\/www.retrobuddys.com\/fr\/wp-json\/wp\/v2\/media\/5237"}],"wp:attachment":[{"href":"https:\/\/www.retrobuddys.com\/fr\/wp-json\/wp\/v2\/media?parent=5830"}],"wp:term":[{"taxonomy":"product_brand","embeddable":true,"href":"https:\/\/www.retrobuddys.com\/fr\/wp-json\/wp\/v2\/product_brand?post=5830"},{"taxonomy":"product_cat","embeddable":true,"href":"https:\/\/www.retrobuddys.com\/fr\/wp-json\/wp\/v2\/product_cat?post=5830"},{"taxonomy":"product_tag","embeddable":true,"href":"https:\/\/www.retrobuddys.com\/fr\/wp-json\/wp\/v2\/product_tag?post=5830"}],"curies":[{"name":"wp","href":"https:\/\/api.w.org\/{rel}","templated":true}]}}