{"id":5733,"date":"2024-08-15T14:58:16","date_gmt":"2024-08-15T14:58:16","guid":{"rendered":"https:\/\/www.retrobuddys.com\/?post_type=product&#038;p=5733"},"modified":"2026-02-08T16:00:01","modified_gmt":"2026-02-08T16:00:01","slug":"extension-memoire-1mb-pour-amiga-500-kopie","status":"publish","type":"product","link":"https:\/\/www.retrobuddys.com\/fr\/shop\/mods-hw-amiga\/amiga-500-fr\/extension-memoire-1mb-pour-amiga-500-kopie\/","title":{"rendered":"Extension de m\u00e9moire 1MB pour AMIGA 500+ *kit de montage*."},"content":{"rendered":"<p><strong>*Kit d&rsquo;extension m\u00e9moire 1MB pour Amiga 500<\/strong><\/p>\n<p>Il n&rsquo;est pas n\u00e9cessaire de d\u00e9visser l&rsquo;Amiga pour l&rsquo;installer. L&rsquo;extension de la m\u00e9moire est install\u00e9e dans la \u00ab\u00a0trapdoor\u00a0\u00bb situ\u00e9e en bas.<\/p>\n<p>1MB \u00ab\u00a0Chipmem<\/p>\n<ul>\n<li>Le kit comprend tous les composants n\u00e9cessaires, le PCB et le plan de montage (en ligne).<\/li>\n<li>Comp\u00e9tences requises en soudure : CMS + TTH (Through the hole)<\/li>\n<li>Niveau de difficult\u00e9 : Moyen<\/li>\n<li>exclus des retours\/\u00e9changes !<\/li>\n<\/ul>\n<p>Attention : L&rsquo;extension de m\u00e9moire est pour l&rsquo;Amiga 500Plus(+) Rev8a.<br \/>\nPour un Amiga 500 Rev6 ou ant\u00e9rieur, veuillez acheter le mod\u00e8le correspondant dans notre magasin.<\/p>\n","protected":false},"excerpt":{"rendered":"<p>Extension m\u00e9moire 1MB Chipmem pour Amiga 500<\/p>\n","protected":false},"featured_media":1737,"template":"","meta":[],"product_brand":[],"product_cat":[233,398,217,257],"product_tag":[276,285,629],"class_list":{"0":"post-5733","1":"product","2":"type-product","3":"status-publish","4":"has-post-thumbnail","6":"product_cat-amiga-500-fr","7":"product_cat-extension-de-la-memoire","8":"product_cat-mods-hw-amiga","9":"product_cat-pcb-circuits-imprimes","10":"product_tag-amiga-500-fr","11":"product_tag-extension-de-la-memoire","12":"product_tag-kit-de-construction","13":"product_shipping_class-dhl-fr","15":"first","16":"instock","17":"taxable","18":"shipping-taxable","19":"purchasable","20":"product-type-simple"},"jetpack_sharing_enabled":true,"_links":{"self":[{"href":"https:\/\/www.retrobuddys.com\/fr\/wp-json\/wp\/v2\/product\/5733","targetHints":{"allow":["GET"]}}],"collection":[{"href":"https:\/\/www.retrobuddys.com\/fr\/wp-json\/wp\/v2\/product"}],"about":[{"href":"https:\/\/www.retrobuddys.com\/fr\/wp-json\/wp\/v2\/types\/product"}],"wp:featuredmedia":[{"embeddable":true,"href":"https:\/\/www.retrobuddys.com\/fr\/wp-json\/wp\/v2\/media\/1737"}],"wp:attachment":[{"href":"https:\/\/www.retrobuddys.com\/fr\/wp-json\/wp\/v2\/media?parent=5733"}],"wp:term":[{"taxonomy":"product_brand","embeddable":true,"href":"https:\/\/www.retrobuddys.com\/fr\/wp-json\/wp\/v2\/product_brand?post=5733"},{"taxonomy":"product_cat","embeddable":true,"href":"https:\/\/www.retrobuddys.com\/fr\/wp-json\/wp\/v2\/product_cat?post=5733"},{"taxonomy":"product_tag","embeddable":true,"href":"https:\/\/www.retrobuddys.com\/fr\/wp-json\/wp\/v2\/product_tag?post=5733"}],"curies":[{"name":"wp","href":"https:\/\/api.w.org\/{rel}","templated":true}]}}