{"id":5703,"date":"2024-08-15T07:09:42","date_gmt":"2024-08-15T07:09:42","guid":{"rendered":"https:\/\/www.retrobuddys.com\/shop\/non%20class\u00e9\/rtc72423a-sop-24-nos\/"},"modified":"2026-02-08T15:59:50","modified_gmt":"2026-02-08T15:59:50","slug":"rtc72423a-sop-24-nos","status":"publish","type":"product","link":"https:\/\/www.retrobuddys.com\/fr\/shop\/composants-socles-et-elements-de-construction\/rtc72423a-sop-24-nos\/","title":{"rendered":"RTC72423 SOP-24 NOS"},"content":{"rendered":"<p>Epson RTC72423<\/p>\n<ul>\n<li>SOP-24 (SMD) \/ 24-SOIC<\/li>\n<li>NOS (\u00ab\u00a0New old stock\u00a0\u00bb) - Neuf et dans son emballage d&rsquo;origine<\/li>\n<li>variante normale - pas \u00ab\u00a0A\u00a0\u00bb (comme indiqu\u00e9 sur l&rsquo;image)<\/li>\n<li>est utilis\u00e9 dans nos extensions de m\u00e9moire avec RTC<\/li>\n<\/ul>\n","protected":false},"excerpt":{"rendered":"<p>Epson RTC72423 SOP-24 (SMD) \/ 24-SOIC NOS (\u00ab\u00a0New old stock\u00a0\u00bb) - Neuf et dans son emballage d&rsquo;origine variante normale - pas \u00ab\u00a0A\u00a0\u00bb (comme indiqu\u00e9 sur l&rsquo;image) est utilis\u00e9 dans nos extensions de m\u00e9moire avec RTC<\/p>\n","protected":false},"featured_media":5693,"template":"","meta":[],"product_brand":[],"product_cat":[420],"product_tag":[598,620],"class_list":{"0":"post-5703","1":"product","2":"type-product","3":"status-publish","4":"has-post-thumbnail","6":"product_cat-composants-socles-et-elements-de-construction","7":"product_tag-rtc-fr","8":"product_tag-rtc72423-fr","9":"product_shipping_class-maxi-lettre","11":"first","12":"instock","13":"taxable","14":"shipping-taxable","15":"purchasable","16":"product-type-simple"},"jetpack_sharing_enabled":true,"_links":{"self":[{"href":"https:\/\/www.retrobuddys.com\/fr\/wp-json\/wp\/v2\/product\/5703","targetHints":{"allow":["GET"]}}],"collection":[{"href":"https:\/\/www.retrobuddys.com\/fr\/wp-json\/wp\/v2\/product"}],"about":[{"href":"https:\/\/www.retrobuddys.com\/fr\/wp-json\/wp\/v2\/types\/product"}],"wp:featuredmedia":[{"embeddable":true,"href":"https:\/\/www.retrobuddys.com\/fr\/wp-json\/wp\/v2\/media\/5693"}],"wp:attachment":[{"href":"https:\/\/www.retrobuddys.com\/fr\/wp-json\/wp\/v2\/media?parent=5703"}],"wp:term":[{"taxonomy":"product_brand","embeddable":true,"href":"https:\/\/www.retrobuddys.com\/fr\/wp-json\/wp\/v2\/product_brand?post=5703"},{"taxonomy":"product_cat","embeddable":true,"href":"https:\/\/www.retrobuddys.com\/fr\/wp-json\/wp\/v2\/product_cat?post=5703"},{"taxonomy":"product_tag","embeddable":true,"href":"https:\/\/www.retrobuddys.com\/fr\/wp-json\/wp\/v2\/product_tag?post=5703"}],"curies":[{"name":"wp","href":"https:\/\/api.w.org\/{rel}","templated":true}]}}