{"id":5668,"date":"2024-08-15T06:45:46","date_gmt":"2024-08-15T06:45:46","guid":{"rendered":"https:\/\/www.retrobuddys.com\/shop\/non%20class\u00e9\/rtc72421-a-epson-1531c-horloge-temps-reel-chip-dip-socket\/"},"modified":"2026-02-08T15:59:42","modified_gmt":"2026-02-08T15:59:42","slug":"rtc72421-a-epson-1531c-horloge-temps-reel-chip-dip-socket","status":"publish","type":"product","link":"https:\/\/www.retrobuddys.com\/fr\/shop\/composants-socles-et-elements-de-construction\/rtc72421-a-epson-1531c-horloge-temps-reel-chip-dip-socket\/","title":{"rendered":"RTC72421 A \/ Epson 1531C Horloge temps r\u00e9el Chip DIP Socket"},"content":{"rendered":"<p>Puce d&rsquo;horloge temps r\u00e9el Epson RTC 72421A<\/p>\n<ul>\n<li>DIP-18<\/li>\n<li>Occasion, g\u00e9n\u00e9ralement dessoud\u00e9 ou longuement coup\u00e9<\/li>\n<li>test\u00e9<\/li>\n<\/ul>\n","protected":false},"excerpt":{"rendered":"<p>Puce d&rsquo;horloge temps r\u00e9el Epson RTC 72421A DIP-18 Occasion, g\u00e9n\u00e9ralement dessoud\u00e9 ou longuement coup\u00e9 test\u00e9<\/p>\n","protected":false},"featured_media":5672,"template":"","meta":[],"product_brand":[],"product_cat":[420],"product_tag":[598,599],"class_list":{"0":"post-5668","1":"product","2":"type-product","3":"status-publish","4":"has-post-thumbnail","6":"product_cat-composants-socles-et-elements-de-construction","7":"product_tag-rtc-fr","8":"product_tag-rtc72421-fr","9":"product_shipping_class-maxi-lettre","11":"first","12":"instock","13":"taxable","14":"shipping-taxable","15":"purchasable","16":"product-type-simple"},"jetpack_sharing_enabled":true,"_links":{"self":[{"href":"https:\/\/www.retrobuddys.com\/fr\/wp-json\/wp\/v2\/product\/5668","targetHints":{"allow":["GET"]}}],"collection":[{"href":"https:\/\/www.retrobuddys.com\/fr\/wp-json\/wp\/v2\/product"}],"about":[{"href":"https:\/\/www.retrobuddys.com\/fr\/wp-json\/wp\/v2\/types\/product"}],"wp:featuredmedia":[{"embeddable":true,"href":"https:\/\/www.retrobuddys.com\/fr\/wp-json\/wp\/v2\/media\/5672"}],"wp:attachment":[{"href":"https:\/\/www.retrobuddys.com\/fr\/wp-json\/wp\/v2\/media?parent=5668"}],"wp:term":[{"taxonomy":"product_brand","embeddable":true,"href":"https:\/\/www.retrobuddys.com\/fr\/wp-json\/wp\/v2\/product_brand?post=5668"},{"taxonomy":"product_cat","embeddable":true,"href":"https:\/\/www.retrobuddys.com\/fr\/wp-json\/wp\/v2\/product_cat?post=5668"},{"taxonomy":"product_tag","embeddable":true,"href":"https:\/\/www.retrobuddys.com\/fr\/wp-json\/wp\/v2\/product_tag?post=5668"}],"curies":[{"name":"wp","href":"https:\/\/api.w.org\/{rel}","templated":true}]}}