{"id":5664,"date":"2024-08-15T06:37:53","date_gmt":"2024-08-15T06:37:53","guid":{"rendered":"https:\/\/www.retrobuddys.com\/shop\/non%20class\u00e9\/cpu-mc68030rc50c\/"},"modified":"2026-02-08T15:59:36","modified_gmt":"2026-02-08T15:59:36","slug":"cpu-mc68030rc50c","status":"publish","type":"product","link":"https:\/\/www.retrobuddys.com\/fr\/shop\/composants-socles-et-elements-de-construction\/cpu-mc68030rc50c\/","title":{"rendered":"CPU MC68030RC50C utilis\u00e9"},"content":{"rendered":"<p>Motorola MC68030RC50C CPU<\/p>\n<p>PGA-128 Socket<br \/>\n32-bit 50MHz CPU<br \/>\nLes CPU sont utilis\u00e9s et test\u00e9s dans nos cartes TerribleFire \u00e0 50 MHz.<\/p>\n","protected":false},"excerpt":{"rendered":"<p>Motorola MC68030RC50C CPU PGA-128 Socket 32-bit 50MHz CPU Les CPU sont utilis\u00e9s et test\u00e9s dans nos cartes TerribleFire \u00e0 50 MHz.<\/p>\n","protected":false},"featured_media":5658,"template":"","meta":[],"product_brand":[],"product_cat":[420,554],"product_tag":[591,590],"class_list":{"0":"post-5664","1":"product","2":"type-product","3":"status-publish","4":"has-post-thumbnail","6":"product_cat-composants-socles-et-elements-de-construction","7":"product_cat-terriblefire-fr","8":"product_tag-68030-fr","9":"product_tag-cpu-fr","10":"product_shipping_class-dhl-fr","12":"first","13":"outofstock","14":"sold-individually","15":"taxable","16":"shipping-taxable","17":"purchasable","18":"product-type-simple"},"jetpack_sharing_enabled":true,"_links":{"self":[{"href":"https:\/\/www.retrobuddys.com\/fr\/wp-json\/wp\/v2\/product\/5664","targetHints":{"allow":["GET"]}}],"collection":[{"href":"https:\/\/www.retrobuddys.com\/fr\/wp-json\/wp\/v2\/product"}],"about":[{"href":"https:\/\/www.retrobuddys.com\/fr\/wp-json\/wp\/v2\/types\/product"}],"wp:featuredmedia":[{"embeddable":true,"href":"https:\/\/www.retrobuddys.com\/fr\/wp-json\/wp\/v2\/media\/5658"}],"wp:attachment":[{"href":"https:\/\/www.retrobuddys.com\/fr\/wp-json\/wp\/v2\/media?parent=5664"}],"wp:term":[{"taxonomy":"product_brand","embeddable":true,"href":"https:\/\/www.retrobuddys.com\/fr\/wp-json\/wp\/v2\/product_brand?post=5664"},{"taxonomy":"product_cat","embeddable":true,"href":"https:\/\/www.retrobuddys.com\/fr\/wp-json\/wp\/v2\/product_cat?post=5664"},{"taxonomy":"product_tag","embeddable":true,"href":"https:\/\/www.retrobuddys.com\/fr\/wp-json\/wp\/v2\/product_tag?post=5664"}],"curies":[{"name":"wp","href":"https:\/\/api.w.org\/{rel}","templated":true}]}}