{"id":5496,"date":"2024-05-22T07:51:07","date_gmt":"2024-05-22T07:51:07","guid":{"rendered":"https:\/\/www.retrobuddys.com\/?post_type=product&#038;p=5496"},"modified":"2026-03-23T06:04:27","modified_gmt":"2026-03-23T06:04:27","slug":"sandisk-extreme-microsdhc-64-go-avec-communityos","status":"publish","type":"product","link":"https:\/\/www.retrobuddys.com\/fr\/shop\/memoire-cles-memoire\/sandisk-extreme-microsdhc-64-go-avec-communityos\/","title":{"rendered":"SanDisk Extreme microSDHC 64 Go avec CommunityOS"},"content":{"rendered":"<ul>\n<li><span class=\"a-list-item\">La carte m\u00e9moire microSDHC est le compagnon id\u00e9al de nos PiStorms<\/span><\/li>\n<li>La derni\u00e8re version de CommunityOS est install\u00e9e (le r\u00e9veil par le caf\u00e9 et le coca de notre capitaine \ud83d\ude42 )<\/li>\n<li>Uniquement pour les pr\u00e9c\u00e9dents acheteurs d&rsquo;un PiStorm chez nous !<\/li>\n<li>D\u00e9sol\u00e9 pour le prix - le prix des cartes SD a incroyablement augment\u00e9 actuellement.<\/li>\n<\/ul>\n<p>Nous nous r\u00e9servons le droit d&rsquo;annuler les commandes de la carte sans achat pr\u00e9alable d&rsquo;un PiStorm chez nous.<\/p>\n<p>Le fichier torrent actuel peut \u00eatre t\u00e9l\u00e9charg\u00e9 sur <a href=\"https:\/\/bit.ly\/m\/CaffeineOS\" target=\"_blank\" rel=\"noopener\">https:\/\/bit.ly\/m\/CaffeineOS<\/a>. Il est parfaitement pr\u00e9par\u00e9 pour les cartes SD 64 Go de SanDisk. <\/p>\n","protected":false},"excerpt":{"rendered":"<p>La carte m\u00e9moire microSDHC est le compagnon id\u00e9al de nos PiStorms La derni\u00e8re version de CommunityOS est install\u00e9e (le r\u00e9veil par le caf\u00e9 et le coca de notre capitaine \ud83d\ude42 ) Uniquement pour les pr\u00e9c\u00e9dents acheteurs d&rsquo;un PiStorm chez nous ! D\u00e9sol\u00e9 pour le prix - le prix des cartes SD a incroyablement augment\u00e9 actuellement. [&#8230;]\n","protected":false},"featured_media":5752,"template":"","meta":[],"product_brand":[],"product_cat":[281,523],"product_tag":[633,260],"class_list":{"0":"post-5496","1":"product","2":"type-product","3":"status-publish","4":"has-post-thumbnail","6":"product_cat-memoire-cles-memoire","7":"product_cat-pistorm-fr-2","8":"product_tag-caffeineos-fr","9":"product_tag-pistorm-fr","10":"product_shipping_class-grande-lettre","12":"first","13":"outofstock","14":"taxable","15":"shipping-taxable","16":"purchasable","17":"product-type-simple"},"origins":[],"jetpack_sharing_enabled":true,"_links":{"self":[{"href":"https:\/\/www.retrobuddys.com\/fr\/wp-json\/wp\/v2\/product\/5496","targetHints":{"allow":["GET"]}}],"collection":[{"href":"https:\/\/www.retrobuddys.com\/fr\/wp-json\/wp\/v2\/product"}],"about":[{"href":"https:\/\/www.retrobuddys.com\/fr\/wp-json\/wp\/v2\/types\/product"}],"wp:featuredmedia":[{"embeddable":true,"href":"https:\/\/www.retrobuddys.com\/fr\/wp-json\/wp\/v2\/media\/5752"}],"wp:attachment":[{"href":"https:\/\/www.retrobuddys.com\/fr\/wp-json\/wp\/v2\/media?parent=5496"}],"wp:term":[{"taxonomy":"product_brand","embeddable":true,"href":"https:\/\/www.retrobuddys.com\/fr\/wp-json\/wp\/v2\/product_brand?post=5496"},{"taxonomy":"product_cat","embeddable":true,"href":"https:\/\/www.retrobuddys.com\/fr\/wp-json\/wp\/v2\/product_cat?post=5496"},{"taxonomy":"product_tag","embeddable":true,"href":"https:\/\/www.retrobuddys.com\/fr\/wp-json\/wp\/v2\/product_tag?post=5496"}],"curies":[{"name":"wp","href":"https:\/\/api.w.org\/{rel}","templated":true}]}}