{"id":5317,"date":"2024-02-16T10:20:21","date_gmt":"2024-02-16T10:20:21","guid":{"rendered":"https:\/\/www.retrobuddys.com\/?post_type=product&#038;p=5317"},"modified":"2025-01-05T08:35:46","modified_gmt":"2025-01-05T08:35:46","slug":"connecteur-amiga-db23-male-soldercup-nouveau-kopie","status":"publish","type":"product","link":"https:\/\/www.retrobuddys.com\/fr\/shop\/mods-hw-amiga\/divers\/connecteur-amiga-db23-male-soldercup-nouveau-kopie\/","title":{"rendered":"Connecteur Amiga DB23 female Soldercup *nouveau"},"content":{"rendered":"<p>Amiga DB23 female Soldercup connector *Nouveau<\/p>\n<p>DB23 femelle \/ femelleConnecteur pour port RVB sans bo\u00eetier avec fil de soudure, RoHS compliant.<br \/>\nConnecteurs DB23 de haute qualit\u00e9 et nouvellement fabriqu\u00e9s sans bo\u00eetier. <strong>* Pas de \u00ab\u00a0NOS\u00a0\u00bb.<\/strong><\/p>\n<div class=\"attribute-item\"><\/div>\n<div class=\"attribute-item\">\n<div class=\"left\">Isolateur : PBT+30%GF(UL94V-0)<\/div>\n<\/div>\n<div class=\"attribute-item\">\n<div class=\"left\">Placage de contact : 1u\u00a0\u00bb\/15u\u00a0\u00bb\/30u\u00a0\u00bb plaqu\u00e9 or sur nickel<\/div>\n<\/div>\n<div class=\"attribute-item\">\n<div class=\"left\">Placage de la coquille : Cu60u\u00a0\u00bb\/Ni 100-120u\u00a0\u00bb<\/div>\n<\/div>\n<div class=\"attribute-item\">\n<div class=\"left\">R\u00e9sistance \u00e0 l&rsquo;isolation : 1000M Ohms Min.\/500 VDC<\/div>\n<\/div>\n<div class=\"attribute-item\">\n<div class=\"left\">Courant : 10A\/20A\/30A\/40A<\/div>\n<\/div>\n<div class=\"attribute-item\">\n<div class=\"left\">Mat\u00e9riau de la coque : SPCC-SD<\/div>\n<\/div>\n","protected":false},"excerpt":{"rendered":"<p>Amiga DB23 female Soldercup connector *Nouveau DB23 femelle \/ femelleConnecteur pour port RVB sans bo\u00eetier avec fil de soudure, RoHS compliant. Connecteurs DB23 de haute qualit\u00e9 et nouvellement fabriqu\u00e9s sans bo\u00eetier. * Pas de \u00ab\u00a0NOS\u00a0\u00bb. Isolateur : PBT+30%GF(UL94V-0) Placage de contact : 1u\u00a0\u00bb\/15u\u00a0\u00bb\/30u\u00a0\u00bb plaqu\u00e9 or sur nickel Placage de la coquille : Cu60u\u00a0\u00bb\/Ni 100-120u\u00a0\u00bb R\u00e9sistance [&#8230;]\n","protected":false},"featured_media":5327,"template":"","meta":[],"product_brand":[],"product_cat":[420,255,217],"product_tag":[571,570],"class_list":{"0":"post-5317","1":"product","2":"type-product","3":"status-publish","4":"has-post-thumbnail","6":"product_cat-composants-socles-et-elements-de-construction","7":"product_cat-divers","8":"product_cat-mods-hw-amiga","9":"product_tag-composant","10":"product_tag-composants","11":"product_shipping_class-maxi-lettre","13":"first","14":"instock","15":"taxable","16":"shipping-taxable","17":"purchasable","18":"product-type-simple"},"jetpack_sharing_enabled":true,"_links":{"self":[{"href":"https:\/\/www.retrobuddys.com\/fr\/wp-json\/wp\/v2\/product\/5317","targetHints":{"allow":["GET"]}}],"collection":[{"href":"https:\/\/www.retrobuddys.com\/fr\/wp-json\/wp\/v2\/product"}],"about":[{"href":"https:\/\/www.retrobuddys.com\/fr\/wp-json\/wp\/v2\/types\/product"}],"wp:featuredmedia":[{"embeddable":true,"href":"https:\/\/www.retrobuddys.com\/fr\/wp-json\/wp\/v2\/media\/5327"}],"wp:attachment":[{"href":"https:\/\/www.retrobuddys.com\/fr\/wp-json\/wp\/v2\/media?parent=5317"}],"wp:term":[{"taxonomy":"product_brand","embeddable":true,"href":"https:\/\/www.retrobuddys.com\/fr\/wp-json\/wp\/v2\/product_brand?post=5317"},{"taxonomy":"product_cat","embeddable":true,"href":"https:\/\/www.retrobuddys.com\/fr\/wp-json\/wp\/v2\/product_cat?post=5317"},{"taxonomy":"product_tag","embeddable":true,"href":"https:\/\/www.retrobuddys.com\/fr\/wp-json\/wp\/v2\/product_tag?post=5317"}],"curies":[{"name":"wp","href":"https:\/\/api.w.org\/{rel}","templated":true}]}}