{"id":5030,"date":"2024-01-31T21:24:13","date_gmt":"2024-01-31T21:24:13","guid":{"rendered":"https:\/\/www.retrobuddys.com\/?post_type=product&#038;p=5030"},"modified":"2026-04-01T15:57:48","modified_gmt":"2026-04-01T15:57:48","slug":"pistorm32-lite-pour-amiga-1200-kopie-2","status":"publish","type":"product","link":"https:\/\/www.retrobuddys.com\/fr\/shop\/mods-hw-amiga\/amiga-1200-fr\/pistorm32-lite-pour-amiga-1200-kopie-2\/","title":{"rendered":"Adaptateur PiStorm32 CM4 et carte d&rsquo;E\/S"},"content":{"rendered":"<h3><strong>Adaptateur PiStorm32 CM4 et carte d&rsquo;E\/S  <\/strong><\/h3>\n<p>La carte d&rsquo;adaptation CM4 permet d&rsquo;\u00e9quiper ton PiStorm32 Lite d&rsquo;un Raspberry Pi CM4 ComputeModul et de d\u00e9brancher les ports E\/S externes sur la porte arri\u00e8re de l&rsquo;Amiga1200. Nous proposons l&rsquo;adaptateur CM4 pour le PiStorm32 Lite avec diff\u00e9rents modules RaspberryPi CM4 ainsi qu&rsquo;un refroidissement actif ou passif. Le module CM4 *doit* obligatoirement \u00eatre refroidi et tu as besoin d&rsquo;un adaptateur PiStorm32 Lite. Si tu ach\u00e8tes la carte adaptateur CM4 chez nous, elle sera livr\u00e9e mont\u00e9e avec le radiateur choisi !<br \/>\nIl s&rsquo;agit \u00ab\u00a0seulement\u00a0\u00bb du Raspberry Pi CM4 et de la carte d&rsquo;entr\u00e9e\/sortie.<\/p>\n<p><strong>En achetant l&rsquo;adaptateur chez nous, vous soutenez activement le projet, car une partie des recettes est directement revers\u00e9e \u00e0 l&rsquo;\u00e9quipe !<\/strong><\/p>\n<p><strong>Caract\u00e9ristiques<\/strong><\/p>\n<ul>\n<li>Pour PiStorm32 Lite pour Amiga 1200<\/li>\n<li>68020 (~23MIPS) en configuration standard et jusqu&rsquo;\u00e0 68040 avec ~2000 MIPS<\/li>\n<li>Plusieurs options de configuration du processeur (68020\/68030\/68040) via EMU68 ou Musashi<\/li>\n<\/ul>\n<p><strong>Conditions pr\u00e9alables<\/strong><\/p>\n<ul>\n<li>Adaptateur Amiga 1200 et PiStorm32 Lite<\/li>\n<li>PiStorm Github<a href=\"https:\/\/github.com\/captain-amygdala\/pistorm\" target=\"_blank\" rel=\"noopener\">(https:\/\/github.com\/captain-amygdala\/pistorm)<\/a><\/li>\n<\/ul>\n<p><strong>En option<\/strong><\/p>\n<ul>\n<li>Module RaspberryPi CM4 (mont\u00e9)<\/li>\n<li>refroidissement actif ou passif (mont\u00e9)<\/li>\n<li>Antenne WiFi externe de Waveshare (non mont\u00e9e)<\/li>\n<\/ul>\n<p><strong>Contenu de la livraison<\/strong><\/p>\n<ul>\n<li>Adaptateur PiStorm32 CM4 et carte d&rsquo;E\/S pour Amiga 1200 (non inclus) et PiStorm32 Lite (non inclus)<\/li>\n<li>1 x c\u00e2ble FPC (le c\u00f4t\u00e9 bleu doit \u00eatre en haut)<\/li>\n<li>3 x M2.5 10mm vis<\/li>\n<li>3 x entretoises (impression 3D)<\/li>\n<li>Couverture 3D Print pour Backdoor Amiga1200 (USB, Ethernet et HDMI)<\/li>\n<\/ul>\n<p><strong>Documentation<\/strong><\/p>\n<ul>\n<li>La documentation sur le projet est disponible ici <a href=\"https:\/\/github.com\/captain-amygdala\/pistorm\" target=\"_blank\" rel=\"noopener\">: https:\/\/github.com\/captain-amygdala\/pistorm<\/a><\/li>\n<li>Le logiciel Emu68 de Michal Schulz est disponible ici <a href=\"https:\/\/github.com\/michalsc\/Emu68\" target=\"_blank\" rel=\"noopener\">https:\/\/github.com\/michalsc\/Emu68<\/a><\/li>\n<\/ul>\n<p>Le PiStorm a \u00e9t\u00e9 d\u00e9velopp\u00e9 par l&rsquo;\u00e9quipe de Claude Schwarz, Michal Schulz et d&rsquo;autres. Nous sommes heureux d&rsquo;offrir un peu de soutien \u00e0 ce projet exceptionnel.<\/p>\n<p>Nous fabriquons les adaptateurs PiStorm en interne.<\/p>\n","protected":false},"excerpt":{"rendered":"<h3><strong>Adaptateur PiStorm32 CM4 et carte d&rsquo;E\/S<\/strong><\/h3>\n<p>La carte d&rsquo;adaptation CM4 permet d&rsquo;\u00e9quiper ton PiStorm32 Lite d&rsquo;un Raspberry Pi CM4 ComputeModul et de d\u00e9brancher les ports E\/S externes sur la porte arri\u00e8re de l&rsquo;Amiga1200. Nous proposons l&rsquo;adaptateur CM4 pour le PiStorm32 Lite avec diff\u00e9rents modules RaspberryPi CM4 ainsi qu&rsquo;un refroidissement actif ou passif. Le module CM4 *doit* obligatoirement \u00eatre refroidi et tu as besoin d&rsquo;un adaptateur PiStorm32 Lite. Il s&rsquo;agit \u00ab\u00a0uniquement\u00a0\u00bb de la carte Raspberry Pi et I\/O.<\/p>\n","protected":false},"featured_media":5237,"template":"","meta":[],"product_brand":[],"product_cat":[513,217,523],"product_tag":[225,565,260,386,389],"class_list":{"0":"post-5030","1":"product","2":"type-product","3":"status-publish","4":"has-post-thumbnail","6":"product_cat-amiga-1200-fr","7":"product_cat-mods-hw-amiga","8":"product_cat-pistorm-fr-2","9":"product_tag-amiga-fr","10":"product_tag-cm4-fr","11":"product_tag-pistorm-fr","12":"product_tag-raspberry-fr","13":"product_tag-turbo-fr","14":"product_shipping_class-dhl-fr","16":"first","17":"onbackorder","18":"taxable","19":"shipping-taxable","20":"purchasable","21":"product-type-variable","22":"has-default-attributes"},"jetpack_sharing_enabled":true,"_links":{"self":[{"href":"https:\/\/www.retrobuddys.com\/fr\/wp-json\/wp\/v2\/product\/5030","targetHints":{"allow":["GET"]}}],"collection":[{"href":"https:\/\/www.retrobuddys.com\/fr\/wp-json\/wp\/v2\/product"}],"about":[{"href":"https:\/\/www.retrobuddys.com\/fr\/wp-json\/wp\/v2\/types\/product"}],"wp:featuredmedia":[{"embeddable":true,"href":"https:\/\/www.retrobuddys.com\/fr\/wp-json\/wp\/v2\/media\/5237"}],"wp:attachment":[{"href":"https:\/\/www.retrobuddys.com\/fr\/wp-json\/wp\/v2\/media?parent=5030"}],"wp:term":[{"taxonomy":"product_brand","embeddable":true,"href":"https:\/\/www.retrobuddys.com\/fr\/wp-json\/wp\/v2\/product_brand?post=5030"},{"taxonomy":"product_cat","embeddable":true,"href":"https:\/\/www.retrobuddys.com\/fr\/wp-json\/wp\/v2\/product_cat?post=5030"},{"taxonomy":"product_tag","embeddable":true,"href":"https:\/\/www.retrobuddys.com\/fr\/wp-json\/wp\/v2\/product_tag?post=5030"}],"curies":[{"name":"wp","href":"https:\/\/api.w.org\/{rel}","templated":true}]}}