{"id":4807,"date":"2024-01-27T06:53:07","date_gmt":"2024-01-27T06:53:07","guid":{"rendered":"https:\/\/www.retrobuddys.com\/?post_type=product&#038;p=4807"},"modified":"2026-04-30T13:42:02","modified_gmt":"2026-04-30T13:42:02","slug":"pistorm600-pour-amiga-600-kopie","status":"publish","type":"product","link":"https:\/\/www.retrobuddys.com\/fr\/shop\/mods-hw-amiga\/amiga-2000-fr\/pistorm600-pour-amiga-600-kopie\/","title":{"rendered":"TerribleFire TF536 pour Amiga 500\/500+\/2000"},"content":{"rendered":"<h3><strong>Carte acc\u00e9l\u00e9ratrice TerribleFire TF 536 *nouvelle<\/strong><\/h3>\n<p>La carte acc\u00e9l\u00e9ratrice Terrible Fire 536 a \u00e9t\u00e9 con\u00e7ue pour \u00eatre install\u00e9e dans un Amiga 500\/500+ ou un Amiga 2000. Il offre une unit\u00e9 centrale Motorola 68030 \u00e0 part enti\u00e8re (avec MMU), cadenc\u00e9e \u00e0 50 MHz, 64 Mo de RAM et un port IDE 2,5&Prime; 44 p\u00f4les pour les disques durs et les adaptateurs CF.<\/p>\n<p>Dans l&rsquo;Amiga 2000, le CPU doit \u00eatre retir\u00e9 et la carte TerribleFire doit \u00eatre ins\u00e9r\u00e9e dans le socket du co-processeur - l&rsquo;adaptateur est fourni si Amiga2000 est s\u00e9lectionn\u00e9.<\/p>\n<p>La carte acc\u00e9l\u00e9ratrice Terrible Fire 536 contient notre nouvel adaptateur CPU Relocator, qui permet d&rsquo;installer l&rsquo;acc\u00e9l\u00e9rateur dans un Amiga 500 avec bo\u00eetier et clavier d&rsquo;origine. Si vous souhaitez ajouter 512 ou 1MB de CHIP-RAM, veuillez consulter nos extensions de m\u00e9moire Trapdoor pour Amiga 500 et Amiga 500 Plus. Ils sont le compl\u00e9ment parfait du Terrible Fire Accelerator. Avec 512kb de chipram, la carte n&rsquo;est pas tr\u00e8s \u00ab\u00a0fun\u00a0\u00bb dans l&rsquo;Amiga 500.<\/p>\n<p>Avec notre nouvelle solution bas\u00e9e sur l&rsquo;adaptateur LazaruStorm, notre adaptateur RGB2HDMI fonctionne parfaitement et vous pouvez facilement et agr\u00e9ablement changer la carte CF. Une solution interne (TF536+RGB2HDMI) dans l&rsquo;Amiga500 n&rsquo;est toujours pas possible pour des raisons d&rsquo;espace. Veuillez noter que l&rsquo;adaptateur LazaruStorm est un \u00ab\u00a0hack mat\u00e9riel\u00a0\u00bb (il peut y avoir des instabilit\u00e9s avec un CPU 68k ins\u00e9r\u00e9 plus loin), qu&rsquo;il ne fonctionne qu&rsquo;avec la Rev 6a ou plus et qu&rsquo;un point de soudure doit \u00eatre plac\u00e9 sur la carte m\u00e8re.  <\/p>\n<p><strong>Caract\u00e9ristiques<\/strong><\/p>\n<ul>\n<li>Pour Amiga 500\/500+\/2000<\/li>\n<li>64MB Fast Ram sur la carte<\/li>\n<li>68030 CPU \u00e0 50MHz<\/li>\n<li>Contr\u00f4leur IDE 44pin pour disques durs ou cartes CF\/SD<\/li>\n<\/ul>\n<p><strong>Conditions pr\u00e9alables<\/strong><\/p>\n<ul>\n<li>Amiga 500\/500+\/2000<\/li>\n<li>Kickstart 2.05, 3.0, 3.1, 3.1.4, 3.2, 3.2.1 ou 3.2.2.<\/li>\n<li>AmigaOS 3.1 ou sup\u00e9rieur<\/li>\n<\/ul>\n<p><strong>En option<\/strong><\/p>\n<ul>\n<li>Amiga OS 3.2.2.1 pr\u00e9configur\u00e9 sur carte CF avec 3.2 Kickstart ROM 47.111 pour Amiga 500\/600\/2000<\/li>\n<li>solution externe avec adaptateur LazaruStorm et bo\u00eetier pour Amiga500<\/li>\n<\/ul>\n<p><strong>Contenu de la livraison<\/strong><\/p>\n<ul>\n<li>TF536 Adaptateur pour Amiga 500\/500+\/2000<\/li>\n<li>68030 RC50 CPU avec 50MHz<\/li>\n<li>Relocalisateur de CPU<\/li>\n<li>C\u00e2ble IDE 2.5&Prime; 5cm et adaptateur IDE vers CF<\/li>\n<\/ul>\n<p><strong>Documentation<\/strong><\/p>\n<ul>\n<li>Le TerribleFire TF536 est un adaptateur plug-and-play.<\/li>\n<\/ul>\n<p>Le TF536 a \u00e9t\u00e9 d\u00e9velopp\u00e9 par Stephen Leary.<br \/>\nNous sommes heureux de fournir une assistance pour ce projet exceptionnel et de fabriquer les adaptateurs en interne.<\/p>\n","protected":false},"excerpt":{"rendered":"<h3><strong>Carte acc\u00e9l\u00e9ratrice TerribleFire TF 536 *nouvelle<\/strong><\/h3>\n<p>La carte acc\u00e9l\u00e9ratrice Terrible Fire 536 a \u00e9t\u00e9 con\u00e7ue pour \u00eatre install\u00e9e dans un Amiga 500\/500+ ou un Amiga 2000. Il offre une unit\u00e9 centrale Motorola 68030 \u00e0 part enti\u00e8re (avec MMU), cadenc\u00e9e \u00e0 50 MHz, 64 Mo de RAM et un port IDE 2,5&Prime; 44 p\u00f4les pour les disques durs et les adaptateurs CF.<\/p>\n<p>&nbsp;<\/p>\n","protected":false},"featured_media":4917,"template":"","meta":[],"product_brand":[],"product_cat":[220,233,217,554],"product_tag":[225,556,555,389],"class_list":{"0":"post-4807","1":"product","2":"type-product","3":"status-publish","4":"has-post-thumbnail","6":"product_cat-amiga-2000-fr","7":"product_cat-amiga-500-fr","8":"product_cat-mods-hw-amiga","9":"product_cat-terriblefire-fr","10":"product_tag-amiga-fr","11":"product_tag-terriblefire-fr","12":"product_tag-tf-fr","13":"product_tag-turbo-fr","14":"product_shipping_class-dhl-fr","16":"first","17":"outofstock","18":"taxable","19":"shipping-taxable","20":"purchasable","21":"product-type-variable","22":"has-default-attributes"},"jetpack_sharing_enabled":true,"_links":{"self":[{"href":"https:\/\/www.retrobuddys.com\/fr\/wp-json\/wp\/v2\/product\/4807","targetHints":{"allow":["GET"]}}],"collection":[{"href":"https:\/\/www.retrobuddys.com\/fr\/wp-json\/wp\/v2\/product"}],"about":[{"href":"https:\/\/www.retrobuddys.com\/fr\/wp-json\/wp\/v2\/types\/product"}],"wp:featuredmedia":[{"embeddable":true,"href":"https:\/\/www.retrobuddys.com\/fr\/wp-json\/wp\/v2\/media\/4917"}],"wp:attachment":[{"href":"https:\/\/www.retrobuddys.com\/fr\/wp-json\/wp\/v2\/media?parent=4807"}],"wp:term":[{"taxonomy":"product_brand","embeddable":true,"href":"https:\/\/www.retrobuddys.com\/fr\/wp-json\/wp\/v2\/product_brand?post=4807"},{"taxonomy":"product_cat","embeddable":true,"href":"https:\/\/www.retrobuddys.com\/fr\/wp-json\/wp\/v2\/product_cat?post=4807"},{"taxonomy":"product_tag","embeddable":true,"href":"https:\/\/www.retrobuddys.com\/fr\/wp-json\/wp\/v2\/product_tag?post=4807"}],"curies":[{"name":"wp","href":"https:\/\/api.w.org\/{rel}","templated":true}]}}