{"id":4478,"date":"2024-01-03T21:14:28","date_gmt":"2024-01-03T21:14:28","guid":{"rendered":"https:\/\/www.retrobuddys.com\/?post_type=product&#038;p=4478"},"modified":"2026-04-24T05:50:12","modified_gmt":"2026-04-24T05:50:12","slug":"pistorm32-lite-pour-amiga-1200-kopie-kopie","status":"publish","type":"product","link":"https:\/\/www.retrobuddys.com\/fr\/shop\/mods-hw-amiga\/amiga-600-fr\/pistorm32-lite-pour-amiga-1200-kopie-kopie\/","title":{"rendered":"PiStorm600 pour Amiga 600 *BLACK"},"content":{"rendered":"<h3><span style=\"color: #ed1c24;\">*lot actuel \u00e9puis\u00e9 - nouveau lot en cours de livraison. Exp\u00e9dition \u00e0 partir d&rsquo;environ 7.5.* <\/span><\/h3>\n<h3><strong>PiStorm600 pour Amiga 600 *nouveau<\/strong><\/h3>\n<p>PiStorm600 pour l&rsquo;Amiga 600 utilise un Raspberry Pi comme acc\u00e9l\u00e9rateur de processeur\/\u00a0\u00bbcarte turbo\u00a0\u00bb, carte graphique RTG et interface de disque dur. Il a \u00e9t\u00e9 sp\u00e9cialement con\u00e7u pour l&rsquo;Amiga 600.<br \/>\nUn Raspberry Pi 3a+ ou Raspberry Zero2WH est obligatoire pour le fonctionnement, mais il n&rsquo;est pas inclus dans le paquet standard. Celui-ci peut toutefois \u00eatre command\u00e9 en option chez nous. Nous utilisons exclusivement les socles AMP tr\u00e8s puissants, de sorte que le PiStorm600 n&rsquo;a pas besoin d&rsquo;\u00eatre fix\u00e9 en plus \u00e0 la carte m\u00e8re.<\/p>\n<p>Couleur actuelle du PCB : Noir \/ BLACK (images en rouge pour r\u00e9f\u00e9rence uniquement)<\/p>\n<p><strong>Caract\u00e9ristiques<\/strong><\/p>\n<ul>\n<li>Pour Amiga 600<\/li>\n<li>68020 (~23MIPS) en configuration standard et jusqu&rsquo;\u00e0 68040 avec ~2000 MIPS<\/li>\n<li>Plusieurs options de configuration du processeur (68020\/68030\/68040)<\/li>\n<li>jusqu&rsquo;\u00e0 128 Mo de m\u00e9moire<\/li>\n<li>Sortie de la carte graphique RTG avec modes haute r\u00e9solution via HDMI.<\/li>\n<li>Carte WLAN pour connecter l&rsquo;Amiga \u00e0 Internet ou \u00e0 un r\u00e9seau local (Musashi - ne fonctionne pas encore avec EMU68)<\/li>\n<\/ul>\n<p><strong>Conditions pr\u00e9alables<\/strong><\/p>\n<ul>\n<li>Amiga 600<\/li>\n<li>Kickstart 2.05, 3.0, 3.1, 3.1.4, 3.2, 3.2.1 ou 3.2.2.<\/li>\n<li>Carte SD \u00e0 partir de 8 Go<\/li>\n<li>PiStorm Github<a href=\"https:\/\/github.com\/captain-amygdala\/pistorm\" target=\"_blank\" rel=\"noopener\">(https:\/\/github.com\/captain-amygdala\/pistorm)<\/a><\/li>\n<li>AmigaOS 3.1 ou sup\u00e9rieur<\/li>\n<li>WinUAE pour la configuration sur PC<\/li>\n<\/ul>\n<p><strong>En option<\/strong><\/p>\n<ul>\n<li>Amiga OS 3.2.3 pr\u00e9-configur\u00e9 sur carte SD<\/li>\n<li>Carte SD 64 Go avec la derni\u00e8re version de CommunityOS install\u00e9e (le r\u00e9veil par le caf\u00e9 et le coca de notre capitaine \ud83d\ude42 )<\/li>\n<li>C\u00e2ble d&rsquo;extension SD + HDMI FPV<\/li>\n<\/ul>\n<p><strong>Contenu de la livraison<\/strong><\/p>\n<ul>\n<li>Adaptateur PiStorm600 pour Amiga 600<\/li>\n<li>2 x M2.5 8mm vis<\/li>\n<li>2 x entretoises<\/li>\n<\/ul>\n<p><strong>Documentation<\/strong><\/p>\n<ul>\n<li>La documentation sur le projet est disponible ici <a href=\"https:\/\/github.com\/captain-amygdala\/pistorm\" target=\"_blank\" rel=\"noopener\">: https:\/\/github.com\/captain-amygdala\/pistorm<\/a><\/li>\n<li>Le logiciel Emu68 de Michal Schulz est disponible ici <a href=\"https:\/\/github.com\/michalsc\/Emu68\" target=\"_blank\" rel=\"noopener\">https:\/\/github.com\/michalsc\/Emu68<\/a><\/li>\n<li>PiStorm600 de Leigh Russ <a href=\"https:\/\/github.com\/LemaruX\/PiStorm600\" target=\"_blank\" rel=\"noopener\">https:\/\/github.com\/LemaruX\/PiStorm600<\/a><\/li>\n<li>La FAQ de Retro Buddy PiStorm se trouve ici <a href=\"https:\/\/www.retrobuddys.com\/fr\/2025\/01\/02\/faq-pistorm\/\" target=\"_blank\" rel=\"noopener\">https:\/\/www.retrobuddys.com\/2025\/01\/02\/pistorm-faq\/<\/a><\/li>\n<\/ul>\n<p>Le PiStorm a \u00e9t\u00e9 d\u00e9velopp\u00e9 par l&rsquo;\u00e9quipe de Claude Schwarz, Michal Schulz et d&rsquo;autres. Le PiStorm 600 a \u00e9t\u00e9 d\u00e9velopp\u00e9 par Leigh Russ \/ LemaruX sur la base du PiStorm 500.<br \/>\nNous sommes heureux de fournir une assistance pour ce projet exceptionnel.<\/p>\n<p>Nous fabriquons les adaptateurs PiStorm en interne.<\/p>\n","protected":false},"excerpt":{"rendered":"<h3><span style=\"color: #ed1c24;\">*lot actuel \u00e9puis\u00e9 - nouveau lot en cours de livraison. Exp\u00e9dition \u00e0 partir d&rsquo;environ 7.5.* <\/span><\/h3>\n<h3><strong>PiStorm600 pour Amiga 600 *nouveau<\/strong><\/h3>\n<p>PiStorm600 pour l&rsquo;Amiga 600 utilise un Raspberry Pi comme acc\u00e9l\u00e9rateur de processeur\/\u00a0\u00bbcarte turbo\u00a0\u00bb, carte graphique RTG et interface de disque dur. Il a \u00e9t\u00e9 sp\u00e9cialement con\u00e7u pour l&rsquo;Amiga 600.<br \/>\nUn Raspberry Pi 3a+ ou Raspberry Zero2WH est obligatoire pour le fonctionnement, mais il n&rsquo;est pas inclus dans le paquet standard. Celui-ci peut toutefois \u00eatre command\u00e9 en option chez nous. Nous utilisons exclusivement les socles AMP tr\u00e8s puissants, de sorte que le PiStorm600 n&rsquo;a pas besoin d&rsquo;\u00eatre fix\u00e9 en plus \u00e0 la carte m\u00e8re.<\/p>\n","protected":false},"featured_media":8114,"template":"","meta":[],"product_brand":[],"product_cat":[258,217,523],"product_tag":[225,260,546,386,524,389],"class_list":{"0":"post-4478","1":"product","2":"type-product","3":"status-publish","4":"has-post-thumbnail","6":"product_cat-amiga-600-fr","7":"product_cat-mods-hw-amiga","8":"product_cat-pistorm-fr-2","9":"product_tag-amiga-fr","10":"product_tag-pistorm-fr","11":"product_tag-pistorm600-fr","12":"product_tag-raspberry-fr","13":"product_tag-raspi-fr","14":"product_tag-turbo-fr","15":"product_shipping_class-dhl-fr","17":"first","18":"onbackorder","19":"taxable","20":"shipping-taxable","21":"purchasable","22":"product-type-variable","23":"has-default-attributes"},"origins":[],"jetpack_sharing_enabled":true,"_links":{"self":[{"href":"https:\/\/www.retrobuddys.com\/fr\/wp-json\/wp\/v2\/product\/4478","targetHints":{"allow":["GET"]}}],"collection":[{"href":"https:\/\/www.retrobuddys.com\/fr\/wp-json\/wp\/v2\/product"}],"about":[{"href":"https:\/\/www.retrobuddys.com\/fr\/wp-json\/wp\/v2\/types\/product"}],"wp:featuredmedia":[{"embeddable":true,"href":"https:\/\/www.retrobuddys.com\/fr\/wp-json\/wp\/v2\/media\/8114"}],"wp:attachment":[{"href":"https:\/\/www.retrobuddys.com\/fr\/wp-json\/wp\/v2\/media?parent=4478"}],"wp:term":[{"taxonomy":"product_brand","embeddable":true,"href":"https:\/\/www.retrobuddys.com\/fr\/wp-json\/wp\/v2\/product_brand?post=4478"},{"taxonomy":"product_cat","embeddable":true,"href":"https:\/\/www.retrobuddys.com\/fr\/wp-json\/wp\/v2\/product_cat?post=4478"},{"taxonomy":"product_tag","embeddable":true,"href":"https:\/\/www.retrobuddys.com\/fr\/wp-json\/wp\/v2\/product_tag?post=4478"}],"curies":[{"name":"wp","href":"https:\/\/api.w.org\/{rel}","templated":true}]}}