{"id":3926,"date":"2023-11-28T13:41:30","date_gmt":"2023-11-28T13:41:30","guid":{"rendered":"https:\/\/www.retrobuddys.com\/?post_type=product&#038;p=3926"},"modified":"2026-03-22T14:28:19","modified_gmt":"2026-03-22T14:28:19","slug":"pistorm-pour-amiga-500-amiga-500-et-amiga-2000-kopie","status":"publish","type":"product","link":"https:\/\/www.retrobuddys.com\/fr\/shop\/mods-hw-amiga\/amiga-1200-fr\/pistorm-pour-amiga-500-amiga-500-et-amiga-2000-kopie\/","title":{"rendered":"PiStorm32 Lite pour Amiga 1200"},"content":{"rendered":"<h3><strong>PiStorm32 Lite pour Amiga 1200 *nouveau<\/strong><\/h3>\n<p>PiStorm32 Lite pour l&rsquo;Amiga 1200 utilise un Raspberry Pi comme acc\u00e9l\u00e9rateur de processeur\/\u00a0\u00bbcarte turbo\u00a0\u00bb, carte graphique RTG et comme interface de disque dur sur l&rsquo;Amiga 1200.<br \/>\nUn Raspberry Pi 3a+, 4 ou Zero2 est obligatoire pour le fonctionnement, mais il n&rsquo;est pas inclus dans le paquet standard.<br \/>\nCelui-ci peut toutefois \u00eatre command\u00e9 en option chez nous. Pistorm32 Lite est compatible avec le Raspberry Pi 3A+, le Raspberry Pi 4 et le Raspberry PI Zero2WH (performances moindres).<\/p>\n<p>Si vous souhaitez acheter la carte CM4 I\/O, veuillez la s\u00e9lectionner dans le magasin !<\/p>\n<p><strong>Caract\u00e9ristiques<\/strong><\/p>\n<ul>\n<li>Pour Amiga 1200<\/li>\n<li>68020 (~23MIPS) en configuration standard et jusqu&rsquo;\u00e0 68040 avec ~2000 MIPS<\/li>\n<li>Plusieurs options de configuration du processeur (68020\/68030\/68040)<\/li>\n<li>jusqu&rsquo;\u00e0 2 Go de m\u00e9moire (Raspberry PI 4)<\/li>\n<li>Sortie de la carte graphique RTG avec modes haute r\u00e9solution via HDMI.<\/li>\n<li>Carte WLAN pour connecter l&rsquo;Amiga \u00e0 Internet ou \u00e0 un r\u00e9seau local (Musashi - ne fonctionne pas encore avec EMU68)<\/li>\n<\/ul>\n<p><strong>Conditions pr\u00e9alables<\/strong><\/p>\n<ul>\n<li>Amiga 1200<\/li>\n<li>Kickstart 2.05, 3.0, 3.1, 3.1.4, 3.2, 3.2.1, 3.2.2, 3.2.3.<\/li>\n<li>Carte SD \u00e0 partir de 8 Go<\/li>\n<li>PiStorm Github<a href=\"https:\/\/github.com\/captain-amygdala\/pistorm\" target=\"_blank\" rel=\"noopener\">(https:\/\/github.com\/captain-amygdala\/pistorm)<\/a><\/li>\n<li>AmigaOS 3.1 ou sup\u00e9rieur<\/li>\n<li>WinUAE pour la configuration sur PC<\/li>\n<\/ul>\n<p><strong>En option<\/strong><\/p>\n<ul>\n<li>Amiga OS 3.2.3<\/li>\n<li>CaffeineOS pr\u00e9configur\u00e9 sur carte SD<\/li>\n<li>C\u00e2ble d&rsquo;extension USB + HDMI FPV<\/li>\n<li>CM4 + carte E\/S (2 Go + WiFi + radiateur actif)<\/li>\n<\/ul>\n<p><strong>Contenu de la livraison<\/strong><\/p>\n<ul>\n<li>Adaptateur PiStorm32 Lite pour Amiga 1200<\/li>\n<li>Tampon thermique (non mont\u00e9)<\/li>\n<li>3 x vis M2.5 8mm<\/li>\n<li>3 x entretoises (impression 3D)<\/li>\n<li>Couverture 3D Print Pin pour Raspberry<\/li>\n<\/ul>\n<p><strong>Documentation<\/strong><\/p>\n<ul>\n<li>La documentation sur le projet est disponible ici <a href=\"https:\/\/github.com\/captain-amygdala\/pistorm\" target=\"_blank\" rel=\"noopener\">: https:\/\/github.com\/captain-amygdala\/pistorm<\/a><\/li>\n<li>Le logiciel Emu68 de Michal Schulz est disponible ici <a href=\"https:\/\/github.com\/michalsc\/Emu68\" target=\"_blank\" rel=\"noopener\">https:\/\/github.com\/michalsc\/Emu68<\/a><\/li>\n<li>La FAQ de Retro Buddy PiStorm se trouve ici <a href=\"https:\/\/www.retrobuddys.com\/fr\/2025\/01\/02\/faq-pistorm\/\" target=\"_blank\" rel=\"noopener\">https:\/\/www.retrobuddys.com\/2025\/01\/02\/pistorm-faq\/<\/a><\/li>\n<\/ul>\n<p>Le PiStorm a \u00e9t\u00e9 d\u00e9velopp\u00e9 par l&rsquo;\u00e9quipe de Claude Schwarz, Michal Schulz et d&rsquo;autres. Nous sommes heureux d&rsquo;offrir un peu de soutien \u00e0 ce projet exceptionnel.<\/p>\n<p>Nous fabriquons les adaptateurs PiStorm en interne.<\/p>\n","protected":false},"excerpt":{"rendered":"<h3><strong>PiStorm32 Lite pour Amiga 1200<\/strong><\/h3>\n<p>PiStorm32 Lite pour l&rsquo;Amiga 1200 utilise un Raspberry Pi comme acc\u00e9l\u00e9rateur de processeur\/\u00a0\u00bbcarte turbo\u00a0\u00bb, carte graphique RTG et comme interface de disque dur sur l&rsquo;Amiga 1200.<br \/>\nUn Raspberry Pi 3a+, 4 ou Zero2 est obligatoire pour le fonctionnement, mais il n&rsquo;est pas inclus dans le paquet standard.<br \/>\nCelui-ci peut toutefois \u00eatre command\u00e9 en option chez nous. Pistorm32 Lite est compatible avec le Raspberry Pi 3A+, le Raspberry Pi 4 et le Raspberry PI Zero2WH (performances moindres).<\/p>\n","protected":false},"featured_media":4082,"template":"","meta":[],"product_brand":[],"product_cat":[513,217,523],"product_tag":[225,260,386,389],"class_list":{"0":"post-3926","1":"product","2":"type-product","3":"status-publish","4":"has-post-thumbnail","6":"product_cat-amiga-1200-fr","7":"product_cat-mods-hw-amiga","8":"product_cat-pistorm-fr-2","9":"product_tag-amiga-fr","10":"product_tag-pistorm-fr","11":"product_tag-raspberry-fr","12":"product_tag-turbo-fr","13":"product_shipping_class-dhl-fr","15":"first","16":"instock","17":"taxable","18":"shipping-taxable","19":"purchasable","20":"product-type-variable","21":"has-default-attributes"},"jetpack_sharing_enabled":true,"_links":{"self":[{"href":"https:\/\/www.retrobuddys.com\/fr\/wp-json\/wp\/v2\/product\/3926","targetHints":{"allow":["GET"]}}],"collection":[{"href":"https:\/\/www.retrobuddys.com\/fr\/wp-json\/wp\/v2\/product"}],"about":[{"href":"https:\/\/www.retrobuddys.com\/fr\/wp-json\/wp\/v2\/types\/product"}],"wp:featuredmedia":[{"embeddable":true,"href":"https:\/\/www.retrobuddys.com\/fr\/wp-json\/wp\/v2\/media\/4082"}],"wp:attachment":[{"href":"https:\/\/www.retrobuddys.com\/fr\/wp-json\/wp\/v2\/media?parent=3926"}],"wp:term":[{"taxonomy":"product_brand","embeddable":true,"href":"https:\/\/www.retrobuddys.com\/fr\/wp-json\/wp\/v2\/product_brand?post=3926"},{"taxonomy":"product_cat","embeddable":true,"href":"https:\/\/www.retrobuddys.com\/fr\/wp-json\/wp\/v2\/product_cat?post=3926"},{"taxonomy":"product_tag","embeddable":true,"href":"https:\/\/www.retrobuddys.com\/fr\/wp-json\/wp\/v2\/product_tag?post=3926"}],"curies":[{"name":"wp","href":"https:\/\/api.w.org\/{rel}","templated":true}]}}