{"id":3389,"date":"2023-11-12T22:07:20","date_gmt":"2023-11-12T22:07:20","guid":{"rendered":"https:\/\/www.retrobuddys.com\/?post_type=product&#038;p=3389"},"modified":"2026-02-08T15:59:04","modified_gmt":"2026-02-08T15:59:04","slug":"amiga-db23-male-soldercup-connector","status":"publish","type":"product","link":"https:\/\/www.retrobuddys.com\/fr\/shop\/mods-hw-amiga\/divers\/amiga-db23-male-soldercup-connector\/","title":{"rendered":"Connecteur Amiga DB23 male Soldercup *nouveau"},"content":{"rendered":"<p>Amiga DB23 male Soldercup connector *Nouveau<\/p>\n<p>DB23 m\u00e2le \/ m\u00e2le pour port de disquette sans bo\u00eetier, avec des pattes \u00e0 souder, RoHS compliant.<br \/>\nFiches DB23 sans bo\u00eetier de haute qualit\u00e9 et nouvellement fabriqu\u00e9es. <strong>* Pas de \u00ab\u00a0NOS\u00a0\u00bb.<\/strong><\/p>\n<div class=\"attribute-item\"><\/div>\n<div class=\"attribute-item\">\n<div class=\"left\">Isolateur : PBT+30%GF(UL94V-0)<\/div>\n<\/div>\n<div class=\"attribute-item\">\n<div class=\"left\">Placage de contact : 1u\u00a0\u00bb\/15u\u00a0\u00bb\/30u\u00a0\u00bb plaqu\u00e9 or sur nickel<\/div>\n<\/div>\n<div class=\"attribute-item\">\n<div class=\"left\">Placage de la coquille : Cu60u\u00a0\u00bb\/Ni 100-120u\u00a0\u00bb<\/div>\n<\/div>\n<div class=\"attribute-item\">\n<div class=\"left\">R\u00e9sistance \u00e0 l&rsquo;isolation : 1000M Ohms Min.\/500 VDC<\/div>\n<\/div>\n<div class=\"attribute-item\">\n<div class=\"left\">Courant : 10A\/20A\/30A\/40A<\/div>\n<\/div>\n<div class=\"attribute-item\">\n<div class=\"left\">Mat\u00e9riau de la coque : SPCC-SD<\/div>\n<\/div>\n","protected":false},"excerpt":{"rendered":"<p>Amiga DB23 male Soldercup connector *Nouveau DB23 m\u00e2le \/ m\u00e2le pour port de disquette sans bo\u00eetier, avec des pattes \u00e0 souder, RoHS compliant. Fiches DB23 sans bo\u00eetier de haute qualit\u00e9 et nouvellement fabriqu\u00e9es. * Pas de \u00ab\u00a0NOS\u00a0\u00bb. Isolateur : PBT+30%GF(UL94V-0) Placage de contact : 1u\u00a0\u00bb\/15u\u00a0\u00bb\/30u\u00a0\u00bb plaqu\u00e9 or sur nickel Placage de la coquille : Cu60u\u00a0\u00bb\/Ni [&#8230;]\n","protected":false},"featured_media":5312,"template":"","meta":[],"product_brand":[],"product_cat":[420,255,217],"product_tag":[571,570],"class_list":{"0":"post-3389","1":"product","2":"type-product","3":"status-publish","4":"has-post-thumbnail","6":"product_cat-composants-socles-et-elements-de-construction","7":"product_cat-divers","8":"product_cat-mods-hw-amiga","9":"product_tag-composant","10":"product_tag-composants","11":"product_shipping_class-maxi-lettre","13":"first","14":"instock","15":"taxable","16":"shipping-taxable","17":"purchasable","18":"product-type-simple"},"jetpack_sharing_enabled":true,"_links":{"self":[{"href":"https:\/\/www.retrobuddys.com\/fr\/wp-json\/wp\/v2\/product\/3389","targetHints":{"allow":["GET"]}}],"collection":[{"href":"https:\/\/www.retrobuddys.com\/fr\/wp-json\/wp\/v2\/product"}],"about":[{"href":"https:\/\/www.retrobuddys.com\/fr\/wp-json\/wp\/v2\/types\/product"}],"wp:featuredmedia":[{"embeddable":true,"href":"https:\/\/www.retrobuddys.com\/fr\/wp-json\/wp\/v2\/media\/5312"}],"wp:attachment":[{"href":"https:\/\/www.retrobuddys.com\/fr\/wp-json\/wp\/v2\/media?parent=3389"}],"wp:term":[{"taxonomy":"product_brand","embeddable":true,"href":"https:\/\/www.retrobuddys.com\/fr\/wp-json\/wp\/v2\/product_brand?post=3389"},{"taxonomy":"product_cat","embeddable":true,"href":"https:\/\/www.retrobuddys.com\/fr\/wp-json\/wp\/v2\/product_cat?post=3389"},{"taxonomy":"product_tag","embeddable":true,"href":"https:\/\/www.retrobuddys.com\/fr\/wp-json\/wp\/v2\/product_tag?post=3389"}],"curies":[{"name":"wp","href":"https:\/\/api.w.org\/{rel}","templated":true}]}}