{"id":3385,"date":"2023-11-12T21:59:37","date_gmt":"2023-11-12T21:59:37","guid":{"rendered":"https:\/\/www.retrobuddys.com\/?post_type=product&#038;p=3385"},"modified":"2026-02-08T15:58:57","modified_gmt":"2026-02-08T15:58:57","slug":"connecteur-de-port-dextension-amiga-500","status":"publish","type":"product","link":"https:\/\/www.retrobuddys.com\/fr\/shop\/mods-hw-amiga\/amiga-500-fr\/connecteur-de-port-dextension-amiga-500\/","title":{"rendered":"Amiga 500 Connecteur de port d&rsquo;extension 86 broches"},"content":{"rendered":"<p>Connecteur de port d&rsquo;extension Amiga 500.<\/p>\n<p>Droit, connecteur de PCB, 2x43Pin = 86Pin, 2.54mm Pitch, RoHS compliant.<br \/>\nUtilis\u00e9 par nous pour l&rsquo;adaptateur LazaruStorm.<\/p>\n<p>Id\u00e9al pour tous les PCB install\u00e9s sur le port d&rsquo;extension Amiga 500.<\/p>\n","protected":false},"excerpt":{"rendered":"<p>Connecteur de port d&rsquo;extension Amiga 500. Droit, connecteur de PCB, 2x43Pin = 86Pin, 2.54mm Pitch, RoHS compliant. Utilis\u00e9 par nous pour l&rsquo;adaptateur LazaruStorm. Id\u00e9al pour tous les PCB install\u00e9s sur le port d&rsquo;extension Amiga 500.<\/p>\n","protected":false},"featured_media":0,"template":"","meta":[],"product_brand":[],"product_cat":[233,420,217],"product_tag":[571,570],"class_list":{"0":"post-3385","1":"product","2":"type-product","3":"status-publish","5":"product_cat-amiga-500-fr","6":"product_cat-composants-socles-et-elements-de-construction","7":"product_cat-mods-hw-amiga","8":"product_tag-composant","9":"product_tag-composants","10":"product_shipping_class-maxi-lettre","12":"first","13":"instock","14":"taxable","15":"shipping-taxable","16":"purchasable","17":"product-type-simple"},"jetpack_sharing_enabled":true,"_links":{"self":[{"href":"https:\/\/www.retrobuddys.com\/fr\/wp-json\/wp\/v2\/product\/3385","targetHints":{"allow":["GET"]}}],"collection":[{"href":"https:\/\/www.retrobuddys.com\/fr\/wp-json\/wp\/v2\/product"}],"about":[{"href":"https:\/\/www.retrobuddys.com\/fr\/wp-json\/wp\/v2\/types\/product"}],"wp:attachment":[{"href":"https:\/\/www.retrobuddys.com\/fr\/wp-json\/wp\/v2\/media?parent=3385"}],"wp:term":[{"taxonomy":"product_brand","embeddable":true,"href":"https:\/\/www.retrobuddys.com\/fr\/wp-json\/wp\/v2\/product_brand?post=3385"},{"taxonomy":"product_cat","embeddable":true,"href":"https:\/\/www.retrobuddys.com\/fr\/wp-json\/wp\/v2\/product_cat?post=3385"},{"taxonomy":"product_tag","embeddable":true,"href":"https:\/\/www.retrobuddys.com\/fr\/wp-json\/wp\/v2\/product_tag?post=3385"}],"curies":[{"name":"wp","href":"https:\/\/api.w.org\/{rel}","templated":true}]}}