{"id":3380,"date":"2023-11-12T21:55:54","date_gmt":"2023-11-12T21:55:54","guid":{"rendered":"https:\/\/www.retrobuddys.com\/?post_type=product&#038;p=3380"},"modified":"2026-02-08T15:58:48","modified_gmt":"2026-02-08T15:58:48","slug":"amiga-500-trapdoor-connector","status":"publish","type":"product","link":"https:\/\/www.retrobuddys.com\/fr\/shop\/mods-hw-amiga\/amiga-500-fr\/amiga-500-trapdoor-connector\/","title":{"rendered":"Connecteur Amiga 500 Trapdoor"},"content":{"rendered":"<p>Amiga 500 Trapdoor Connector.<\/p>\n<p>Angle droit, 2x28Pin, coud\u00e9 Hauteur 8.5mm, 2.54mm Pitch, RoHS compliant.<\/p>\n<p>Id\u00e9al pour tous les PCB install\u00e9s dans la trappe de l&rsquo;Amiga 500.<\/p>\n","protected":false},"excerpt":{"rendered":"<p>Amiga 500 Trapdoor Connector. Angle droit, 2x28Pin, coud\u00e9 Hauteur 8.5mm, 2.54mm Pitch, RoHS compliant. Id\u00e9al pour tous les PCB install\u00e9s dans la trappe de l&rsquo;Amiga 500.<\/p>\n","protected":false},"featured_media":0,"template":"","meta":[],"product_brand":[],"product_cat":[233,420,217],"product_tag":[571,570],"class_list":{"0":"post-3380","1":"product","2":"type-product","3":"status-publish","5":"product_cat-amiga-500-fr","6":"product_cat-composants-socles-et-elements-de-construction","7":"product_cat-mods-hw-amiga","8":"product_tag-composant","9":"product_tag-composants","10":"product_shipping_class-maxi-lettre","12":"first","13":"instock","14":"taxable","15":"shipping-taxable","16":"purchasable","17":"product-type-simple"},"origins":[],"jetpack_sharing_enabled":true,"_links":{"self":[{"href":"https:\/\/www.retrobuddys.com\/fr\/wp-json\/wp\/v2\/product\/3380","targetHints":{"allow":["GET"]}}],"collection":[{"href":"https:\/\/www.retrobuddys.com\/fr\/wp-json\/wp\/v2\/product"}],"about":[{"href":"https:\/\/www.retrobuddys.com\/fr\/wp-json\/wp\/v2\/types\/product"}],"wp:attachment":[{"href":"https:\/\/www.retrobuddys.com\/fr\/wp-json\/wp\/v2\/media?parent=3380"}],"wp:term":[{"taxonomy":"product_brand","embeddable":true,"href":"https:\/\/www.retrobuddys.com\/fr\/wp-json\/wp\/v2\/product_brand?post=3380"},{"taxonomy":"product_cat","embeddable":true,"href":"https:\/\/www.retrobuddys.com\/fr\/wp-json\/wp\/v2\/product_cat?post=3380"},{"taxonomy":"product_tag","embeddable":true,"href":"https:\/\/www.retrobuddys.com\/fr\/wp-json\/wp\/v2\/product_tag?post=3380"}],"curies":[{"name":"wp","href":"https:\/\/api.w.org\/{rel}","templated":true}]}}