{"id":3352,"date":"2023-11-12T21:43:18","date_gmt":"2023-11-12T21:43:18","guid":{"rendered":"https:\/\/www.retrobuddys.com\/?post_type=product&#038;p=3352"},"modified":"2026-02-08T15:58:40","modified_gmt":"2026-02-08T15:58:40","slug":"raspberry-pi-4-2gb-nouveau-amiga-pistorm","status":"publish","type":"product","link":"https:\/\/www.retrobuddys.com\/fr\/shop\/composants-socles-et-elements-de-construction\/raspberry-pi-4-2gb-nouveau-amiga-pistorm\/","title":{"rendered":"Raspberry PI 4 2GB *Nouveau* Amiga PiStorm32 \/ PiStorm1200"},"content":{"rendered":"<p><span style=\"font-family: Tahoma;\"><u><strong>Le Raspberry Pi 4B \/ 2GB *Nouveau* Id\u00e9al pour Amiga PiStorm32 \/ PiStorm1200<\/strong><\/u><\/span><\/p>\n<div>\n<div id=\"av_articletext\" class=\"clearfix\"><span class=\"artbesch\">Depuis sa premi\u00e8re sortie d\u00e9but 2012, le Raspberry Pi s&rsquo;est d\u00e9j\u00e0 vendu \u00e0 des millions d&rsquo;exemplaires dans le monde et jouit toujours d&rsquo;une grande popularit\u00e9. En effet, de nombreux utilisateurs de Raspberry Pi n&rsquo;ont pas qu&rsquo;un seul ordinateur monocarte \u00e0 la maison, mais parfois 4 \u00e0 5.<br \/>\n<\/span><span class=\"artbesch\">Avec ses 2 Go de RAM, le Raspberry Pi 4B est le compagnon id\u00e9al du PiStorm32 \/ PiStorm1200. *Attention* sur les autres mod\u00e8les PiStorm, le Raspberry Pi 4B n&rsquo;est pas compatible, car les ports sont dans le chemin !<\/span><\/div>\n<div class=\"clearfix\">\n<p><span class=\"artbesch\">L&rsquo;Amiga ne peut pas adresser plus de 2 Go, les mod\u00e8les plus grands ne sont donc pas utiles.<\/span><\/p>\n<p><b>Nouveau Raspberry Pi 4 B<\/b><br \/>\n- CPU quadric\u0153ur ARM Cortex-A72 1,5 GHz<br \/>\n- 2 Go, 4 Go ou 8 Go LPDDR4 SDRAM<br \/>\n- Gigabit LAN RJ45 (jusqu&rsquo;\u00e0 1000 Mbit)<br \/>\n- Bluetooth 5.0<br \/>\n- 2x USB 2.0 \/ 2x USB 3.0<br \/>\n- 2x microHDMI (1x 4k @60fps ou 2x 4k @30fps)<br \/>\n- 5V\/3A @ USB Typ- C<\/p>\n<\/div>\n<\/div>\n","protected":false},"excerpt":{"rendered":"<p>Le Raspberry Pi 4B \/ 2GB *Nouveau* Id\u00e9al pour Amiga PiStorm32 \/ PiStorm1200 Depuis sa premi\u00e8re sortie d\u00e9but 2012, le Raspberry Pi s&rsquo;est d\u00e9j\u00e0 vendu \u00e0 des millions d&rsquo;exemplaires dans le monde et jouit toujours d&rsquo;une grande popularit\u00e9. En effet, de nombreux utilisateurs de Raspberry Pi n&rsquo;ont pas qu&rsquo;un seul ordinateur monocarte \u00e0 la maison, [&#8230;]\n","protected":false},"featured_media":3364,"template":"","meta":[],"product_brand":[],"product_cat":[420,523],"product_tag":[225,260,259,524],"class_list":{"0":"post-3352","1":"product","2":"type-product","3":"status-publish","4":"has-post-thumbnail","6":"product_cat-composants-socles-et-elements-de-construction","7":"product_cat-pistorm-fr-2","8":"product_tag-amiga-fr","9":"product_tag-pistorm-fr","10":"product_tag-raspberry-pi-fr","11":"product_tag-raspi-fr","12":"product_shipping_class-dhl-fr","14":"first","15":"instock","16":"taxable","17":"shipping-taxable","18":"purchasable","19":"product-type-simple"},"jetpack_sharing_enabled":true,"_links":{"self":[{"href":"https:\/\/www.retrobuddys.com\/fr\/wp-json\/wp\/v2\/product\/3352","targetHints":{"allow":["GET"]}}],"collection":[{"href":"https:\/\/www.retrobuddys.com\/fr\/wp-json\/wp\/v2\/product"}],"about":[{"href":"https:\/\/www.retrobuddys.com\/fr\/wp-json\/wp\/v2\/types\/product"}],"wp:featuredmedia":[{"embeddable":true,"href":"https:\/\/www.retrobuddys.com\/fr\/wp-json\/wp\/v2\/media\/3364"}],"wp:attachment":[{"href":"https:\/\/www.retrobuddys.com\/fr\/wp-json\/wp\/v2\/media?parent=3352"}],"wp:term":[{"taxonomy":"product_brand","embeddable":true,"href":"https:\/\/www.retrobuddys.com\/fr\/wp-json\/wp\/v2\/product_brand?post=3352"},{"taxonomy":"product_cat","embeddable":true,"href":"https:\/\/www.retrobuddys.com\/fr\/wp-json\/wp\/v2\/product_cat?post=3352"},{"taxonomy":"product_tag","embeddable":true,"href":"https:\/\/www.retrobuddys.com\/fr\/wp-json\/wp\/v2\/product_tag?post=3352"}],"curies":[{"name":"wp","href":"https:\/\/api.w.org\/{rel}","templated":true}]}}