{"id":2832,"date":"2023-11-06T19:03:31","date_gmt":"2023-11-06T19:03:31","guid":{"rendered":"https:\/\/www.retrobuddys.com\/?post_type=product&#038;p=2832"},"modified":"2026-02-13T20:37:19","modified_gmt":"2026-02-13T20:37:19","slug":"gotek-config","status":"publish","type":"product","link":"https:\/\/www.retrobuddys.com\/fr\/shop\/mods-hw-amiga\/amiga-1000-fr\/gotek-config\/","title":{"rendered":"Lecteur Gotek avec \u00e9cran 0,96&Prime; et bouton rotatif en option avec cl\u00e9 USB, adaptateur de disquette et s\u00e9lecteur de d\u00e9marrage"},"content":{"rendered":"<p><span style=\"font-family: Arial; font-size: large;\"><br \/>\n  <b>Lecteur Amiga Gotek avec \u00e9cran 0.96&Prime; et bouton rotatif<br \/>\nFloppy Emulator USB ADF Amiga <\/b><br \/>\n<\/span><b>500\/500+\/600\/1200\/2000<\/b><\/p>\n<p>\u00c9mulateur de disquette USB Gotek pour la lecture directe de fichiers ADF \u00e0 partir d&rsquo;une cl\u00e9 USB.<br \/>\nUn \u00e9cran OLED de 0,96&Prime; (24,38 mm) est install\u00e9 avec une r\u00e9solution de 128&#215;64 caract\u00e8res sur 4 lignes maximum.<br \/>\nIl comprend \u00e9galement un bouton rotatif pour une s\u00e9lection ais\u00e9e du fichier concern\u00e9.<\/p>\n<p><strong>Un gotek d&rsquo;usine est livr\u00e9 dans les couleurs \u00ab\u00a0noir\u00a0\u00bb et \u00ab\u00a0beige\u00a0\u00bb.<\/strong><\/p>\n<p>Pour toutes les autres couleurs, le bo\u00eetier est une impression 3D de haute qualit\u00e9.<br \/>\nVous pouvez choisir la couleur de la molette (orange, bleu ou m\u00e9tallique) et du bo\u00eetier (beige, noir, RAL 9016, gris, transparent, argent).<br \/>\n\u00c9mulateur de disquette Gotek pour lire les fichiers ADF directement depuis une cl\u00e9 USB. Il s&rsquo;agit de la<span style=\"color: #333333; font-size: 14.4px;\">derni\u00e8re version du lecteur Gotek avec<\/span><span style=\"color: #333333; font-size: 14.4px;\"> processeur AT-435.<\/span><\/p>\n<p>Le lecteur a d\u00e9j\u00e0 install\u00e9 le firmware FlashFloppy 3.42 actuel. Pour plus de d\u00e9tails sur le firmware FlashFloppy, cliquez ici =&gt; <a href=\"https:\/\/github.com\/keirf\/flashfloppy\" target=\"_blank\" rel=\"noopener\">https:\/\/github.com\/keirf\/flashfloppy<\/a><\/p>\n<p><b>Comment utiliser le lecteur Gotek ?<\/b><\/p>\n<p>C&rsquo;est tr\u00e8s simple : remplacez le lecteur de disquettes d&rsquo;origine par ce lecteur de disquettes USB ou connectez-le via un adaptateur externe.<br \/>\nVous devez copier vos fichiers ADF pr\u00e9f\u00e9r\u00e9s sur une cl\u00e9 USB sur votre PC.<br \/>\nL&rsquo;\u00e9cran OLED fournit des informations suppl\u00e9mentaires sur le processus de chargement, en plus du nom du fichier en cours.<strong><br \/>\n<\/strong><\/p>\n<p><strong>Contenu de la livraison :<\/strong><\/p>\n<ul>\n<li>\u00c9mulateur de disquette USB GOTEK avec le dernier firmware (3.42)<\/li>\n<li>Chipset Artery AT32F435<\/li>\n<li>\u00c9cran OLED de 0,96&Prime; (24,38 mm) avec une r\u00e9solution de 128&#215;64 caract\u00e8res sur 4 lignes au maximum<\/li>\n<li>Encodeur rotatif<\/li>\n<li>adaptateur de disquette externe en option (avec bo\u00eetier de la couleur du lecteur)<\/li>\n<li>s\u00e9lecteur de d\u00e9marrage optionnel : fonctionne *uniquement* sur Amiga 500 ou Amiga 2000 !<\/li>\n<li>c\u00e2ble en option<\/li>\n<li>cl\u00e9 USB en option<\/li>\n<li>possible en plus : choisir le bo\u00eetier interne Amiga 600 ou Amiga 2000 (3.5&Prime; \/ 5,25&Prime;) Frame comme produit suppl\u00e9mentaire.<\/li>\n<\/ul>\n<p><strong>Attention !<\/strong><\/p>\n<p>Le lecteur sous forme d&rsquo;impression 3D est l\u00e9g\u00e8rement plus grand qu&rsquo;un lecteur 3.5&Prime; courant (lecteur PC standard) avec cache. Il ne rentre donc pas dans une baie 3.5&Prime; (Amiga 2000, Amiga 1200, versions tour).<br \/>\nSi vous souhaitez un lecteur encastrable 3.5&Prime; pour l&rsquo;Amiga 2000 ou la plupart des bo\u00eetiers tour Amiga 1200, veuillez le s\u00e9lectionner.<\/p>\n","protected":false},"excerpt":{"rendered":"<p>&nbsp;<\/p>\n<p>-<\/p>\n","protected":false},"featured_media":1596,"template":"","meta":[],"product_brand":[],"product_cat":[256,220,233,219,217],"product_tag":[225,226],"class_list":{"0":"post-2832","1":"product","2":"type-product","3":"status-publish","4":"has-post-thumbnail","6":"product_cat-amiga-1000-fr","7":"product_cat-amiga-2000-fr","8":"product_cat-amiga-500-fr","9":"product_cat-gotek-fr","10":"product_cat-mods-hw-amiga","11":"product_tag-amiga-fr","12":"product_tag-gotek-fr","13":"product_shipping_class-dhl-fr","15":"first","16":"instock","17":"taxable","18":"shipping-taxable","19":"purchasable","20":"product-type-variable","21":"has-default-attributes"},"origins":[],"jetpack_sharing_enabled":true,"_links":{"self":[{"href":"https:\/\/www.retrobuddys.com\/fr\/wp-json\/wp\/v2\/product\/2832","targetHints":{"allow":["GET"]}}],"collection":[{"href":"https:\/\/www.retrobuddys.com\/fr\/wp-json\/wp\/v2\/product"}],"about":[{"href":"https:\/\/www.retrobuddys.com\/fr\/wp-json\/wp\/v2\/types\/product"}],"wp:featuredmedia":[{"embeddable":true,"href":"https:\/\/www.retrobuddys.com\/fr\/wp-json\/wp\/v2\/media\/1596"}],"wp:attachment":[{"href":"https:\/\/www.retrobuddys.com\/fr\/wp-json\/wp\/v2\/media?parent=2832"}],"wp:term":[{"taxonomy":"product_brand","embeddable":true,"href":"https:\/\/www.retrobuddys.com\/fr\/wp-json\/wp\/v2\/product_brand?post=2832"},{"taxonomy":"product_cat","embeddable":true,"href":"https:\/\/www.retrobuddys.com\/fr\/wp-json\/wp\/v2\/product_cat?post=2832"},{"taxonomy":"product_tag","embeddable":true,"href":"https:\/\/www.retrobuddys.com\/fr\/wp-json\/wp\/v2\/product_tag?post=2832"}],"curies":[{"name":"wp","href":"https:\/\/api.w.org\/{rel}","templated":true}]}}