{"id":2728,"date":"2023-10-29T19:07:15","date_gmt":"2023-10-29T19:07:15","guid":{"rendered":"https:\/\/www.retrobuddys.com\/?post_type=product&#038;p=2728"},"modified":"2025-01-05T10:07:38","modified_gmt":"2025-01-05T10:07:38","slug":"extension-de-memoire-2mb-amiga-500","status":"publish","type":"product","link":"https:\/\/www.retrobuddys.com\/fr\/shop\/mods-hw-amiga\/amiga-500-fr\/extension-de-memoire-2mb-amiga-500\/","title":{"rendered":"Extension de m\u00e9moire 1.5MB\/2MB en option avec RTC pour AMIGA 500"},"content":{"rendered":"<p><span style=\"font-size: 100%;\"><b><span style=\"font-family: Tahoma;\">Extension de m\u00e9moire 1.5MB\/2MB pour AMIGA 500 en option avec RTC<\/span><\/b><\/span><\/p>\n<ul>\n<li><span style=\"font-family: Tahoma; font-size: 100%;\">1.5MB sont des \u00ab\u00a0slow mem\u00a0\u00bb. 1MB de m\u00e9moire lente peut \u00eatre d\u00e9sactiv\u00e9e par un cavalier (0,5MB de m\u00e9moire lente reste).<\/span><\/li>\n<li>0.5MB suppl\u00e9mentaire possible avec soudure.<\/li>\n<li>En option avec RTC - Real Time Clock<\/li>\n<li><span style=\"font-family: Tahoma; font-size: 100%;\">L&rsquo;Amiga doit \u00eatre viss\u00e9 pour l&rsquo;installation.<br \/>\nPour les m\u00e8mes lents de 1.5MB, la puce Gary doit \u00eatre retir\u00e9e et plac\u00e9e sur l&rsquo;adaptateur.<br \/>\nPour les m\u00e8mes de puce suppl\u00e9mentaires de 0.5MB, une piste doit \u00eatre coup\u00e9e sur la carte m\u00e8re et un cavalier doit \u00eatre soud\u00e9.<br \/>\nPour cela, vous avez besoin d&rsquo;une main ferme et de connaissances en soudure. Une coupure nette de la piste est r\u00e9versible gr\u00e2ce \u00e0 un cavalier ou \u00e0 un point de soudure.<br \/>\n<strong>ATTENTION :<\/strong> L&rsquo;Amiga peut \u00eatre d\u00e9truit par la soudure. Nous d\u00e9clinons toute responsabilit\u00e9 en cas de soudure non conforme !<br \/>\n<\/span><\/li>\n<li><strong>Un 8372A Agnus est n\u00e9cessaire ! (pas toujours standard dans l&rsquo;Amiga Rev5)<\/strong><\/li>\n<li><span style=\"font-family: Tahoma; font-size: 100%;\">L&rsquo;extension de la m\u00e9moire est install\u00e9e dans la \u00ab\u00a0trapdoor\u00a0\u00bb situ\u00e9e en bas.<\/span><\/li>\n<\/ul>\n<p><span style=\"font-size: 80%;\">Informations g\u00e9n\u00e9rales sur la loi sur les piles (BattG)<\/span><br \/>\n<span style=\"font-size: 80%;\">La livraison comprend une pile, n\u00e9cessaire au fonctionnement. Dans le cadre de la vente de cette batterie, nous sommes tenus, en tant que distributeur, d&rsquo;informer nos clients de ce qui suit, conform\u00e9ment \u00e0 la loi sur les batteries (BattG) : Les piles usag\u00e9es ne doivent pas \u00eatre jet\u00e9es avec les ordures m\u00e9nag\u00e8res. Les consommateurs sont l\u00e9galement tenus de rapporter les piles \u00e0 un point de collecte appropri\u00e9. Vous pouvez \u00e9galement envoyer vos piles usag\u00e9es \u00e0 notre entrep\u00f4t d&rsquo;exp\u00e9dition (CompuSys GmbH, Hattsmoor 22, 22417 Hambourg). Les piles usag\u00e9es contiennent des mati\u00e8res premi\u00e8res pr\u00e9cieuses qui sont recycl\u00e9es. Les piles et les accumulateurs ne doivent pas \u00eatre jet\u00e9s avec les ordures m\u00e9nag\u00e8res.  <\/span><br \/>\n<span style=\"font-size: 80%;\">Pb pour le plomb ; Cd pour le cadmium ; Hg pour le mercure.<\/span><br \/>\n<span style=\"font-size: 80%;\">Ces signes chimiques signalent qu&rsquo;une certaine quantit\u00e9 limite des substances chimiques indiqu\u00e9es est d\u00e9pass\u00e9e dans ce type de pile :<\/span><br \/>\n<span style=\"font-size: 80%;\">HG : plus de 0,0005% en poids de mercure<\/span><br \/>\n<span style=\"font-size: 80%;\">Cd : plus de 0,002 % en poids de cadmium<\/span><br \/>\n<span style=\"font-size: 80%;\">Pb : plus de 0,004 % en poids de plomb.<\/span><br \/>\n<span style=\"font-size: 80%;\">Vous trouverez \u00e9galement ces indications dans les documents d&rsquo;accompagnement de l&rsquo;envoi de marchandises.<\/span><\/p>\n","protected":false},"excerpt":{"rendered":"<p><span style=\"font-size: 100%;\"><b><span style=\"font-family: Tahoma;\">Extension de m\u00e9moire 1.5MB\/2MB pour AMIGA 500 avec RTC optionnel.  <\/span><\/b><\/span><\/p>\n","protected":false},"featured_media":2755,"template":"","meta":[],"product_brand":[],"product_cat":[233,398,217],"product_tag":[276,285],"class_list":{"0":"post-2728","1":"product","2":"type-product","3":"status-publish","4":"has-post-thumbnail","6":"product_cat-amiga-500-fr","7":"product_cat-extension-de-la-memoire","8":"product_cat-mods-hw-amiga","9":"product_tag-amiga-500-fr","10":"product_tag-extension-de-la-memoire","11":"product_shipping_class-dhl-fr","13":"first","14":"instock","15":"taxable","16":"shipping-taxable","17":"purchasable","18":"product-type-variable","19":"has-default-attributes"},"jetpack_sharing_enabled":true,"_links":{"self":[{"href":"https:\/\/www.retrobuddys.com\/fr\/wp-json\/wp\/v2\/product\/2728","targetHints":{"allow":["GET"]}}],"collection":[{"href":"https:\/\/www.retrobuddys.com\/fr\/wp-json\/wp\/v2\/product"}],"about":[{"href":"https:\/\/www.retrobuddys.com\/fr\/wp-json\/wp\/v2\/types\/product"}],"wp:featuredmedia":[{"embeddable":true,"href":"https:\/\/www.retrobuddys.com\/fr\/wp-json\/wp\/v2\/media\/2755"}],"wp:attachment":[{"href":"https:\/\/www.retrobuddys.com\/fr\/wp-json\/wp\/v2\/media?parent=2728"}],"wp:term":[{"taxonomy":"product_brand","embeddable":true,"href":"https:\/\/www.retrobuddys.com\/fr\/wp-json\/wp\/v2\/product_brand?post=2728"},{"taxonomy":"product_cat","embeddable":true,"href":"https:\/\/www.retrobuddys.com\/fr\/wp-json\/wp\/v2\/product_cat?post=2728"},{"taxonomy":"product_tag","embeddable":true,"href":"https:\/\/www.retrobuddys.com\/fr\/wp-json\/wp\/v2\/product_tag?post=2728"}],"curies":[{"name":"wp","href":"https:\/\/api.w.org\/{rel}","templated":true}]}}