{"id":2561,"date":"2023-09-24T14:16:37","date_gmt":"2023-09-24T14:16:37","guid":{"rendered":"https:\/\/www.retrobuddys.com\/?post_type=product&#038;p=2561"},"modified":"2026-02-08T15:57:58","modified_gmt":"2026-02-08T15:57:58","slug":"adaptateur-cf-compact-flash-hd","status":"publish","type":"product","link":"https:\/\/www.retrobuddys.com\/fr\/shop\/cables-et-petites-pieces\/adaptateur-cf-compact-flash-hd\/","title":{"rendered":"Adaptateur CF Compact Flash HD"},"content":{"rendered":"<p>Carte Compact Flash CF vers connecteur 2.5&Prime; 44Pin IDE HD.<br \/>\nPin espacement 2mm, Supporte les modes ma\u00eetre et esclave. Pas de connexion \u00e9lectrique suppl\u00e9mentaire.<\/p>\n","protected":false},"excerpt":{"rendered":"<p>Carte Compact Flash CF vers connecteur 2.5&Prime; 44Pin IDE HD. Pin espacement 2mm, Supporte les modes ma\u00eetre et esclave. Pas de connexion \u00e9lectrique suppl\u00e9mentaire.<\/p>\n","protected":false},"featured_media":1629,"template":"","meta":[],"product_brand":[],"product_cat":[274],"product_tag":[326,328,282,332,330,334],"class_list":{"0":"post-2561","1":"product","2":"type-product","3":"status-publish","4":"has-post-thumbnail","6":"product_cat-cables-et-petites-pieces","7":"product_tag-adaptateur","8":"product_tag-amiga-1200-fr","9":"product_tag-amiga-600-fr","10":"product_tag-cf-fr","11":"product_tag-cf-hd-fr","12":"product_tag-compace-flash-fr","13":"product_shipping_class-grande-lettre","15":"first","16":"instock","17":"taxable","18":"shipping-taxable","19":"purchasable","20":"product-type-simple"},"origins":[],"jetpack_sharing_enabled":true,"_links":{"self":[{"href":"https:\/\/www.retrobuddys.com\/fr\/wp-json\/wp\/v2\/product\/2561","targetHints":{"allow":["GET"]}}],"collection":[{"href":"https:\/\/www.retrobuddys.com\/fr\/wp-json\/wp\/v2\/product"}],"about":[{"href":"https:\/\/www.retrobuddys.com\/fr\/wp-json\/wp\/v2\/types\/product"}],"wp:featuredmedia":[{"embeddable":true,"href":"https:\/\/www.retrobuddys.com\/fr\/wp-json\/wp\/v2\/media\/1629"}],"wp:attachment":[{"href":"https:\/\/www.retrobuddys.com\/fr\/wp-json\/wp\/v2\/media?parent=2561"}],"wp:term":[{"taxonomy":"product_brand","embeddable":true,"href":"https:\/\/www.retrobuddys.com\/fr\/wp-json\/wp\/v2\/product_brand?post=2561"},{"taxonomy":"product_cat","embeddable":true,"href":"https:\/\/www.retrobuddys.com\/fr\/wp-json\/wp\/v2\/product_cat?post=2561"},{"taxonomy":"product_tag","embeddable":true,"href":"https:\/\/www.retrobuddys.com\/fr\/wp-json\/wp\/v2\/product_tag?post=2561"}],"curies":[{"name":"wp","href":"https:\/\/api.w.org\/{rel}","templated":true}]}}