{"id":2501,"date":"2023-09-24T13:53:37","date_gmt":"2023-09-24T13:53:37","guid":{"rendered":"https:\/\/www.retrobuddys.com\/?post_type=product&#038;p=2501"},"modified":"2026-02-08T15:57:38","modified_gmt":"2026-02-08T15:57:38","slug":"amiga-cpu-relocator","status":"publish","type":"product","link":"https:\/\/www.retrobuddys.com\/fr\/shop\/mods-hw-amiga\/amiga-1000-fr\/amiga-cpu-relocator\/","title":{"rendered":"Amiga CPU Relocator"},"content":{"rendered":"<p>Amiga 500\/2000 CPU Relocator 90Grad<\/p>\n<p>Relocateur de CPU de haute qualit\u00e9 pour Amiga 500\/2000 \u00e0 90 degr\u00e9s. Id\u00e9al pour installer un PiStorm ou nos extensions de m\u00e9moire.<\/p>\n<p>Attention : de nombreux commutateurs Kickstart ne fonctionnent malheureusement pas avec le Relocator en raison du manque de place.<\/p>\n<p>Le Relocator est un \u00ab\u00a0mat\u00e9riel ouvert\u00a0\u00bb, sous licence GNU General Public License (GPL) v3. Le projet a \u00e9t\u00e9 d\u00e9velopp\u00e9 par SukkoPera et se base sur le travail d&rsquo;AwesomeInferno.<\/p>\n","protected":false},"excerpt":{"rendered":"<p>Relocalisateur de CPU pour processeur Amiga 500 68000<\/p>\n","protected":false},"featured_media":2506,"template":"","meta":[],"product_brand":[],"product_cat":[256,220,233,255,398,217],"product_tag":[326,225,328,352,276,282,351,260],"class_list":{"0":"post-2501","1":"product","2":"type-product","3":"status-publish","4":"has-post-thumbnail","6":"product_cat-amiga-1000-fr","7":"product_cat-amiga-2000-fr","8":"product_cat-amiga-500-fr","9":"product_cat-divers","10":"product_cat-extension-de-la-memoire","11":"product_cat-mods-hw-amiga","12":"product_tag-adaptateur","13":"product_tag-amiga-fr","14":"product_tag-amiga-1200-fr","15":"product_tag-amiga-2000-fr","16":"product_tag-amiga-500-fr","17":"product_tag-amiga-600-fr","18":"product_tag-disquette","19":"product_tag-pistorm-fr","20":"product_shipping_class-maxi-lettre","22":"first","23":"instock","24":"taxable","25":"shipping-taxable","26":"purchasable","27":"product-type-simple"},"origins":[],"jetpack_sharing_enabled":true,"_links":{"self":[{"href":"https:\/\/www.retrobuddys.com\/fr\/wp-json\/wp\/v2\/product\/2501","targetHints":{"allow":["GET"]}}],"collection":[{"href":"https:\/\/www.retrobuddys.com\/fr\/wp-json\/wp\/v2\/product"}],"about":[{"href":"https:\/\/www.retrobuddys.com\/fr\/wp-json\/wp\/v2\/types\/product"}],"wp:featuredmedia":[{"embeddable":true,"href":"https:\/\/www.retrobuddys.com\/fr\/wp-json\/wp\/v2\/media\/2506"}],"wp:attachment":[{"href":"https:\/\/www.retrobuddys.com\/fr\/wp-json\/wp\/v2\/media?parent=2501"}],"wp:term":[{"taxonomy":"product_brand","embeddable":true,"href":"https:\/\/www.retrobuddys.com\/fr\/wp-json\/wp\/v2\/product_brand?post=2501"},{"taxonomy":"product_cat","embeddable":true,"href":"https:\/\/www.retrobuddys.com\/fr\/wp-json\/wp\/v2\/product_cat?post=2501"},{"taxonomy":"product_tag","embeddable":true,"href":"https:\/\/www.retrobuddys.com\/fr\/wp-json\/wp\/v2\/product_tag?post=2501"}],"curies":[{"name":"wp","href":"https:\/\/api.w.org\/{rel}","templated":true}]}}