{"id":2242,"date":"2022-11-26T06:28:20","date_gmt":"2022-11-26T06:28:20","guid":{"rendered":"https:\/\/www.retrobuddys.com\/shop\/non%20class\u00e9\/selecteur-de-demarrage-amiga-df0-df1\/"},"modified":"2026-02-08T15:56:34","modified_gmt":"2026-02-08T15:56:34","slug":"amiga-bootselector-df0-df1","status":"publish","type":"product","link":"https:\/\/www.retrobuddys.com\/fr\/shop\/mods-hw-amiga\/amiga-2000-fr\/amiga-bootselector-df0-df1\/","title":{"rendered":"S\u00e9lecteur de d\u00e9marrage Amiga DF0 \/ DF1"},"content":{"rendered":"<p><b>S\u00e9lecteur de d\u00e9marrage DF0 DF1 pour Amiga 500 \/ Amiga 500+ \/ Amiga 2000<\/b><\/p>\n<div>Nouveau mod\u00e8le avec des broches longues.<\/div>\n<div>Il s&rsquo;installe dans le socle \u00ab\u00a0even CIA(B)\u00a0\u00bb (l&rsquo;Amiga doit \u00eatre d\u00e9viss\u00e9). Sur l&rsquo;Amiga 2000, c&rsquo;est le CIA gauche (U301 ou via C301)<\/div>\n<div><\/div>\n<div>Ce s\u00e9lecteur d&rsquo;amor\u00e7age permet d&rsquo;amorcer au choix DF0 ou DF1. Il est donc possible de d\u00e9marrer \u00e0 partir d&rsquo;un lecteur Gotek ou d&rsquo;autres lecteurs externes.<\/div>\n<div><\/div>\n<div>L&rsquo;Amiga doit \u00eatre d\u00e9viss\u00e9 pour l&rsquo;installation et la puce CIA doit \u00eatre re-socket\u00e9e avec pr\u00e9caution.<\/div>\n<div>Instructions de montage fournies avec le s\u00e9lecteur de bateau.<\/div>\n<div><\/div>\n<div>Nous nous chargeons volontiers de l&rsquo;installation pour vous - les co\u00fbts s&rsquo;\u00e9l\u00e8vent \u00e0 2*exp\u00e9ditions de votre Amiga (18,98\u20ac) ainsi qu&rsquo;\u00e0 un forfait d&rsquo;installation de 30\u20ac.<\/div>\n<div><\/div>\n<div>Le circuit imprim\u00e9 a \u00e9t\u00e9 con\u00e7u par Jussi Kilpel\u00e4inen et construit en Allemagne par Retrobuddys. Le projet est sous licence CC BY 4.0.<\/div>\n","protected":false},"excerpt":{"rendered":"<p>S\u00e9lecteur de d\u00e9marrage DF0 DF1 pour Amiga 500 \/ Amiga 500+ \/ Amiga 2000 Nouveau mod\u00e8le avec des broches longues. Il s&rsquo;installe dans le socle \u00ab\u00a0even CIA(B)\u00a0\u00bb (l&rsquo;Amiga doit \u00eatre d\u00e9viss\u00e9). Sur l&rsquo;Amiga 2000, c&rsquo;est le CIA gauche (U301 ou via C301) Ce s\u00e9lecteur d&rsquo;amor\u00e7age permet d&rsquo;amorcer au choix DF0 ou DF1. Il est donc [&#8230;]\n","protected":false},"featured_media":1566,"template":"","meta":[],"product_brand":[],"product_cat":[220,233,217],"product_tag":[],"class_list":{"0":"post-2242","1":"product","2":"type-product","3":"status-publish","4":"has-post-thumbnail","6":"product_cat-amiga-2000-fr","7":"product_cat-amiga-500-fr","8":"product_cat-mods-hw-amiga","9":"product_shipping_class-maxi-lettre","11":"first","12":"instock","13":"taxable","14":"shipping-taxable","15":"purchasable","16":"product-type-simple"},"jetpack_sharing_enabled":true,"_links":{"self":[{"href":"https:\/\/www.retrobuddys.com\/fr\/wp-json\/wp\/v2\/product\/2242","targetHints":{"allow":["GET"]}}],"collection":[{"href":"https:\/\/www.retrobuddys.com\/fr\/wp-json\/wp\/v2\/product"}],"about":[{"href":"https:\/\/www.retrobuddys.com\/fr\/wp-json\/wp\/v2\/types\/product"}],"wp:featuredmedia":[{"embeddable":true,"href":"https:\/\/www.retrobuddys.com\/fr\/wp-json\/wp\/v2\/media\/1566"}],"wp:attachment":[{"href":"https:\/\/www.retrobuddys.com\/fr\/wp-json\/wp\/v2\/media?parent=2242"}],"wp:term":[{"taxonomy":"product_brand","embeddable":true,"href":"https:\/\/www.retrobuddys.com\/fr\/wp-json\/wp\/v2\/product_brand?post=2242"},{"taxonomy":"product_cat","embeddable":true,"href":"https:\/\/www.retrobuddys.com\/fr\/wp-json\/wp\/v2\/product_cat?post=2242"},{"taxonomy":"product_tag","embeddable":true,"href":"https:\/\/www.retrobuddys.com\/fr\/wp-json\/wp\/v2\/product_tag?post=2242"}],"curies":[{"name":"wp","href":"https:\/\/api.w.org\/{rel}","templated":true}]}}