{"id":2241,"date":"2022-11-26T05:58:03","date_gmt":"2022-11-26T05:58:03","guid":{"rendered":"https:\/\/www.retrobuddys.com\/shop\/non%20class\u00e9\/lecteur-flash-sandisk-ultra-flair-usb-3-0-32-go\/"},"modified":"2026-02-08T15:56:17","modified_gmt":"2026-02-08T15:56:17","slug":"sandisk-ultra-flair-usb-3-0-flash-lecteur-32-gb","status":"publish","type":"product","link":"https:\/\/www.retrobuddys.com\/fr\/shop\/memoire-cles-memoire\/sandisk-ultra-flair-usb-3-0-flash-lecteur-32-gb\/","title":{"rendered":"Lecteur flash SanDisk Ultra Flair USB 3.0 32 Go"},"content":{"rendered":"<ul class=\"a-unordered-list a-vertical a-spacing-mini\">\n<li>Cette cl\u00e9 USB haut de gamme est le compagnon id\u00e9al de nos lecteurs Gotek.<\/li>\n<li><span class=\"a-list-item\">La performance USB 3.0 ultra-rapide, jusqu&rsquo;\u00e0 150 Mo\/s, vous permet de transf\u00e9rer vos fichiers encore plus rapidement.<\/span><\/li>\n<li><span class=\"a-list-item\">L&rsquo;USB n&rsquo;est pas seulement robuste et r\u00e9sistant aux chocs, il est \u00e9galement \u00e9l\u00e9gant gr\u00e2ce \u00e0 son design fin.<\/span><\/li>\n<li><span class=\"a-list-item\">Le lecteur flash USB dispose d&rsquo;une protection par mot de passe.<\/span><\/li>\n<li><span class=\"a-list-item\">Contenu de l&#8217;emballage : lecteur flash SanDisk Ultra Flair USB 3.0 32 Go (bo\u00eetier m\u00e9tallique robuste et \u00e9l\u00e9gant, protection par mot de passe, 150 Mo\/s en lecture) noir.<\/span><\/li>\n<\/ul>\n","protected":false},"excerpt":{"rendered":"<p>Cette cl\u00e9 USB haut de gamme est le compagnon id\u00e9al de nos lecteurs Gotek. La performance USB 3.0 ultra-rapide, jusqu&rsquo;\u00e0 150 Mo\/s, vous permet de transf\u00e9rer vos fichiers encore plus rapidement. L&rsquo;USB n&rsquo;est pas seulement robuste et r\u00e9sistant aux chocs, il est \u00e9galement \u00e9l\u00e9gant gr\u00e2ce \u00e0 son design fin. Le lecteur flash USB dispose d&rsquo;une [&#8230;]\n","protected":false},"featured_media":1536,"template":"","meta":[],"product_brand":[],"product_cat":[281],"product_tag":[],"class_list":{"0":"post-2241","1":"product","2":"type-product","3":"status-publish","4":"has-post-thumbnail","6":"product_cat-memoire-cles-memoire","7":"product_shipping_class-grande-lettre","9":"first","10":"instock","11":"taxable","12":"shipping-taxable","13":"purchasable","14":"product-type-simple"},"jetpack_sharing_enabled":true,"_links":{"self":[{"href":"https:\/\/www.retrobuddys.com\/fr\/wp-json\/wp\/v2\/product\/2241","targetHints":{"allow":["GET"]}}],"collection":[{"href":"https:\/\/www.retrobuddys.com\/fr\/wp-json\/wp\/v2\/product"}],"about":[{"href":"https:\/\/www.retrobuddys.com\/fr\/wp-json\/wp\/v2\/types\/product"}],"wp:featuredmedia":[{"embeddable":true,"href":"https:\/\/www.retrobuddys.com\/fr\/wp-json\/wp\/v2\/media\/1536"}],"wp:attachment":[{"href":"https:\/\/www.retrobuddys.com\/fr\/wp-json\/wp\/v2\/media?parent=2241"}],"wp:term":[{"taxonomy":"product_brand","embeddable":true,"href":"https:\/\/www.retrobuddys.com\/fr\/wp-json\/wp\/v2\/product_brand?post=2241"},{"taxonomy":"product_cat","embeddable":true,"href":"https:\/\/www.retrobuddys.com\/fr\/wp-json\/wp\/v2\/product_cat?post=2241"},{"taxonomy":"product_tag","embeddable":true,"href":"https:\/\/www.retrobuddys.com\/fr\/wp-json\/wp\/v2\/product_tag?post=2241"}],"curies":[{"name":"wp","href":"https:\/\/api.w.org\/{rel}","templated":true}]}}