{"id":2236,"date":"2022-11-26T06:23:24","date_gmt":"2022-11-26T06:23:24","guid":{"rendered":"https:\/\/www.retrobuddys.com\/shop\/non%20class\u00e9\/extension-de-memoire-512-kb-pour-amiga-500-a500\/"},"modified":"2026-02-08T15:56:29","modified_gmt":"2026-02-08T15:56:29","slug":"extension-de-memoire-512-kb-amiga-500","status":"publish","type":"product","link":"https:\/\/www.retrobuddys.com\/fr\/shop\/mods-hw-amiga\/amiga-500-fr\/extension-de-memoire-512-kb-amiga-500\/","title":{"rendered":"Extension de m\u00e9moire 512 KB pour AMIGA 500\/A500+"},"content":{"rendered":"<p><span style=\"font-size: 100%;\"><b><span style=\"font-family: Tahoma;\">Extension de m\u00e9moire 512 KB pour AMIGA 500\/A500+<\/span><\/b><\/span><\/p>\n<ul>\n<li><span style=\"font-family: Tahoma; font-size: 100%;\">Les 512kb sont des \u00ab\u00a0slow mem\u00a0\u00bb. <\/span><\/li>\n<li><span style=\"font-family: Tahoma; font-size: 100%;\">Il n&rsquo;est <strong>pas<\/strong> n\u00e9cessaire de d\u00e9visser l&rsquo;Amiga pour l&rsquo;installer.<\/span><\/li>\n<li><span style=\"font-family: Tahoma; font-size: 100%;\">L&rsquo;extension de la m\u00e9moire est install\u00e9e dans la \u00ab\u00a0trapdoor\u00a0\u00bb situ\u00e9e en bas.<\/span><\/li>\n<li><span style=\"font-family: Tahoma; font-size: 100%;\">Instructions de montage fournies avec l&rsquo;extension de m\u00e9moire.<br \/>\n<\/span><\/li>\n<li>Disponible en option : Arr\u00eatable avec interrupteur<\/li>\n<\/ul>\n","protected":false},"excerpt":{"rendered":"<p>Extension de m\u00e9moire 512 KB pour AMIGA 500\/A500+ Les 512kb sont des \u00ab\u00a0slow mem\u00a0\u00bb. Il n&rsquo;est pas n\u00e9cessaire de d\u00e9visser l&rsquo;Amiga pour l&rsquo;installer. L&rsquo;extension de la m\u00e9moire est install\u00e9e dans la \u00ab\u00a0trapdoor\u00a0\u00bb situ\u00e9e en bas. Instructions de montage fournies avec l&rsquo;extension de m\u00e9moire. Disponible en option : Arr\u00eatable avec interrupteur<\/p>\n","protected":false},"featured_media":1785,"template":"","meta":[],"product_brand":[],"product_cat":[233,398,217],"product_tag":[276,285],"class_list":{"0":"post-2236","1":"product","2":"type-product","3":"status-publish","4":"has-post-thumbnail","6":"product_cat-amiga-500-fr","7":"product_cat-extension-de-la-memoire","8":"product_cat-mods-hw-amiga","9":"product_tag-amiga-500-fr","10":"product_tag-extension-de-la-memoire","11":"product_shipping_class-dhl-fr","13":"first","14":"instock","15":"taxable","16":"shipping-taxable","17":"purchasable","18":"product-type-variable"},"origins":[],"jetpack_sharing_enabled":true,"_links":{"self":[{"href":"https:\/\/www.retrobuddys.com\/fr\/wp-json\/wp\/v2\/product\/2236","targetHints":{"allow":["GET"]}}],"collection":[{"href":"https:\/\/www.retrobuddys.com\/fr\/wp-json\/wp\/v2\/product"}],"about":[{"href":"https:\/\/www.retrobuddys.com\/fr\/wp-json\/wp\/v2\/types\/product"}],"wp:featuredmedia":[{"embeddable":true,"href":"https:\/\/www.retrobuddys.com\/fr\/wp-json\/wp\/v2\/media\/1785"}],"wp:attachment":[{"href":"https:\/\/www.retrobuddys.com\/fr\/wp-json\/wp\/v2\/media?parent=2236"}],"wp:term":[{"taxonomy":"product_brand","embeddable":true,"href":"https:\/\/www.retrobuddys.com\/fr\/wp-json\/wp\/v2\/product_brand?post=2236"},{"taxonomy":"product_cat","embeddable":true,"href":"https:\/\/www.retrobuddys.com\/fr\/wp-json\/wp\/v2\/product_cat?post=2236"},{"taxonomy":"product_tag","embeddable":true,"href":"https:\/\/www.retrobuddys.com\/fr\/wp-json\/wp\/v2\/product_tag?post=2236"}],"curies":[{"name":"wp","href":"https:\/\/api.w.org\/{rel}","templated":true}]}}