{"id":2230,"date":"2022-11-27T18:04:19","date_gmt":"2022-11-27T18:04:19","guid":{"rendered":"https:\/\/www.retrobuddys.com\/shop\/non%20class\u00e9\/diagrom-v1-3-0-rom-de-diagnostic-pour-amiga-500-600-2000\/"},"modified":"2026-02-08T15:56:40","modified_gmt":"2026-02-08T15:56:40","slug":"diagrom-v1-2-1-diagnose-rom-fuer-amiga-500-600-2000","status":"publish","type":"product","link":"https:\/\/www.retrobuddys.com\/fr\/shop\/mods-hw-amiga\/amiga-2000-fr\/diagrom-v1-2-1-diagnose-rom-fuer-amiga-500-600-2000\/","title":{"rendered":"DiagROM V1.3.0 Rom de diagnostic pour Amiga 500 600 2000"},"content":{"rendered":"<p><span style=\"font-family: Tahoma;\">DiagROM V1.3.0 pour Amiga 500, 500+,600 et 2000<\/span><\/p>\n<p><span style=\"font-family: Tahoma;\">Diagnostic-Amiga-ROM par John Hertell. Pour plus d&rsquo;informations, voir : www.diagrom.com.<\/span><\/p>\n<p><span style=\"font-family: Tahoma;\">Nous n&rsquo;utilisons que des EEproms de haute qualit\u00e9 (AMD et similaires) de la s\u00e9rie 27C400 et nous les sockons sur un socket 40pin de haute qualit\u00e9 avec des broches torsad\u00e9es.<\/span><\/p>\n<p><span style=\"font-family: Tahoma;\">Veuillez noter : Pour Amiga 500 Rev.5 Carte m\u00e8re (+ancienne) et Rev.4 carte m\u00e8re Amiga 2000, un adaptateur suppl\u00e9mentaire est n\u00e9cessaire ou des travaux de soudure doivent \u00eatre effectu\u00e9s.<\/span><\/p>\n","protected":false},"excerpt":{"rendered":"<p>DiagROM V1.3.0 pour Amiga 500, 500+,600 et 2000 Diagnostic-Amiga-ROM par John Hertell. Pour plus d&rsquo;informations, voir : www.diagrom.com. Nous n&rsquo;utilisons que des EEproms de haute qualit\u00e9 (AMD et similaires) de la s\u00e9rie 27C400 et nous les sockons sur un socket 40pin de haute qualit\u00e9 avec des broches torsad\u00e9es. Veuillez noter : Pour Amiga 500 Rev.5 [&#8230;]\n","protected":false},"featured_media":1788,"template":"","meta":[],"product_brand":[],"product_cat":[220,233,274,353,217],"product_tag":[],"class_list":{"0":"post-2230","1":"product","2":"type-product","3":"status-publish","4":"has-post-thumbnail","6":"product_cat-amiga-2000-fr","7":"product_cat-amiga-500-fr","8":"product_cat-cables-et-petites-pieces","9":"product_cat-logiciel-amiga","10":"product_cat-mods-hw-amiga","11":"product_shipping_class-maxi-lettre","13":"first","14":"instock","15":"taxable","16":"shipping-taxable","17":"purchasable","18":"product-type-simple"},"jetpack_sharing_enabled":true,"_links":{"self":[{"href":"https:\/\/www.retrobuddys.com\/fr\/wp-json\/wp\/v2\/product\/2230","targetHints":{"allow":["GET"]}}],"collection":[{"href":"https:\/\/www.retrobuddys.com\/fr\/wp-json\/wp\/v2\/product"}],"about":[{"href":"https:\/\/www.retrobuddys.com\/fr\/wp-json\/wp\/v2\/types\/product"}],"wp:featuredmedia":[{"embeddable":true,"href":"https:\/\/www.retrobuddys.com\/fr\/wp-json\/wp\/v2\/media\/1788"}],"wp:attachment":[{"href":"https:\/\/www.retrobuddys.com\/fr\/wp-json\/wp\/v2\/media?parent=2230"}],"wp:term":[{"taxonomy":"product_brand","embeddable":true,"href":"https:\/\/www.retrobuddys.com\/fr\/wp-json\/wp\/v2\/product_brand?post=2230"},{"taxonomy":"product_cat","embeddable":true,"href":"https:\/\/www.retrobuddys.com\/fr\/wp-json\/wp\/v2\/product_cat?post=2230"},{"taxonomy":"product_tag","embeddable":true,"href":"https:\/\/www.retrobuddys.com\/fr\/wp-json\/wp\/v2\/product_tag?post=2230"}],"curies":[{"name":"wp","href":"https:\/\/api.w.org\/{rel}","templated":true}]}}