{"id":2229,"date":"2022-11-26T06:01:20","date_gmt":"2022-11-26T06:01:20","guid":{"rendered":"https:\/\/www.retrobuddys.com\/shop\/non%20class\u00e9\/intenso-micro-line-16-gb-cle-usb-usb-2-0-noire\/"},"modified":"2026-02-08T15:56:24","modified_gmt":"2026-02-08T15:56:24","slug":"intenso-micro-line-16-gb-usb-stick-usb-2-0-noir","status":"publish","type":"product","link":"https:\/\/www.retrobuddys.com\/fr\/shop\/memoire-cles-memoire\/intenso-micro-line-16-gb-usb-stick-usb-2-0-noir\/","title":{"rendered":"Intenso Micro Line 16 GB Cl\u00e9 USB USB 2.0 noire"},"content":{"rendered":"<ul class=\"a-unordered-list a-vertical a-spacing-mini\">\n<li>Petite cl\u00e9 USB - Id\u00e9ale pour nos lecteurs Gotek<\/li>\n<li><span class=\"a-list-item\">Taux de transfert : Lecture : jusqu&rsquo;\u00e0 16,50 Mo\/s (110x), Ecriture : jusqu&rsquo;\u00e0 6,50 Mo\/s (43x)<\/span><\/li>\n<li><span class=\"a-list-item\">Poids : 2 g l\u00e9ger comme une plume ; dimensions : 20 x 15 x 7 mm<\/span><\/li>\n<li><span class=\"a-list-item\">Mat\u00e9riau : plastique<\/span><\/li>\n<li><span class=\"a-list-item\">Cl\u00e9 USB de haute qualit\u00e9 dans un bo\u00eetier ultra-compact<\/span><\/li>\n<li><span class=\"a-list-item\">Comprend : Cl\u00e9 USB Intenso Micro Line noire<\/span><\/li>\n<\/ul>\n","protected":false},"excerpt":{"rendered":"<p>Petite cl\u00e9 USB - Id\u00e9ale pour nos lecteurs Gotek Taux de transfert : Lecture : jusqu&rsquo;\u00e0 16,50 Mo\/s (110x), Ecriture : jusqu&rsquo;\u00e0 6,50 Mo\/s (43x) Poids : 2 g l\u00e9ger comme une plume ; dimensions : 20 x 15 x 7 mm Mat\u00e9riau : plastique Cl\u00e9 USB de haute qualit\u00e9 dans un bo\u00eetier ultra-compact Comprend [&#8230;]\n","protected":false},"featured_media":1539,"template":"","meta":[],"product_brand":[],"product_cat":[281],"product_tag":[],"class_list":{"0":"post-2229","1":"product","2":"type-product","3":"status-publish","4":"has-post-thumbnail","6":"product_cat-memoire-cles-memoire","7":"product_shipping_class-grande-lettre","9":"first","10":"instock","11":"taxable","12":"shipping-taxable","13":"purchasable","14":"product-type-simple"},"jetpack_sharing_enabled":true,"_links":{"self":[{"href":"https:\/\/www.retrobuddys.com\/fr\/wp-json\/wp\/v2\/product\/2229","targetHints":{"allow":["GET"]}}],"collection":[{"href":"https:\/\/www.retrobuddys.com\/fr\/wp-json\/wp\/v2\/product"}],"about":[{"href":"https:\/\/www.retrobuddys.com\/fr\/wp-json\/wp\/v2\/types\/product"}],"wp:featuredmedia":[{"embeddable":true,"href":"https:\/\/www.retrobuddys.com\/fr\/wp-json\/wp\/v2\/media\/1539"}],"wp:attachment":[{"href":"https:\/\/www.retrobuddys.com\/fr\/wp-json\/wp\/v2\/media?parent=2229"}],"wp:term":[{"taxonomy":"product_brand","embeddable":true,"href":"https:\/\/www.retrobuddys.com\/fr\/wp-json\/wp\/v2\/product_brand?post=2229"},{"taxonomy":"product_cat","embeddable":true,"href":"https:\/\/www.retrobuddys.com\/fr\/wp-json\/wp\/v2\/product_cat?post=2229"},{"taxonomy":"product_tag","embeddable":true,"href":"https:\/\/www.retrobuddys.com\/fr\/wp-json\/wp\/v2\/product_tag?post=2229"}],"curies":[{"name":"wp","href":"https:\/\/api.w.org\/{rel}","templated":true}]}}