{"id":2195,"date":"2023-03-04T15:38:48","date_gmt":"2023-03-04T15:38:48","guid":{"rendered":"https:\/\/www.retrobuddys.com\/shop\/non%20class\u00e9\/amiga-os-3-2-version-complete-y-compris-la-mise-a-jour-2-cd-rom\/"},"modified":"2026-02-09T02:08:36","modified_gmt":"2026-02-09T02:08:36","slug":"amiga-os-3-2-version-complete-incl-update-2-cd-rom","status":"publish","type":"product","link":"https:\/\/www.retrobuddys.com\/fr\/shop\/mods-hw-amiga\/amiga-2000-fr\/amiga-os-3-2-version-complete-incl-update-2-cd-rom\/","title":{"rendered":"Amiga OS 3.2 version compl\u00e8te (y compris la mise \u00e0 jour 3) - CD Rom"},"content":{"rendered":"<p><span style=\"font-family: Verdana;\"><b>D\u00e9marrez d\u00e8s aujourd&rsquo;hui avec Amiga OS 3.2.3 !  <\/b><\/span><\/p>\n<p>AmigaOS 3.2 Update 2 est la derni\u00e8re version du syst\u00e8me d&rsquo;exploitation Amiga pour l&rsquo;ordinateur Amiga classique \u00e0 processeur 68k.<br \/>\nIl est disponible sur CD-Rom pour Amiga 1000, 500, 600, 1200, 2000, 3000, 3000T, 4000, 4000T, CD32 et CDTV.<\/p>\n<p><span style=\"color: #555555; font-family: Open Sans, sans-serif;\">Cette nouvelle mise \u00e0 jour t\u00e9moigne de l&rsquo;engagement continu des d\u00e9veloppeurs \u00e0 faire en sorte qu&rsquo;AmigaOS 3.2 soit le syst\u00e8me d&rsquo;exploitation le plus puissant et le plus stable jamais con\u00e7u pour les Amigas bas\u00e9s sur le 68K.  <\/span>Si vous ne poss\u00e9dez pas encore d&rsquo;exemplaire d&rsquo;AmigaOS 3.2, vous avez maintenant encore plus de raisons de vous en procurer un chez nous en tant que revendeur officiel Hyperion !<\/p>\n<p>Depuis la sortie d&rsquo;AmigaOS 3.2.1, l&rsquo;\u00e9quipe de d\u00e9veloppeurs et de testeurs a travaill\u00e9 sans rel\u00e2che \u00e0 la correction de bugs et \u00e0 l&rsquo;impl\u00e9mentation d&rsquo;une s\u00e9rie de nouvelles fonctionnalit\u00e9s.<\/p>\n<p>Les points forts des nouvelles fonctionnalit\u00e9s et des corrections de bugs d&rsquo;AmigaOS 3.2.3 sont les suivants :<\/p>\n<ul>\n<li><span style=\"color: #555555; font-family: Open Sans, sans-serif;\">TextEdit a connu plusieurs am\u00e9liorations de son interface d&rsquo;extension et a re\u00e7u un point de menu \u00ab\u00a0\u00c0 propos\u00a0\u00bb ;<\/span><\/li>\n<li><span style=\"color: #555555; font-family: Open Sans, sans-serif;\">\u00ab\u00a0Showconfig\u00a0\u00bb affiche maintenant la r\u00e9vision 68060 ;<\/span><\/li>\n<li><span style=\"color: #555555; font-family: Open Sans, sans-serif;\">\u00ab\u00a0IconEdit\u00a0\u00bb avertit d\u00e9sormais l&rsquo;utilisateur lorsque quelqu&rsquo;un d&rsquo;autre modifie le fichier d&rsquo;ic\u00f4nes en cours d&rsquo;\u00e9dition. Et en appuyant sur la touche d&rsquo;aide, on acc\u00e8de \u00e0 l&rsquo;aide. Le traitement global des couleurs des ic\u00f4nes color\u00e9es a \u00e9t\u00e9 am\u00e9lior\u00e9, de sorte que les ic\u00f4nes ne peuvent plus se d\u00e9grader. Les utilisateurs peuvent se retrouver dans une situation o\u00f9 la couleur semble moins bonne que sur un \u00e9cran parfait, mais l&rsquo;ic\u00f4ne n&rsquo;en est pas affect\u00e9e. La redoutable bo\u00eete de dialogue \u00ab\u00a0Downgrade\u00a0\u00bb n&rsquo;appara\u00eet plus, mais dans certains cas, \u00ab\u00a0IconEdit\u00a0\u00bb s&rsquo;ouvre dans une fen\u00eatre s\u00e9par\u00e9e ;<\/span><\/li>\n<li><span style=\"color: #555555; font-family: Open Sans, sans-serif;\">\u00ab\u00a0Kickstart\u00a0\u00bb peut d\u00e9sormais d\u00e9marrer avec les versions pr\u00e9c\u00e9dentes de Workbench et Icon Library si elles sont pr\u00e9sentes sur le volume de d\u00e9marrage. Cela permet d&rsquo;installer la ROM tout en conservant la possibilit\u00e9 de d\u00e9marrer n&rsquo;importe quelle version d&rsquo;AmigaOS de 3.1 \u00e0 3.9 avant d&rsquo;installer AmigaOS 3.2 sur un volume ;<\/span><\/li>\n<li><span style=\"color: #555555; font-family: Open Sans, sans-serif;\">Le sketchboard.gadget a b\u00e9n\u00e9fici\u00e9 de quelques am\u00e9liorations de vitesse qui devraient se faire sentir lors de l&rsquo;utilisation d&rsquo;IconEdit ;<\/span><\/li>\n<li><span style=\"color: #555555; font-family: Open Sans, sans-serif;\">Le listbrowser.gadget a \u00e9t\u00e9 compl\u00e8tement remani\u00e9, ce qui a permis de r\u00e9duire consid\u00e9rablement la taille du fichier et de le rendre un peu plus rapide ;<\/span><\/li>\n<li><span style=\"color: #555555; font-family: Open Sans, sans-serif;\">Le layout.gadget a \u00e9t\u00e9 enti\u00e8rement remani\u00e9 ;<\/span><\/li>\n<li><span style=\"color: #555555; font-family: Open Sans, sans-serif;\">Le window.class a \u00e9t\u00e9 enti\u00e8rement remani\u00e9 ;<\/span><\/li>\n<li><span style=\"color: #555555; font-family: Open Sans, sans-serif;\">Le disque RAM a \u00e9t\u00e9 enti\u00e8rement revu, ce qui r\u00e9duit consid\u00e9rablement la probabilit\u00e9 qu&rsquo;il cause des probl\u00e8mes ;<\/span><\/li>\n<li><span style=\"color: #555555; font-family: Open Sans, sans-serif;\">Am\u00e9lioration de la prise en charge des \u00ab\u00a0locales\u00a0\u00bb.<\/span><\/li>\n<li><span style=\"color: #555555; font-family: Open Sans, sans-serif;\">Version mise \u00e0 jour de boards.library<\/span><\/li>\n<\/ul>\n<p>AmigaOS 3.2 est livr\u00e9 plein \u00e0 craquer avec bien plus de 100 nouvelles fonctionnalit\u00e9s, des dizaines de mises \u00e0 jour et de corrections de bugs couvrant presque tous les composants d&rsquo;AmigaOS. Le CD-Rom d&rsquo;AmigaOS 3.2 contient toutes les disquettes et les ROM de kickstart AmigaOS pour toutes les machines Amiga jamais produites.<\/p>\n<p><strong>Configuration requise<\/strong><\/p>\n<ul>\n<li>Ordinateur Amiga ou environnement d&rsquo;\u00e9mulation (comme WINUA, EUAE)<\/li>\n<li>Au moins Kickstart 3.1 \/ ou sup\u00e9rieur (3.1.4). Kickstart ROM 3.2 (recommand\u00e9, car temps de d\u00e9marrage le plus court et consommation de m\u00e9moire la plus faible)<\/li>\n<li>2 Mo de m\u00e9moire totale (Chip-Ram + Fast-Ram). Si vous n&rsquo;utilisez pas de ROM physique Kickstart 3.2, vous aurez besoin d&rsquo;un total de 2,5 Mo de m\u00e9moire.<\/li>\n<li>10 Mo d&rsquo;espace libre sur le disque dur<\/li>\n<\/ul>\n<div><span style=\"color: #555555; font-family: Open Sans, sans-serif;\">En cas d&rsquo;utilisation du lien de t\u00e9l\u00e9chargement, tout retour est exclu !<\/span><\/div>\n","protected":false},"excerpt":{"rendered":"<p><span style=\"font-size: 115%;\"><strong><span style=\"color: #ed1c24;\">Attention !<\/span><\/strong><\/span><\/p>\n<p><span style=\"font-size: 115%;\"><strong>Le CD AmigaOS 3.2 et la cl\u00e9 de licence seront livr\u00e9s vers le 21.12.2025.  <\/strong><\/span><\/p>\n<p><span style=\"font-size: 115%;\"><strong>Hyperion n&rsquo;a plus de CD et un nouveau lot est en cours de production. Apr\u00e8s l&rsquo;achat, vous recevrez un lien de t\u00e9l\u00e9chargement pour utiliser le logiciel en num\u00e9rique entre-temps ! <\/strong><\/span><\/p>\n","protected":false},"featured_media":1683,"template":"","meta":[],"product_brand":[],"product_cat":[220,233,258,353],"product_tag":[354,356,357,355],"class_list":{"0":"post-2195","1":"product","2":"type-product","3":"status-publish","4":"has-post-thumbnail","6":"product_cat-amiga-2000-fr","7":"product_cat-amiga-500-fr","8":"product_cat-amiga-600-fr","9":"product_cat-logiciel-amiga","10":"product_tag-amiga-os-3-2-fr","11":"product_tag-amiga-os-3-2-2-fr","12":"product_tag-logiciel","13":"product_tag-os-amiga","14":"product_shipping_class-dhl-fr","16":"first","17":"instock","18":"taxable","19":"shipping-taxable","20":"purchasable","21":"product-type-variable","22":"has-default-attributes"},"origins":[],"jetpack_sharing_enabled":true,"_links":{"self":[{"href":"https:\/\/www.retrobuddys.com\/fr\/wp-json\/wp\/v2\/product\/2195","targetHints":{"allow":["GET"]}}],"collection":[{"href":"https:\/\/www.retrobuddys.com\/fr\/wp-json\/wp\/v2\/product"}],"about":[{"href":"https:\/\/www.retrobuddys.com\/fr\/wp-json\/wp\/v2\/types\/product"}],"wp:featuredmedia":[{"embeddable":true,"href":"https:\/\/www.retrobuddys.com\/fr\/wp-json\/wp\/v2\/media\/1683"}],"wp:attachment":[{"href":"https:\/\/www.retrobuddys.com\/fr\/wp-json\/wp\/v2\/media?parent=2195"}],"wp:term":[{"taxonomy":"product_brand","embeddable":true,"href":"https:\/\/www.retrobuddys.com\/fr\/wp-json\/wp\/v2\/product_brand?post=2195"},{"taxonomy":"product_cat","embeddable":true,"href":"https:\/\/www.retrobuddys.com\/fr\/wp-json\/wp\/v2\/product_cat?post=2195"},{"taxonomy":"product_tag","embeddable":true,"href":"https:\/\/www.retrobuddys.com\/fr\/wp-json\/wp\/v2\/product_tag?post=2195"}],"curies":[{"name":"wp","href":"https:\/\/api.w.org\/{rel}","templated":true}]}}