{"id":2171,"date":"2023-02-11T14:07:08","date_gmt":"2023-02-11T14:07:08","guid":{"rendered":"https:\/\/www.retrobuddys.com\/shop\/non%20class\u00e9\/kit-adaptateur-de-disquette-externe-amiga-pour-gotek-fdd\/"},"modified":"2026-02-08T15:56:51","modified_gmt":"2026-02-08T15:56:51","slug":"amiga-externe-adaptateur-floppy-set-pour-gotek-fdd","status":"publish","type":"product","link":"https:\/\/www.retrobuddys.com\/fr\/shop\/mods-hw-amiga\/amiga-1000-fr\/amiga-externe-adaptateur-floppy-set-pour-gotek-fdd\/","title":{"rendered":"Kit adaptateur de disquette externe Amiga pour Gotek + FDD"},"content":{"rendered":"<h1><strong>SET Adaptateur de disquette externe pour lecteurs ou disquettes Gotek pour<br \/>\nAmiga 500 \/ Amiga 500+ \/ Amiga 600 \/ Amiga 1200 \/ Amiga 2000<\/strong><\/h1>\n<p>Adaptateur d&rsquo;interface premium pour Gotek et lecteurs FDD externes pour Amiga 500, 500+, 600,1200 et 2000.<br \/>\nKit complet avec c\u00e2bles floppy et d&rsquo;alimentation de haute qualit\u00e9 utilis\u00e9s dans un bo\u00eetier imprim\u00e9 en 3D version similaire \u00e0 RAL 9016 (noir, beige, argent, gris, blanc\/RAL9016 et transparent disponibles).<br \/>\nAvec cet adaptateur, vous pouvez connecter votre Gotek ou votre disquette externe \u00e0 votre Amiga sur le port externe.<br \/>\nL&rsquo;adaptateur dispose d&rsquo;une \u00ab\u00a0vraie\u00a0\u00bb interface DB23 et non d&rsquo;un adaptateur DB25 courb\u00e9 !<\/p>\n<p>Le design du PCB a \u00e9t\u00e9 r\u00e9alis\u00e9 par Per Bengtson \/ RetroNynjah.<\/p>\n","protected":false},"excerpt":{"rendered":"<p>SET Adaptateur de disquette externe pour lecteurs ou disquettes Gotek pour Amiga 500 \/ Amiga 500+ \/ Amiga 600 \/ Amiga 1200 \/ Amiga 2000 Adaptateur d&rsquo;interface premium pour Gotek et lecteurs FDD externes pour Amiga 500, 500+, 600,1200 et 2000. Kit complet avec c\u00e2bles floppy et d&rsquo;alimentation de haute qualit\u00e9 utilis\u00e9s dans un bo\u00eetier [&#8230;]\n","protected":false},"featured_media":1611,"template":"","meta":[],"product_brand":[],"product_cat":[256,220,233,217],"product_tag":[326,225,328,352,276,282,351],"class_list":{"0":"post-2171","1":"product","2":"type-product","3":"status-publish","4":"has-post-thumbnail","6":"product_cat-amiga-1000-fr","7":"product_cat-amiga-2000-fr","8":"product_cat-amiga-500-fr","9":"product_cat-mods-hw-amiga","10":"product_tag-adaptateur","11":"product_tag-amiga-fr","12":"product_tag-amiga-1200-fr","13":"product_tag-amiga-2000-fr","14":"product_tag-amiga-500-fr","15":"product_tag-amiga-600-fr","16":"product_tag-disquette","17":"product_shipping_class-maxi-lettre","19":"first","20":"instock","21":"taxable","22":"shipping-taxable","23":"purchasable","24":"product-type-variable","25":"has-default-attributes"},"origins":[],"jetpack_sharing_enabled":true,"_links":{"self":[{"href":"https:\/\/www.retrobuddys.com\/fr\/wp-json\/wp\/v2\/product\/2171","targetHints":{"allow":["GET"]}}],"collection":[{"href":"https:\/\/www.retrobuddys.com\/fr\/wp-json\/wp\/v2\/product"}],"about":[{"href":"https:\/\/www.retrobuddys.com\/fr\/wp-json\/wp\/v2\/types\/product"}],"wp:featuredmedia":[{"embeddable":true,"href":"https:\/\/www.retrobuddys.com\/fr\/wp-json\/wp\/v2\/media\/1611"}],"wp:attachment":[{"href":"https:\/\/www.retrobuddys.com\/fr\/wp-json\/wp\/v2\/media?parent=2171"}],"wp:term":[{"taxonomy":"product_brand","embeddable":true,"href":"https:\/\/www.retrobuddys.com\/fr\/wp-json\/wp\/v2\/product_brand?post=2171"},{"taxonomy":"product_cat","embeddable":true,"href":"https:\/\/www.retrobuddys.com\/fr\/wp-json\/wp\/v2\/product_cat?post=2171"},{"taxonomy":"product_tag","embeddable":true,"href":"https:\/\/www.retrobuddys.com\/fr\/wp-json\/wp\/v2\/product_tag?post=2171"}],"curies":[{"name":"wp","href":"https:\/\/api.w.org\/{rel}","templated":true}]}}