{"id":2153,"date":"2023-02-11T07:40:17","date_gmt":"2023-02-11T07:40:17","guid":{"rendered":"https:\/\/www.retrobuddys.com\/shop\/non class\u00e9\/set-lecteur-gotek-avec-ecran-096-et-bouton-rotatif-en-option-avec-cle-usb-adaptateur-de-disquette-et-selecteur-de-demarrage\/"},"modified":"2023-02-11T07:40:17","modified_gmt":"2023-02-11T07:40:17","slug":"set-gotek-lecteur-avec-0-96-affichage-et-bouton-tournant","status":"publish","type":"product","link":"https:\/\/www.retrobuddys.com\/fr\/shop\/mods-hw-amiga\/amiga-1000-fr\/set-gotek-lecteur-avec-0-96-affichage-et-bouton-tournant\/","title":{"rendered":"Set lecteur Gotek avec \u00e9cran 0,96&Prime; et bouton rotatif en option avec cl\u00e9 USB, adaptateur de disquette et s\u00e9lecteur de d\u00e9marrage"},"content":{"rendered":"<p><span style=\"font-family: Arial; font-size: large;\"><br \/>\n  <b>Lecteur Amiga Gotek avec \u00e9cran 0.96&Prime; et bouton rotatif<br \/>\nFloppy Emulator USB ADF Amiga <\/b><br \/>\n<\/span><b>500\/500+\/600\/1200\/2000<\/b><\/p>\n<p>\u00c9mulateur de disquette USB Gotek pour la lecture directe de fichiers ADF \u00e0 partir d&rsquo;une cl\u00e9 USB.<br \/>\nUn \u00e9cran OLED de 0,96&Prime;(24,38mm) avec une r\u00e9solution de 128&#215;64 caract\u00e8res sur un maximum de 4 lignes est install\u00e9. De plus, un bouton rotatif permet de s\u00e9lectionner facilement le fichier concern\u00e9.<br \/>\nLe bo\u00eetier est une impression 3D de haute qualit\u00e9. C&rsquo;est pourquoi l&rsquo;\u00e9cran ne d\u00e9passe pas et le bo\u00eetier ne n\u00e9cessite pas d&rsquo;incisions.<br \/>\nLa couleur du bouton rotatif (orange, bleu ou m\u00e9tallique) et du bo\u00eetier (beige, noir, RAL 9016, gris, transparent, argent) peut \u00eatre choisie.<br \/>\n\u00c9mulateur de disquette Gotek pour lire les fichiers ADF directement depuis une cl\u00e9 USB<br \/>\nLe lecteur a d\u00e9j\u00e0 install\u00e9 le firmware FlashFloppy 3.39 actuel. Vous trouverez des d\u00e9tails sur le firmware FlashFloppy ici =&gt; https:\/\/github.com\/keirf\/flashfloppy<\/p>\n<p><b>Comment utiliser le lecteur Gotek ?<\/b><\/p>\n<p>C&rsquo;est tr\u00e8s simple : il suffit de remplacer le lecteur de disquettes d&rsquo;origine par ce lecteur de disquettes USB ou de le connecter via un adaptateur externe. Vous devez copier vos fichiers ADF pr\u00e9f\u00e9r\u00e9s sur une cl\u00e9 USB du PC. L&rsquo;\u00e9cran OLED fournit, outre le nom du fichier actuel, d&rsquo;autres informations sur le processus de chargement.<strong><br \/>\n<\/strong><\/p>\n<p><strong>Contenu de la livraison :<\/strong><\/p>\n<ul>\n<li>\u00c9mulateur de disquette USB GOTEK avec firmware actuel (3.39)<\/li>\n<li>Chipset Artery AT32F435<\/li>\n<li>\u00c9cran OLED de 0,96&Prime; (24,38 mm) avec une r\u00e9solution de 128&#215;64 caract\u00e8res sur 4 lignes au maximum<\/li>\n<li>bouton rotatif avec bouton de votre choix (m\u00e9tallique, bleu, orange)<\/li>\n<li>adaptateur de disquette externe en option<\/li>\n<li>s\u00e9lecteur de bateau en option<\/li>\n<li>c\u00e2ble en option<\/li>\n<li>cl\u00e9 USB en option<\/li>\n<li>Courtes instructions imprim\u00e9es<\/li>\n<\/ul>\n<p><strong>Attention !<\/strong><\/p>\n<p>Le lecteur est un peu plus grand qu&rsquo;un lecteur 3.5&Prime; standard (lecteur PC standard) avec cache. Il ne rentre donc pas dans une baie 3,5&Prime; (Amiga 2000, Amiga 1200, versions tour).<\/p>\n<p>Vous pouvez \u00e9galement vous procurer chez nous de longs c\u00e2bles pour disquettes, des s\u00e9lecteurs de d\u00e9marrage DF0 DF1, des cl\u00e9s USB, des c\u00e2bles d&rsquo;alimentation, des adaptateurs externes et bien d&rsquo;autres choses encore. N&rsquo;h\u00e9sitez pas \u00e0 nous contacter.<\/p>\n","protected":false},"excerpt":{"rendered":"<p>Amiga Gotek lecteur de disquette \u00e9mulateur USB noir Amiga 500\/500+\/600\/1<wbr><\/wbr>200\/2000<\/p>\n","protected":false},"featured_media":1596,"template":"","meta":[],"product_brand":[],"product_cat":[256,220,233,219,217],"product_tag":[225,226],"class_list":{"0":"post-2153","1":"product","2":"type-product","3":"status-publish","4":"has-post-thumbnail","6":"product_cat-amiga-1000-fr","7":"product_cat-amiga-2000-fr","8":"product_cat-amiga-500-fr","9":"product_cat-gotek-fr","10":"product_cat-mods-hw-amiga","11":"product_tag-amiga-fr","12":"product_tag-gotek-fr","13":"product_shipping_class-dhl-fr","15":"first","16":"instock","17":"taxable","18":"shipping-taxable","19":"purchasable","20":"product-type-variable","21":"has-default-attributes"},"origins":[],"jetpack_sharing_enabled":true,"_links":{"self":[{"href":"https:\/\/www.retrobuddys.com\/fr\/wp-json\/wp\/v2\/product\/2153","targetHints":{"allow":["GET"]}}],"collection":[{"href":"https:\/\/www.retrobuddys.com\/fr\/wp-json\/wp\/v2\/product"}],"about":[{"href":"https:\/\/www.retrobuddys.com\/fr\/wp-json\/wp\/v2\/types\/product"}],"wp:featuredmedia":[{"embeddable":true,"href":"https:\/\/www.retrobuddys.com\/fr\/wp-json\/wp\/v2\/media\/1596"}],"wp:attachment":[{"href":"https:\/\/www.retrobuddys.com\/fr\/wp-json\/wp\/v2\/media?parent=2153"}],"wp:term":[{"taxonomy":"product_brand","embeddable":true,"href":"https:\/\/www.retrobuddys.com\/fr\/wp-json\/wp\/v2\/product_brand?post=2153"},{"taxonomy":"product_cat","embeddable":true,"href":"https:\/\/www.retrobuddys.com\/fr\/wp-json\/wp\/v2\/product_cat?post=2153"},{"taxonomy":"product_tag","embeddable":true,"href":"https:\/\/www.retrobuddys.com\/fr\/wp-json\/wp\/v2\/product_tag?post=2153"}],"curies":[{"name":"wp","href":"https:\/\/api.w.org\/{rel}","templated":true}]}}