{"id":2148,"date":"2022-12-21T07:56:29","date_gmt":"2022-12-21T07:56:29","guid":{"rendered":"https:\/\/www.retrobuddys.com\/shop\/non%20class\u00e9\/switchless-amiga-bootselector-df0-df1\/"},"modified":"2026-02-08T15:56:49","modified_gmt":"2026-02-08T15:56:49","slug":"switchless-amiga-bootselector-df0-df1","status":"publish","type":"product","link":"https:\/\/www.retrobuddys.com\/fr\/shop\/mods-hw-amiga\/amiga-1000-fr\/switchless-amiga-bootselector-df0-df1\/","title":{"rendered":"Switchless Amiga Bootselector DF0 \/ DF1"},"content":{"rendered":"<p><b>S\u00e9lecteur de d\u00e9marrage DF0 DF1 pour Amiga 500 \/ Amiga 500+ \/ Amiga 2000<\/b><\/p>\n<div>Nouveau mod\u00e8le avec des broches longues.<\/div>\n<div>Il s&rsquo;installe dans le socle \u00ab\u00a0even CIA(B)\u00a0\u00bb (l&rsquo;Amiga doit \u00eatre d\u00e9viss\u00e9).<\/div>\n<div><\/div>\n<div>Ce s\u00e9lecteur d&rsquo;amor\u00e7age permet d&rsquo;amorcer au choix DF0 ou DF1. Il est donc possible de d\u00e9marrer \u00e0 partir d&rsquo;un lecteur Gotek ou d&rsquo;autres lecteurs externes.<\/div>\n<div><\/div>\n<div>L&rsquo;Amiga doit \u00eatre d\u00e9viss\u00e9 pour l&rsquo;installation et la puce CIA doit \u00eatre re-socket\u00e9e avec pr\u00e9caution.<\/div>\n<div>Instructions de montage fournies avec le s\u00e9lecteur de bateau.<\/div>\n<div><\/div>\n<div>Nous nous chargeons volontiers de l&rsquo;installation pour vous - le co\u00fbt de l&rsquo;installation est de 30 \u20ac.<\/div>\n<div><\/div>\n","protected":false},"excerpt":{"rendered":"<p>S\u00e9lecteur de d\u00e9marrage DF0 DF1 pour Amiga 500 \/ Amiga 500+ \/ Amiga 2000 Nouveau mod\u00e8le avec des broches longues. Il s&rsquo;installe dans le socle \u00ab\u00a0even CIA(B)\u00a0\u00bb (l&rsquo;Amiga doit \u00eatre d\u00e9viss\u00e9). Ce s\u00e9lecteur d&rsquo;amor\u00e7age permet d&rsquo;amorcer au choix DF0 ou DF1. Il est donc possible de d\u00e9marrer \u00e0 partir d&rsquo;un lecteur Gotek ou d&rsquo;autres lecteurs [&#8230;]\n","protected":false},"featured_media":1593,"template":"","meta":[],"product_brand":[],"product_cat":[256,220,233,217],"product_tag":[],"class_list":{"0":"post-2148","1":"product","2":"type-product","3":"status-publish","4":"has-post-thumbnail","6":"product_cat-amiga-1000-fr","7":"product_cat-amiga-2000-fr","8":"product_cat-amiga-500-fr","9":"product_cat-mods-hw-amiga","10":"product_shipping_class-maxi-lettre","12":"first","13":"instock","14":"taxable","15":"shipping-taxable","16":"purchasable","17":"product-type-variable","18":"has-default-attributes"},"origins":[],"jetpack_sharing_enabled":true,"_links":{"self":[{"href":"https:\/\/www.retrobuddys.com\/fr\/wp-json\/wp\/v2\/product\/2148","targetHints":{"allow":["GET"]}}],"collection":[{"href":"https:\/\/www.retrobuddys.com\/fr\/wp-json\/wp\/v2\/product"}],"about":[{"href":"https:\/\/www.retrobuddys.com\/fr\/wp-json\/wp\/v2\/types\/product"}],"wp:featuredmedia":[{"embeddable":true,"href":"https:\/\/www.retrobuddys.com\/fr\/wp-json\/wp\/v2\/media\/1593"}],"wp:attachment":[{"href":"https:\/\/www.retrobuddys.com\/fr\/wp-json\/wp\/v2\/media?parent=2148"}],"wp:term":[{"taxonomy":"product_brand","embeddable":true,"href":"https:\/\/www.retrobuddys.com\/fr\/wp-json\/wp\/v2\/product_brand?post=2148"},{"taxonomy":"product_cat","embeddable":true,"href":"https:\/\/www.retrobuddys.com\/fr\/wp-json\/wp\/v2\/product_cat?post=2148"},{"taxonomy":"product_tag","embeddable":true,"href":"https:\/\/www.retrobuddys.com\/fr\/wp-json\/wp\/v2\/product_tag?post=2148"}],"curies":[{"name":"wp","href":"https:\/\/api.w.org\/{rel}","templated":true}]}}