{"id":2147,"date":"2023-02-18T08:42:14","date_gmt":"2023-02-18T08:42:14","guid":{"rendered":"https:\/\/www.retrobuddys.com\/shop\/non%20class\u00e9\/amiga-500-rev-6a8a-recap-kit\/"},"modified":"2026-02-22T09:10:48","modified_gmt":"2026-02-22T09:10:48","slug":"amiga-500-rev-6a8a-recap-kit","status":"publish","type":"product","link":"https:\/\/www.retrobuddys.com\/fr\/shop\/mods-hw-amiga\/amiga-500-fr\/amiga-500-rev-6a8a-recap-kit\/","title":{"rendered":"Amiga 500 Rev 6A Recap Kit"},"content":{"rendered":"<h1>Amiga 500 Rev 6a Recap Kit<\/h1>\n<p>Nouveaux condensateurs haut de gamme pour la carte Amiga 500 r\u00e9vision 6a. Remplacez les condensateurs de votre Amiga avant qu&rsquo;il ne soit trop tard et que les condensateurs d&rsquo;origine, vieux de 30+ ans, ne coulent et ne causent de gros d\u00e9g\u00e2ts sur la carte m\u00e8re.<\/p>\n<p><strong>17 condensateurs pour la Rev 6a :<\/strong><\/p>\n<ul>\n<li>2x 3300 uF, 16V<\/li>\n<li>1x 470 uF, 16V<\/li>\n<li>6x 100 uF 16V<\/li>\n<li>2x 47 uF, 25V<\/li>\n<li>4x 22 uF, 35V<\/li>\n<li>2x 10 uF, 50V<\/li>\n<\/ul>\n<p>Nous utilisons exclusivement des condensateurs Rubycon et W\u00fcrth.<br \/>\nVeuillez noter que le remplacement des condensateurs doit \u00eatre effectu\u00e9 exclusivement par un professionnel. Nous n&rsquo;assumons aucune garantie en cas d&rsquo;installation incorrecte.<\/p>\n","protected":false},"excerpt":{"rendered":"<p>Amiga 500 Rev 6a Recap Kit Nouveaux condensateurs haut de gamme pour la carte Amiga 500 r\u00e9vision 6a. Remplacez les condensateurs de votre Amiga avant qu&rsquo;il ne soit trop tard et que les condensateurs d&rsquo;origine, vieux de 30+ ans, ne coulent et ne causent de gros d\u00e9g\u00e2ts sur la carte m\u00e8re. 17 condensateurs pour la [&#8230;]\n","protected":false},"featured_media":1656,"template":"","meta":[],"product_brand":[],"product_cat":[233,274,255,217,257],"product_tag":[276,279,278,277],"class_list":{"0":"post-2147","1":"product","2":"type-product","3":"status-publish","4":"has-post-thumbnail","6":"product_cat-amiga-500-fr","7":"product_cat-cables-et-petites-pieces","8":"product_cat-divers","9":"product_cat-mods-hw-amiga","10":"product_cat-pcb-circuits-imprimes","11":"product_tag-amiga-500-fr","12":"product_tag-condensateurs","13":"product_tag-kit-fr","14":"product_tag-recap-fr","15":"product_shipping_class-maxi-lettre","17":"first","18":"instock","19":"taxable","20":"shipping-taxable","21":"purchasable","22":"product-type-simple"},"origins":[],"jetpack_sharing_enabled":true,"_links":{"self":[{"href":"https:\/\/www.retrobuddys.com\/fr\/wp-json\/wp\/v2\/product\/2147","targetHints":{"allow":["GET"]}}],"collection":[{"href":"https:\/\/www.retrobuddys.com\/fr\/wp-json\/wp\/v2\/product"}],"about":[{"href":"https:\/\/www.retrobuddys.com\/fr\/wp-json\/wp\/v2\/types\/product"}],"wp:featuredmedia":[{"embeddable":true,"href":"https:\/\/www.retrobuddys.com\/fr\/wp-json\/wp\/v2\/media\/1656"}],"wp:attachment":[{"href":"https:\/\/www.retrobuddys.com\/fr\/wp-json\/wp\/v2\/media?parent=2147"}],"wp:term":[{"taxonomy":"product_brand","embeddable":true,"href":"https:\/\/www.retrobuddys.com\/fr\/wp-json\/wp\/v2\/product_brand?post=2147"},{"taxonomy":"product_cat","embeddable":true,"href":"https:\/\/www.retrobuddys.com\/fr\/wp-json\/wp\/v2\/product_cat?post=2147"},{"taxonomy":"product_tag","embeddable":true,"href":"https:\/\/www.retrobuddys.com\/fr\/wp-json\/wp\/v2\/product_tag?post=2147"}],"curies":[{"name":"wp","href":"https:\/\/api.w.org\/{rel}","templated":true}]}}