{"id":2143,"date":"2023-02-13T08:31:14","date_gmt":"2023-02-13T08:31:14","guid":{"rendered":"https:\/\/www.retrobuddys.com\/shop\/non class\u00e9\/4x-amiga-500-6a-kickstart-switcher-eeprom-et-kick-1-32-03-1-et-diagrom\/"},"modified":"2023-02-13T08:31:14","modified_gmt":"2023-02-13T08:31:14","slug":"4-fach-amiga-500-6a-kickstart-switcher-eeprom-und-kick-1-32-03-1-und-diagrom","status":"publish","type":"product","link":"https:\/\/www.retrobuddys.com\/fr\/shop\/mods-hw-amiga\/amiga-2000-fr\/4-fach-amiga-500-6a-kickstart-switcher-eeprom-und-kick-1-32-03-1-und-diagrom\/","title":{"rendered":"4x Amiga 500 6a Kickstart Switcher &amp; EEprom et Kick 1.3,2.0,3.1 et DiagRom"},"content":{"rendered":"<h1>Amiga 500 R\u00e9v 6a\/8a Switcher Kickstart quadruple avec 27C160 EEprom et Kickstart 1.3, 2.0, 3.1 et DiagRom 1.21<\/h1>\n<p>!<strong>Attention ! apr\u00e8s l&rsquo;achat, vous devez prouver de mani\u00e8re cr\u00e9dible une licence existante pour les 3 versions Kickstart<\/strong> (Cloanto ou autre) ! Si vous n&rsquo;avez pas de licence pour les versions Kickstart, vous pouvez vous les procurer aupr\u00e8s de Cloanto (entre-temps, malheureusement, version \u00ab\u00a0Plus\u00a0\u00bb).<\/p>\n<p>Diagnostic-Amiga-ROM par John Hertell. Pour plus d&rsquo;informations, voir : www.diagrom.com.<br \/>\nNous n&rsquo;utilisons que des EEproms de haute qualit\u00e9 de la s\u00e9rie 27C160 et nous les sockons sur un socle 42pin de haute qualit\u00e9 avec des broches torsad\u00e9es.<br \/>\nVeuillez noter : Pour Amiga 500 Rev.5 carte m\u00e8re, il faut utiliser un autre commutateur. Vous le trouverez sous nos articles.<\/p>\n<p>Si vous souhaitez une autre combinaison Kickstart sur l&rsquo;EEprom, n&rsquo;h\u00e9sitez pas \u00e0 nous contacter.<\/p>\n<p>Contenu de la livraison :<\/p>\n<ul>\n<li>Kickstart Switcher pour Amiga 500 Rev 6a \/ Amiga 500 Rev8a \/ Amiga 500+<\/li>\n<li>27C160 EEprom avec 3 versions de kickstart + DiagRom1.21<\/li>\n<li>2 commutateurs<\/li>\n<li>Instructions de montage en allemand<\/li>\n<\/ul>\n","protected":false},"excerpt":{"rendered":"<p>Amiga 500 R\u00e9v 6a\/8a Switcher Kickstart quadruple avec 27C160 EEprom et Kickstart 1.3, 2.0, 3.1 et DiagRom 1.21 !Attention ! apr\u00e8s l&rsquo;achat, vous devez prouver de mani\u00e8re cr\u00e9dible une licence existante pour les 3 versions Kickstart (Cloanto ou autre) ! Si vous n&rsquo;avez pas de licence pour les versions Kickstart, vous pouvez vous les procurer [&#8230;]\n","protected":false},"featured_media":1641,"template":"","meta":[],"product_brand":[],"product_cat":[220,233,217],"product_tag":[],"class_list":{"0":"post-2143","1":"product","2":"type-product","3":"status-publish","4":"has-post-thumbnail","6":"product_cat-amiga-2000-fr","7":"product_cat-amiga-500-fr","8":"product_cat-mods-hw-amiga","9":"product_shipping_class-maxi-lettre","11":"first","12":"instock","13":"taxable","14":"shipping-taxable","15":"purchasable","16":"product-type-simple"},"jetpack_sharing_enabled":true,"_links":{"self":[{"href":"https:\/\/www.retrobuddys.com\/fr\/wp-json\/wp\/v2\/product\/2143","targetHints":{"allow":["GET"]}}],"collection":[{"href":"https:\/\/www.retrobuddys.com\/fr\/wp-json\/wp\/v2\/product"}],"about":[{"href":"https:\/\/www.retrobuddys.com\/fr\/wp-json\/wp\/v2\/types\/product"}],"wp:featuredmedia":[{"embeddable":true,"href":"https:\/\/www.retrobuddys.com\/fr\/wp-json\/wp\/v2\/media\/1641"}],"wp:attachment":[{"href":"https:\/\/www.retrobuddys.com\/fr\/wp-json\/wp\/v2\/media?parent=2143"}],"wp:term":[{"taxonomy":"product_brand","embeddable":true,"href":"https:\/\/www.retrobuddys.com\/fr\/wp-json\/wp\/v2\/product_brand?post=2143"},{"taxonomy":"product_cat","embeddable":true,"href":"https:\/\/www.retrobuddys.com\/fr\/wp-json\/wp\/v2\/product_cat?post=2143"},{"taxonomy":"product_tag","embeddable":true,"href":"https:\/\/www.retrobuddys.com\/fr\/wp-json\/wp\/v2\/product_tag?post=2143"}],"curies":[{"name":"wp","href":"https:\/\/api.w.org\/{rel}","templated":true}]}}