{"id":2109,"date":"2023-02-11T14:14:02","date_gmt":"2023-02-11T14:14:02","guid":{"rendered":"https:\/\/www.retrobuddys.com\/shop\/non%20class\u00e9\/adaptateur-amiga-600-1200-cf-compact-flash-hd-cable-de-5cm-inclus\/"},"modified":"2026-02-08T15:56:58","modified_gmt":"2026-02-08T15:56:58","slug":"amiga-600-1200-cf-compact-flash-hd-adapter-inkl-5cm-kabel","status":"publish","type":"product","link":"https:\/\/www.retrobuddys.com\/fr\/shop\/cables-et-petites-pieces\/amiga-600-1200-cf-compact-flash-hd-adapter-inkl-5cm-kabel\/","title":{"rendered":"Adaptateur Amiga 600\/1200 CF Compact Flash HD, c\u00e2ble de 5cm inclus"},"content":{"rendered":"<h1><strong><span style=\"font-family: Verdana;\">Amiga 600 \/ Amiga 1200  <\/span><\/strong><\/h1>\n<div><\/div>\n<div><span style=\"font-family: Verdana;\">Adaptateur Compact Flash pour connecteur IDE HD avec c\u00e2ble.<\/span><\/div>\n<div><span style=\"font-family: Verdana;\">Prend en charge le mode ma\u00eetre et le mode esclave.<\/span><\/div>\n<div><span style=\"font-family: Verdana;\">incl. c\u00e2ble de 5 cm<\/span><\/div>\n<div><span style=\"font-family: Verdana;\">Pas de raccordement \u00e9lectrique suppl\u00e9mentaire.  <\/span><\/div>\n","protected":false},"excerpt":{"rendered":"<p>Amiga 600 \/ Amiga 1200 Adaptateur Compact Flash pour connecteur IDE HD avec c\u00e2ble. Prend en charge le mode ma\u00eetre et le mode esclave. incl. c\u00e2ble de 5 cm Pas de raccordement \u00e9lectrique suppl\u00e9mentaire.<\/p>\n","protected":false},"featured_media":1623,"template":"","meta":[],"product_brand":[],"product_cat":[274],"product_tag":[326,328,282,332,330,334],"class_list":{"0":"post-2109","1":"product","2":"type-product","3":"status-publish","4":"has-post-thumbnail","6":"product_cat-cables-et-petites-pieces","7":"product_tag-adaptateur","8":"product_tag-amiga-1200-fr","9":"product_tag-amiga-600-fr","10":"product_tag-cf-fr","11":"product_tag-cf-hd-fr","12":"product_tag-compace-flash-fr","13":"product_shipping_class-grande-lettre","15":"first","16":"instock","17":"taxable","18":"shipping-taxable","19":"purchasable","20":"product-type-simple"},"jetpack_sharing_enabled":true,"_links":{"self":[{"href":"https:\/\/www.retrobuddys.com\/fr\/wp-json\/wp\/v2\/product\/2109","targetHints":{"allow":["GET"]}}],"collection":[{"href":"https:\/\/www.retrobuddys.com\/fr\/wp-json\/wp\/v2\/product"}],"about":[{"href":"https:\/\/www.retrobuddys.com\/fr\/wp-json\/wp\/v2\/types\/product"}],"wp:featuredmedia":[{"embeddable":true,"href":"https:\/\/www.retrobuddys.com\/fr\/wp-json\/wp\/v2\/media\/1623"}],"wp:attachment":[{"href":"https:\/\/www.retrobuddys.com\/fr\/wp-json\/wp\/v2\/media?parent=2109"}],"wp:term":[{"taxonomy":"product_brand","embeddable":true,"href":"https:\/\/www.retrobuddys.com\/fr\/wp-json\/wp\/v2\/product_brand?post=2109"},{"taxonomy":"product_cat","embeddable":true,"href":"https:\/\/www.retrobuddys.com\/fr\/wp-json\/wp\/v2\/product_cat?post=2109"},{"taxonomy":"product_tag","embeddable":true,"href":"https:\/\/www.retrobuddys.com\/fr\/wp-json\/wp\/v2\/product_tag?post=2109"}],"curies":[{"name":"wp","href":"https:\/\/api.w.org\/{rel}","templated":true}]}}